{"id":1160,"date":"2024-06-28T11:04:53","date_gmt":"2024-06-28T11:04:53","guid":{"rendered":"http:\/\/hotelklaustur.web23.vefold.is\/ahugaverdir-stadir\/stjornarfoss\/"},"modified":"2025-09-01T13:37:58","modified_gmt":"2025-09-01T13:37:58","slug":"stjornarfoss","status":"publish","type":"page","link":"https:\/\/hotelklaustur.is\/is\/ahugaverdir-stadir\/stjornarfoss\/","title":{"rendered":"Stj\u00f3rnarfoss"},"content":{"rendered":"\n\t<section class=\"section breadcrumbs-section\" id=\"section_1019264073\">\n\t\t<div class=\"section-bg fill\" >\n\t\t\t\t\t\t\t\t\t\n\t\t\t\n\n\t\t<\/div>\n\n\t\t\n\n\t\t<div class=\"section-content relative\">\n\t\t\t\n<div class=\"row row-collapse align-middle align-center\"  id=\"row-1890902661\">\n\n\t<div id=\"col-919945083\" class=\"col small-12 large-12\"  >\n\t\t\t\t<div class=\"col-inner\"  >\n\t\t\t\n\t\t\t\n<span><span><a href=\"https:\/\/hotelklaustur.is\/is\/\">Heim<\/a><\/span><\/span>\n\t\t<\/div>\n\t\t\t\t\t<\/div>\n\n\t\n<\/div>\n\t\t<\/div>\n\n\t\t\n<style>\n#section_1019264073 {\n  padding-top: 0px;\n  padding-bottom: 0px;\n  background-color: rgba(10, 10, 10, 0.9);\n}\n<\/style>\n\t<\/section>\n\t\n\n\t<section class=\"section\" id=\"section_1827188646\">\n\t\t<div class=\"section-bg fill\" >\n\t\t\t\t\t\t\t\t\t\n\t\t\t\n\n\t\t<\/div>\n\n\t\t\n\n\t\t<div class=\"section-content relative\">\n\t\t\t\n<div class=\"row row-collapse row-full-width align-middle align-center\"  id=\"row-1147882510\">\n\n\t<div id=\"col-1982638754\" class=\"col medium-6 small-12 large-6\"  >\n\t\t\t\t<div class=\"col-inner\"  >\n\t\t\t\n\t\t\t\n\t<div class=\"img has-hover x md-x lg-x y md-y lg-y\" id=\"image_1820928808\">\n\t\t<a class=\"image-lightbox lightbox-gallery\" title=\"\" href=\"https:\/\/hotelklaustur.is\/wp-content\/uploads\/2025\/05\/stjornarfoss-waterfall.jpg\">\t\t\t\t\t\t<div class=\"img-inner dark\" >\n\t\t\t<img loading=\"lazy\" decoding=\"async\" width=\"1020\" height=\"680\" src=\"https:\/\/hotelklaustur.is\/wp-content\/uploads\/2025\/05\/stjornarfoss-waterfall-1024x683.jpg\" class=\"attachment-large size-large\" alt=\"Stj\u00f3rnarfoss waterfall in Iceland\" srcset=\"https:\/\/hotelklaustur.is\/wp-content\/uploads\/2025\/05\/stjornarfoss-waterfall-1024x683.jpg 1024w, https:\/\/hotelklaustur.is\/wp-content\/uploads\/2025\/05\/stjornarfoss-waterfall-300x200.jpg 300w, https:\/\/hotelklaustur.is\/wp-content\/uploads\/2025\/05\/stjornarfoss-waterfall-768x512.jpg 768w, https:\/\/hotelklaustur.is\/wp-content\/uploads\/2025\/05\/stjornarfoss-waterfall-1536x1024.jpg 1536w, https:\/\/hotelklaustur.is\/wp-content\/uploads\/2025\/05\/stjornarfoss-waterfall.jpg 1600w\" sizes=\"auto, (max-width: 1020px) 100vw, 1020px\" \/>\t\t\t\t\t\t\n\t\t\t\t\t<\/div>\n\t\t\t\t\t\t<\/a>\t\t\n<style>\n#image_1820928808 {\n  width: 100%;\n}\n<\/style>\n\t<\/div>\n\t\n\t\t<\/div>\n\t\t\t\t\t<\/div>\n\n\t\n\n\t<div id=\"col-758966316\" class=\"col medium-6 small-12 large-6\"  >\n\t\t\t\t<div class=\"col-inner\"  >\n\t\t\t\n\t\t\t\n<div class=\"row align-center\"  id=\"row-684159516\">\n\n\t<div id=\"col-1195930281\" class=\"col medium-9 small-12 large-9\"  >\n\t\t\t\t<div class=\"col-inner\"  >\n\t\t\t\n\t\t\t\n\t<div id=\"text-2571356536\" class=\"text hero attraction-text\">\n\t\t\n<h1>Stj\u00f3rnarfoss<\/h1>\n<p style=\"max-width: 650px;\">Stj\u00f3rnarfoss er l\u00edtill en afar fallegur foss sem stutt er a\u00f0 heims\u00e6kja fr\u00e1 Klaustri. Fossinn er hluti af \u00e1nni Stj\u00f3rn\u00e1 sem \u00e1 uppt\u00f6k s\u00edn \u00ed Geirlandshrauni. Stj\u00f3rnarfoss er a\u00f0 okkar mati falinn geimsteinn, \u00fev\u00ed hann er ekki einn af \u00feekktari fossum \u00e1 Su\u00f0urlandi en fallegur er hann og algj\u00f6rlega \u00feess vir\u00f0i a\u00f0 heims\u00e6kja!<\/p>\n\t\t\n<style>\n#text-2571356536 {\n  color: rgb(0,0,0);\n}\n#text-2571356536 > * {\n  color: rgb(0,0,0);\n}\n<\/style>\n\t<\/div>\n\t\n\t\t<\/div>\n\t\t\t\t\t<\/div>\n\n\t\n\n\t<div id=\"col-735152676\" class=\"col medium-9 small-12 large-9\"  >\n\t\t\t\t<div class=\"col-inner text-left\"  >\n\t\t\t\n\t\t\t\n<a href=\"https:\/\/www.google.is\/maps\/place\/Stj%C3%B3rnarfoss\/@63.799752,-18.0613013,15z\/data=!4m2!3m1!1s0x0:0x2ee02764392d0c12?ved=2ahUKEwigstPOqILfAhVizIMKHbWqCu4Q_BIwEnoECAoQCA\" target=\"_blank\" class=\"button primary is-outline is-large\" rel=\"noopener\" style=\"border-radius:11px;\">\n\t<i class=\"icon-map-pin-fill\" aria-hidden=\"true\"><\/i>\t<span>Sko\u00f0a \u00e1 korti<\/span>\n\t<\/a>\n\n\t\t<\/div>\n\t\t\t\t\t<\/div>\n\n\t\n<\/div>\n\t\t<\/div>\n\t\t\t\t\t<\/div>\n\n\t\n<\/div>\n\t\t<\/div>\n\n\t\t\n<style>\n#section_1827188646 {\n  padding-top: 0px;\n  padding-bottom: 0px;\n}\n<\/style>\n\t<\/section>\n\t\n\n\t<section class=\"section\" id=\"section_1499352046\">\n\t\t<div class=\"section-bg fill\" >\n\t\t\t\t\t\t\t\t\t\n\t\t\t\n\n\t\t<\/div>\n\n\t\t\n\n\t\t<div class=\"section-content relative\">\n\t\t\t\n<div class=\"row\"  id=\"row-172713201\">\n\n\t<div id=\"col-674959061\" class=\"col medium-6 small-12 large-6\"  >\n\t\t\t\t<div class=\"col-inner\"  >\n\t\t\t\n\t\t\t\n\t<div class=\"img has-hover x md-x lg-x y md-y lg-y\" id=\"image_468745418\">\n\t\t<a class=\"image-lightbox lightbox-gallery\" title=\"\" href=\"https:\/\/hotelklaustur.is\/wp-content\/uploads\/2025\/09\/stjornarfoss-iceland.jpg\">\t\t\t\t\t\t<div class=\"img-inner dark\" >\n\t\t\t<img loading=\"lazy\" decoding=\"async\" width=\"1020\" height=\"680\" src=\"https:\/\/hotelklaustur.is\/wp-content\/uploads\/2025\/09\/stjornarfoss-iceland-1024x683.jpg\" class=\"attachment-large size-large\" alt=\"Stjornafoss\" srcset=\"https:\/\/hotelklaustur.is\/wp-content\/uploads\/2025\/09\/stjornarfoss-iceland-1024x683.jpg 1024w, https:\/\/hotelklaustur.is\/wp-content\/uploads\/2025\/09\/stjornarfoss-iceland-300x200.jpg 300w, https:\/\/hotelklaustur.is\/wp-content\/uploads\/2025\/09\/stjornarfoss-iceland-768x512.jpg 768w, https:\/\/hotelklaustur.is\/wp-content\/uploads\/2025\/09\/stjornarfoss-iceland-1536x1024.jpg 1536w, https:\/\/hotelklaustur.is\/wp-content\/uploads\/2025\/09\/stjornarfoss-iceland.jpg 1600w\" sizes=\"auto, (max-width: 1020px) 100vw, 1020px\" \/>\t\t\t\t\t\t\n\t\t\t\t\t<\/div>\n\t\t\t\t\t\t<\/a>\t\t\n<style>\n#image_468745418 {\n  width: 100%;\n}\n<\/style>\n\t<\/div>\n\t\n\t\t<\/div>\n\t\t\t\t\t<\/div>\n\n\t\n\n\t<div id=\"col-1582874454\" class=\"col medium-6 small-12 large-6\"  >\n\t\t\t\t<div class=\"col-inner\"  >\n\t\t\t\n\t\t\t\n\t<div class=\"img has-hover x md-x lg-x y md-y lg-y\" id=\"image_505952346\">\n\t\t<a class=\"image-lightbox lightbox-gallery\" title=\"\" href=\"https:\/\/hotelklaustur.is\/wp-content\/uploads\/2025\/05\/stjornarfoss.jpg\">\t\t\t\t\t\t<div class=\"img-inner dark\" >\n\t\t\t<img loading=\"lazy\" decoding=\"async\" width=\"1020\" height=\"680\" src=\"https:\/\/hotelklaustur.is\/wp-content\/uploads\/2025\/05\/stjornarfoss-1024x683.jpg\" class=\"attachment-large size-large\" alt=\"Stj\u00f3rnarfoss\" srcset=\"https:\/\/hotelklaustur.is\/wp-content\/uploads\/2025\/05\/stjornarfoss-1024x683.jpg 1024w, https:\/\/hotelklaustur.is\/wp-content\/uploads\/2025\/05\/stjornarfoss-300x200.jpg 300w, https:\/\/hotelklaustur.is\/wp-content\/uploads\/2025\/05\/stjornarfoss-768x512.jpg 768w, https:\/\/hotelklaustur.is\/wp-content\/uploads\/2025\/05\/stjornarfoss-1536x1024.jpg 1536w, https:\/\/hotelklaustur.is\/wp-content\/uploads\/2025\/05\/stjornarfoss.jpg 1600w\" sizes=\"auto, (max-width: 1020px) 100vw, 1020px\" \/>\t\t\t\t\t\t\n\t\t\t\t\t<\/div>\n\t\t\t\t\t\t<\/a>\t\t\n<style>\n#image_505952346 {\n  width: 100%;\n}\n<\/style>\n\t<\/div>\n\t\n\t\t<\/div>\n\t\t\t\t\t<\/div>\n\n\t\n<\/div>\n\t\t<\/div>\n\n\t\t\n<style>\n#section_1499352046 {\n  padding-top: 50px;\n  padding-bottom: 50px;\n}\n<\/style>\n\t<\/section>\n\t\n","protected":false},"excerpt":{"rendered":"","protected":false},"author":1,"featured_media":1435,"parent":1140,"menu_order":0,"comment_status":"closed","ping_status":"closed","template":"","meta":{"_acf_changed":false,"inline_featured_image":false,"footnotes":""},"class_list":["post-1160","page","type-page","status-publish","has-post-thumbnail","hentry"],"acf":[],"yoast_head":"<!-- This site is optimized with the Yoast SEO plugin v27.3 - https:\/\/yoast.com\/product\/yoast-seo-wordpress\/ -->\n<title>Stj\u00f3rnarfoss - Hotel Klaustur<\/title>\n<meta name=\"description\" content=\"Stj\u00f3rnarfoss kann a\u00f0 vera l\u00edtill en hann er einn af fallegustu fossunum \u00e1 Su\u00f0urlandi og a\u00f0eins \u00f6rstuttur akstur a\u00f0 honum fr\u00e1 H\u00f3tel Klaustri.\" \/>\n<meta name=\"robots\" content=\"index, follow, max-snippet:-1, max-image-preview:large, max-video-preview:-1\" \/>\n<link rel=\"canonical\" href=\"https:\/\/hotelklaustur.is\/is\/ahugaverdir-stadir\/stjornarfoss\/\" \/>\n<meta property=\"og:locale\" content=\"is_IS\" \/>\n<meta property=\"og:type\" content=\"article\" \/>\n<meta property=\"og:title\" content=\"Stj\u00f3rnarfoss - Hotel Klaustur\" \/>\n<meta property=\"og:description\" content=\"Stj\u00f3rnarfoss kann a\u00f0 vera l\u00edtill en hann er einn af fallegustu fossunum \u00e1 Su\u00f0urlandi og a\u00f0eins \u00f6rstuttur akstur a\u00f0 honum fr\u00e1 H\u00f3tel Klaustri.\" \/>\n<meta property=\"og:url\" content=\"https:\/\/hotelklaustur.is\/is\/ahugaverdir-stadir\/stjornarfoss\/\" \/>\n<meta property=\"og:site_name\" content=\"Hotel Klaustur\" \/>\n<meta property=\"article:publisher\" content=\"https:\/\/www.facebook.com\/hotelklausturiceland\/\" \/>\n<meta property=\"article:modified_time\" content=\"2025-09-01T13:37:58+00:00\" \/>\n<meta property=\"og:image\" content=\"https:\/\/hotelklaustur.is\/wp-content\/uploads\/2025\/05\/stjornarfoss-waterfall.jpg\" \/>\n\t<meta property=\"og:image:width\" content=\"1600\" \/>\n\t<meta property=\"og:image:height\" content=\"1067\" \/>\n\t<meta property=\"og:image:type\" content=\"image\/jpeg\" \/>\n<meta name=\"twitter:card\" content=\"summary_large_image\" \/>\n<meta name=\"twitter:label1\" content=\"Est. reading time\" \/>\n\t<meta name=\"twitter:data1\" content=\"1 minute\" \/>\n<script type=\"application\/ld+json\" class=\"yoast-schema-graph\">{\"@context\":\"https:\\\/\\\/schema.org\",\"@graph\":[{\"@type\":\"WebPage\",\"@id\":\"https:\\\/\\\/hotelklaustur.is\\\/is\\\/ahugaverdir-stadir\\\/stjornarfoss\\\/\",\"url\":\"https:\\\/\\\/hotelklaustur.is\\\/is\\\/ahugaverdir-stadir\\\/stjornarfoss\\\/\",\"name\":\"Stj\u00f3rnarfoss - Hotel Klaustur\",\"isPartOf\":{\"@id\":\"https:\\\/\\\/hotelklaustur.is\\\/is\\\/#website\"},\"primaryImageOfPage\":{\"@id\":\"https:\\\/\\\/hotelklaustur.is\\\/is\\\/ahugaverdir-stadir\\\/stjornarfoss\\\/#primaryimage\"},\"image\":{\"@id\":\"https:\\\/\\\/hotelklaustur.is\\\/is\\\/ahugaverdir-stadir\\\/stjornarfoss\\\/#primaryimage\"},\"thumbnailUrl\":\"https:\\\/\\\/hotelklaustur.is\\\/wp-content\\\/uploads\\\/2025\\\/05\\\/stjornarfoss-waterfall.jpg\",\"datePublished\":\"2024-06-28T11:04:53+00:00\",\"dateModified\":\"2025-09-01T13:37:58+00:00\",\"description\":\"Stj\u00f3rnarfoss kann a\u00f0 vera l\u00edtill en hann er einn af fallegustu fossunum \u00e1 Su\u00f0urlandi og a\u00f0eins \u00f6rstuttur akstur a\u00f0 honum fr\u00e1 H\u00f3tel Klaustri.\",\"breadcrumb\":{\"@id\":\"https:\\\/\\\/hotelklaustur.is\\\/is\\\/ahugaverdir-stadir\\\/stjornarfoss\\\/#breadcrumb\"},\"inLanguage\":\"is\",\"potentialAction\":[{\"@type\":\"ReadAction\",\"target\":[\"https:\\\/\\\/hotelklaustur.is\\\/is\\\/ahugaverdir-stadir\\\/stjornarfoss\\\/\"]}]},{\"@type\":\"ImageObject\",\"inLanguage\":\"is\",\"@id\":\"https:\\\/\\\/hotelklaustur.is\\\/is\\\/ahugaverdir-stadir\\\/stjornarfoss\\\/#primaryimage\",\"url\":\"https:\\\/\\\/hotelklaustur.is\\\/wp-content\\\/uploads\\\/2025\\\/05\\\/stjornarfoss-waterfall.jpg\",\"contentUrl\":\"https:\\\/\\\/hotelklaustur.is\\\/wp-content\\\/uploads\\\/2025\\\/05\\\/stjornarfoss-waterfall.jpg\",\"width\":1600,\"height\":1067,\"caption\":\"Stj\u00f3rnarfoss waterfall in Iceland\"},{\"@type\":\"BreadcrumbList\",\"@id\":\"https:\\\/\\\/hotelklaustur.is\\\/is\\\/ahugaverdir-stadir\\\/stjornarfoss\\\/#breadcrumb\",\"itemListElement\":[{\"@type\":\"ListItem\",\"position\":1,\"name\":\"Heim\",\"item\":\"https:\\\/\\\/hotelklaustur.is\\\/is\\\/\"},{\"@type\":\"ListItem\",\"position\":2,\"name\":\"\u00c1hugaver\u00f0ir sta\u00f0ir\",\"item\":\"https:\\\/\\\/hotelklaustur.is\\\/is\\\/ahugaverdir-stadir\\\/\"},{\"@type\":\"ListItem\",\"position\":3,\"name\":\"Stj\u00f3rnarfoss\"}]},{\"@type\":\"WebSite\",\"@id\":\"https:\\\/\\\/hotelklaustur.is\\\/is\\\/#website\",\"url\":\"https:\\\/\\\/hotelklaustur.is\\\/is\\\/\",\"name\":\"Hotel Klaustur\",\"description\":\"\",\"publisher\":{\"@id\":\"https:\\\/\\\/hotelklaustur.is\\\/is\\\/#organization\"},\"potentialAction\":[{\"@type\":\"SearchAction\",\"target\":{\"@type\":\"EntryPoint\",\"urlTemplate\":\"https:\\\/\\\/hotelklaustur.is\\\/is\\\/?s={search_term_string}\"},\"query-input\":{\"@type\":\"PropertyValueSpecification\",\"valueRequired\":true,\"valueName\":\"search_term_string\"}}],\"inLanguage\":\"is\"},{\"@type\":\"Organization\",\"@id\":\"https:\\\/\\\/hotelklaustur.is\\\/is\\\/#organization\",\"name\":\"Hotel Klaustur\",\"url\":\"https:\\\/\\\/hotelklaustur.is\\\/is\\\/\",\"logo\":{\"@type\":\"ImageObject\",\"inLanguage\":\"is\",\"@id\":\"https:\\\/\\\/hotelklaustur.is\\\/is\\\/#\\\/schema\\\/logo\\\/image\\\/\",\"url\":\"https:\\\/\\\/hotelklaustur.is\\\/wp-content\\\/uploads\\\/2025\\\/05\\\/Logo.svg\",\"contentUrl\":\"https:\\\/\\\/hotelklaustur.is\\\/wp-content\\\/uploads\\\/2025\\\/05\\\/Logo.svg\",\"width\":196,\"height\":227,\"caption\":\"Hotel Klaustur\"},\"image\":{\"@id\":\"https:\\\/\\\/hotelklaustur.is\\\/is\\\/#\\\/schema\\\/logo\\\/image\\\/\"},\"sameAs\":[\"https:\\\/\\\/www.facebook.com\\\/hotelklausturiceland\\\/\",\"https:\\\/\\\/www.instagram.com\\\/hotel_klaustur_iceland\\\/\"]}]}<\/script>\n<!-- \/ Yoast SEO plugin. -->","yoast_head_json":{"title":"Stj\u00f3rnarfoss - Hotel Klaustur","description":"Stj\u00f3rnarfoss kann a\u00f0 vera l\u00edtill en hann er einn af fallegustu fossunum \u00e1 Su\u00f0urlandi og a\u00f0eins \u00f6rstuttur akstur a\u00f0 honum fr\u00e1 H\u00f3tel Klaustri.","robots":{"index":"index","follow":"follow","max-snippet":"max-snippet:-1","max-image-preview":"max-image-preview:large","max-video-preview":"max-video-preview:-1"},"canonical":"https:\/\/hotelklaustur.is\/is\/ahugaverdir-stadir\/stjornarfoss\/","og_locale":"is_IS","og_type":"article","og_title":"Stj\u00f3rnarfoss - Hotel Klaustur","og_description":"Stj\u00f3rnarfoss kann a\u00f0 vera l\u00edtill en hann er einn af fallegustu fossunum \u00e1 Su\u00f0urlandi og a\u00f0eins \u00f6rstuttur akstur a\u00f0 honum fr\u00e1 H\u00f3tel Klaustri.","og_url":"https:\/\/hotelklaustur.is\/is\/ahugaverdir-stadir\/stjornarfoss\/","og_site_name":"Hotel Klaustur","article_publisher":"https:\/\/www.facebook.com\/hotelklausturiceland\/","article_modified_time":"2025-09-01T13:37:58+00:00","og_image":[{"width":1600,"height":1067,"url":"https:\/\/hotelklaustur.is\/wp-content\/uploads\/2025\/05\/stjornarfoss-waterfall.jpg","type":"image\/jpeg"}],"twitter_card":"summary_large_image","twitter_misc":{"Est. reading time":"1 minute"},"schema":{"@context":"https:\/\/schema.org","@graph":[{"@type":"WebPage","@id":"https:\/\/hotelklaustur.is\/is\/ahugaverdir-stadir\/stjornarfoss\/","url":"https:\/\/hotelklaustur.is\/is\/ahugaverdir-stadir\/stjornarfoss\/","name":"Stj\u00f3rnarfoss - Hotel Klaustur","isPartOf":{"@id":"https:\/\/hotelklaustur.is\/is\/#website"},"primaryImageOfPage":{"@id":"https:\/\/hotelklaustur.is\/is\/ahugaverdir-stadir\/stjornarfoss\/#primaryimage"},"image":{"@id":"https:\/\/hotelklaustur.is\/is\/ahugaverdir-stadir\/stjornarfoss\/#primaryimage"},"thumbnailUrl":"https:\/\/hotelklaustur.is\/wp-content\/uploads\/2025\/05\/stjornarfoss-waterfall.jpg","datePublished":"2024-06-28T11:04:53+00:00","dateModified":"2025-09-01T13:37:58+00:00","description":"Stj\u00f3rnarfoss kann a\u00f0 vera l\u00edtill en hann er einn af fallegustu fossunum \u00e1 Su\u00f0urlandi og a\u00f0eins \u00f6rstuttur akstur a\u00f0 honum fr\u00e1 H\u00f3tel Klaustri.","breadcrumb":{"@id":"https:\/\/hotelklaustur.is\/is\/ahugaverdir-stadir\/stjornarfoss\/#breadcrumb"},"inLanguage":"is","potentialAction":[{"@type":"ReadAction","target":["https:\/\/hotelklaustur.is\/is\/ahugaverdir-stadir\/stjornarfoss\/"]}]},{"@type":"ImageObject","inLanguage":"is","@id":"https:\/\/hotelklaustur.is\/is\/ahugaverdir-stadir\/stjornarfoss\/#primaryimage","url":"https:\/\/hotelklaustur.is\/wp-content\/uploads\/2025\/05\/stjornarfoss-waterfall.jpg","contentUrl":"https:\/\/hotelklaustur.is\/wp-content\/uploads\/2025\/05\/stjornarfoss-waterfall.jpg","width":1600,"height":1067,"caption":"Stj\u00f3rnarfoss waterfall in Iceland"},{"@type":"BreadcrumbList","@id":"https:\/\/hotelklaustur.is\/is\/ahugaverdir-stadir\/stjornarfoss\/#breadcrumb","itemListElement":[{"@type":"ListItem","position":1,"name":"Heim","item":"https:\/\/hotelklaustur.is\/is\/"},{"@type":"ListItem","position":2,"name":"\u00c1hugaver\u00f0ir sta\u00f0ir","item":"https:\/\/hotelklaustur.is\/is\/ahugaverdir-stadir\/"},{"@type":"ListItem","position":3,"name":"Stj\u00f3rnarfoss"}]},{"@type":"WebSite","@id":"https:\/\/hotelklaustur.is\/is\/#website","url":"https:\/\/hotelklaustur.is\/is\/","name":"Hotel Klaustur","description":"","publisher":{"@id":"https:\/\/hotelklaustur.is\/is\/#organization"},"potentialAction":[{"@type":"SearchAction","target":{"@type":"EntryPoint","urlTemplate":"https:\/\/hotelklaustur.is\/is\/?s={search_term_string}"},"query-input":{"@type":"PropertyValueSpecification","valueRequired":true,"valueName":"search_term_string"}}],"inLanguage":"is"},{"@type":"Organization","@id":"https:\/\/hotelklaustur.is\/is\/#organization","name":"Hotel Klaustur","url":"https:\/\/hotelklaustur.is\/is\/","logo":{"@type":"ImageObject","inLanguage":"is","@id":"https:\/\/hotelklaustur.is\/is\/#\/schema\/logo\/image\/","url":"https:\/\/hotelklaustur.is\/wp-content\/uploads\/2025\/05\/Logo.svg","contentUrl":"https:\/\/hotelklaustur.is\/wp-content\/uploads\/2025\/05\/Logo.svg","width":196,"height":227,"caption":"Hotel Klaustur"},"image":{"@id":"https:\/\/hotelklaustur.is\/is\/#\/schema\/logo\/image\/"},"sameAs":["https:\/\/www.facebook.com\/hotelklausturiceland\/","https:\/\/www.instagram.com\/hotel_klaustur_iceland\/"]}]}},"_links":{"self":[{"href":"https:\/\/hotelklaustur.is\/is\/wp-json\/wp\/v2\/pages\/1160","targetHints":{"allow":["GET"]}}],"collection":[{"href":"https:\/\/hotelklaustur.is\/is\/wp-json\/wp\/v2\/pages"}],"about":[{"href":"https:\/\/hotelklaustur.is\/is\/wp-json\/wp\/v2\/types\/page"}],"author":[{"embeddable":true,"href":"https:\/\/hotelklaustur.is\/is\/wp-json\/wp\/v2\/users\/1"}],"replies":[{"embeddable":true,"href":"https:\/\/hotelklaustur.is\/is\/wp-json\/wp\/v2\/comments?post=1160"}],"version-history":[{"count":8,"href":"https:\/\/hotelklaustur.is\/is\/wp-json\/wp\/v2\/pages\/1160\/revisions"}],"predecessor-version":[{"id":2110,"href":"https:\/\/hotelklaustur.is\/is\/wp-json\/wp\/v2\/pages\/1160\/revisions\/2110"}],"up":[{"embeddable":true,"href":"https:\/\/hotelklaustur.is\/is\/wp-json\/wp\/v2\/pages\/1140"}],"wp:featuredmedia":[{"embeddable":true,"href":"https:\/\/hotelklaustur.is\/is\/wp-json\/wp\/v2\/media\/1435"}],"wp:attachment":[{"href":"https:\/\/hotelklaustur.is\/is\/wp-json\/wp\/v2\/media?parent=1160"}],"curies":[{"name":"wp","href":"https:\/\/api.w.org\/{rel}","templated":true}]}}