{"id":1159,"date":"2024-06-28T11:13:24","date_gmt":"2024-06-28T11:13:24","guid":{"rendered":"http:\/\/hotelklaustur.web23.vefold.is\/ahugaverdir-stadir\/klaustur-chapel\/"},"modified":"2025-09-03T14:24:54","modified_gmt":"2025-09-03T14:24:54","slug":"kapellan","status":"publish","type":"page","link":"https:\/\/hotelklaustur.is\/is\/ahugaverdir-stadir\/kapellan\/","title":{"rendered":"Kapellan \u00e1 Klaustri"},"content":{"rendered":"\n\t<section class=\"section breadcrumbs-section\" id=\"section_1912527515\">\n\t\t<div class=\"section-bg fill\" >\n\t\t\t\t\t\t\t\t\t\n\t\t\t\n\n\t\t<\/div>\n\n\t\t\n\n\t\t<div class=\"section-content relative\">\n\t\t\t\n<div class=\"row row-collapse align-middle align-center\"  id=\"row-88011298\">\n\n\t<div id=\"col-86171403\" class=\"col small-12 large-12\"  >\n\t\t\t\t<div class=\"col-inner\"  >\n\t\t\t\n\t\t\t\n<span><span><a href=\"https:\/\/hotelklaustur.is\/is\/\">Heim<\/a><\/span><\/span>\n\t\t<\/div>\n\t\t\t\t\t<\/div>\n\n\t\n<\/div>\n\t\t<\/div>\n\n\t\t\n<style>\n#section_1912527515 {\n  padding-top: 0px;\n  padding-bottom: 0px;\n  background-color: rgba(10, 10, 10, 0.9);\n}\n<\/style>\n\t<\/section>\n\t\n\n\t<section class=\"section\" id=\"section_1541150476\">\n\t\t<div class=\"section-bg fill\" >\n\t\t\t\t\t\t\t\t\t\n\t\t\t\n\n\t\t<\/div>\n\n\t\t\n\n\t\t<div class=\"section-content relative\">\n\t\t\t\n<div class=\"row row-collapse row-full-width align-middle align-center\"  id=\"row-796160885\">\n\n\t<div id=\"col-1968232279\" class=\"col medium-6 small-12 large-6\"  >\n\t\t\t\t<div class=\"col-inner\"  >\n\t\t\t\n\t\t\t\n\t<div class=\"img has-hover x md-x lg-x y md-y lg-y\" id=\"image_1225535427\">\n\t\t<a class=\"image-lightbox lightbox-gallery\" title=\"\" href=\"https:\/\/hotelklaustur.is\/wp-content\/uploads\/2025\/09\/the-chapel.jpg\">\t\t\t\t\t\t<div class=\"img-inner dark\" >\n\t\t\t<img loading=\"lazy\" decoding=\"async\" width=\"1020\" height=\"680\" src=\"https:\/\/hotelklaustur.is\/wp-content\/uploads\/2025\/09\/the-chapel-1024x683.jpg\" class=\"attachment-large size-large\" alt=\"The chapel\" srcset=\"https:\/\/hotelklaustur.is\/wp-content\/uploads\/2025\/09\/the-chapel-1024x683.jpg 1024w, https:\/\/hotelklaustur.is\/wp-content\/uploads\/2025\/09\/the-chapel-300x200.jpg 300w, https:\/\/hotelklaustur.is\/wp-content\/uploads\/2025\/09\/the-chapel-768x512.jpg 768w, https:\/\/hotelklaustur.is\/wp-content\/uploads\/2025\/09\/the-chapel-1536x1024.jpg 1536w, https:\/\/hotelklaustur.is\/wp-content\/uploads\/2025\/09\/the-chapel.jpg 1600w\" sizes=\"auto, (max-width: 1020px) 100vw, 1020px\" \/>\t\t\t\t\t\t\n\t\t\t\t\t<\/div>\n\t\t\t\t\t\t<\/a>\t\t\n<style>\n#image_1225535427 {\n  width: 100%;\n}\n<\/style>\n\t<\/div>\n\t\n\t\t<\/div>\n\t\t\t\t\t<\/div>\n\n\t\n\n\t<div id=\"col-719440565\" class=\"col medium-6 small-12 large-6\"  >\n\t\t\t\t<div class=\"col-inner\"  >\n\t\t\t\n\t\t\t\n<div class=\"row align-center\"  id=\"row-447096217\">\n\n\t<div id=\"col-1036107984\" class=\"col medium-9 small-12 large-9\"  >\n\t\t\t\t<div class=\"col-inner\"  >\n\t\t\t\n\t\t\t\n\t<div id=\"text-2247304476\" class=\"text hero attraction-text\">\n\t\t\n<h1>Kapellan \u00e1 Klaustri<\/h1>\n<p style=\"max-width: 650px;\">Hin fallega Kapella \u00e1 Kirkjub\u00e6jarklaustri (Kapella eldprestsins J\u00f3ns Steingr\u00edmssonar) var v\u00edg\u00f0 \u00e1ri\u00f0 1974. Kapellan var bygg\u00f0 \u00ed minningu s\u00e9ra J\u00f3ns Steingr\u00edmssonar eldklerks en hann s\u00f6ng hina fr\u00e6gu Eldmessu \u00feann 20. j\u00fal\u00ed \u00e1ri\u00f0 1783. \u00c1 \u00feeim t\u00edma \u00f3gnu\u00f0u Skaft\u00e1reldar bygg\u00f0inni og telja margir a\u00f0 Eldmessa s\u00e9ra J\u00f3ns hafi st\u00f6\u00f0va\u00f0 hraunstrauminn sem streymdi a\u00f0 Klaustri.<\/p>\n\t\t\n<style>\n#text-2247304476 {\n  color: rgb(0,0,0);\n}\n#text-2247304476 > * {\n  color: rgb(0,0,0);\n}\n<\/style>\n\t<\/div>\n\t\n\t\t<\/div>\n\t\t\t\t\t<\/div>\n\n\t\n\n\t<div id=\"col-760584388\" class=\"col medium-9 small-12 large-9\"  >\n\t\t\t\t<div class=\"col-inner\"  >\n\t\t\t\n\t\t\t\n<a href=\"https:\/\/www.google.com\/maps\/place\/Convent+at+Kirkjub%C3%A6r\/@63.789986,-18.0516892,17z\/data=!4m17!1m10!3m9!1s0x48d0e55aa152be21:0x99aaa57719d75762!2sH%C3%B3tel+Klaustur!5m2!4m1!1i2!8m2!3d63.7885894!4d-18.0527477!16s%2Fg%2F1thx_d0p!3m5!1s0x48d0e54539f9e819:0x99aa2ed273b19a0e!8m2!3d63.790494!4d-18.0509347!16s%2Fg%2F11c52849w0?entry=ttu\" target=\"_blank\" class=\"button primary is-outline is-large\" rel=\"noopener\" style=\"border-radius:11px;\">\n\t<i class=\"icon-map-pin-fill\" aria-hidden=\"true\"><\/i>\t<span>Sko\u00f0a \u00e1 korti<\/span>\n\t<\/a>\n\n\t\t<\/div>\n\t\t\t\t\t<\/div>\n\n\t\n<\/div>\n\t\t<\/div>\n\t\t\t\t\t<\/div>\n\n\t\n<\/div>\n\t\t<\/div>\n\n\t\t\n<style>\n#section_1541150476 {\n  padding-top: 0px;\n  padding-bottom: 0px;\n}\n<\/style>\n\t<\/section>\n\t\n\n\t<section class=\"section\" id=\"section_222692959\">\n\t\t<div class=\"section-bg fill\" >\n\t\t\t\t\t\t\t\t\t\n\t\t\t\n\n\t\t<\/div>\n\n\t\t\n\n\t\t<div class=\"section-content relative\">\n\t\t\t\n<div class=\"row\"  id=\"row-188092447\">\n\n\t<div id=\"col-1020227325\" class=\"col small-12 large-12\"  >\n\t\t\t\t<div class=\"col-inner\"  >\n\t\t\t\n\t\t\t\n\t<div id=\"text-94214239\" class=\"text\">\n\t\t\n<p>Sta\u00f0urinn \u00fear sem hraunstraumurinn stoppa\u00f0i heitir n\u00fa Eldmessutangi en kapellan stendur skammt austan vi\u00f0 hinn gamla kirkjusta\u00f0.<\/p>\n\t\t\n<style>\n#text-94214239 {\n  text-align: center;\n}\n<\/style>\n\t<\/div>\n\t\n\t\t<\/div>\n\t\t\t\t\t<\/div>\n\n\t\n<\/div>\n<div class=\"row\"  id=\"row-874473892\">\n\n\t<div id=\"col-1623871579\" class=\"col medium-6 small-12 large-6\"  >\n\t\t\t\t<div class=\"col-inner\"  >\n\t\t\t\n\t\t\t\n\t<div class=\"img has-hover x md-x lg-x y md-y lg-y\" id=\"image_348889741\">\n\t\t<a class=\"image-lightbox lightbox-gallery\" title=\"\" href=\"https:\/\/hotelklaustur.is\/wp-content\/uploads\/2025\/09\/chapel-interior.jpg\">\t\t\t\t\t\t<div class=\"img-inner dark\" >\n\t\t\t<img loading=\"lazy\" decoding=\"async\" width=\"1020\" height=\"680\" src=\"https:\/\/hotelklaustur.is\/wp-content\/uploads\/2025\/09\/chapel-interior-1024x683.jpg\" class=\"attachment-large size-large\" alt=\"Interior of the chapel\" srcset=\"https:\/\/hotelklaustur.is\/wp-content\/uploads\/2025\/09\/chapel-interior-1024x683.jpg 1024w, https:\/\/hotelklaustur.is\/wp-content\/uploads\/2025\/09\/chapel-interior-300x200.jpg 300w, https:\/\/hotelklaustur.is\/wp-content\/uploads\/2025\/09\/chapel-interior-768x512.jpg 768w, https:\/\/hotelklaustur.is\/wp-content\/uploads\/2025\/09\/chapel-interior-1536x1024.jpg 1536w, https:\/\/hotelklaustur.is\/wp-content\/uploads\/2025\/09\/chapel-interior.jpg 1600w\" sizes=\"auto, (max-width: 1020px) 100vw, 1020px\" \/>\t\t\t\t\t\t\n\t\t\t\t\t<\/div>\n\t\t\t\t\t\t<\/a>\t\t\n<style>\n#image_348889741 {\n  width: 100%;\n}\n<\/style>\n\t<\/div>\n\t\n\t\t<\/div>\n\t\t\t\t\t<\/div>\n\n\t\n\n\t<div id=\"col-309714011\" class=\"col medium-6 small-12 large-6\"  >\n\t\t\t\t<div class=\"col-inner\"  >\n\t\t\t\n\t\t\t\n\t<div class=\"img has-hover x md-x lg-x y md-y lg-y\" id=\"image_1436847255\">\n\t\t<a class=\"image-lightbox lightbox-gallery\" title=\"\" href=\"https:\/\/hotelklaustur.is\/wp-content\/uploads\/2025\/09\/klaustur-chapel.jpg\">\t\t\t\t\t\t<div class=\"img-inner dark\" >\n\t\t\t<img loading=\"lazy\" decoding=\"async\" width=\"1020\" height=\"681\" src=\"https:\/\/hotelklaustur.is\/wp-content\/uploads\/2025\/09\/klaustur-chapel-1024x684.jpg\" class=\"attachment-large size-large\" alt=\"Klastur chapel\" srcset=\"https:\/\/hotelklaustur.is\/wp-content\/uploads\/2025\/09\/klaustur-chapel-1024x684.jpg 1024w, https:\/\/hotelklaustur.is\/wp-content\/uploads\/2025\/09\/klaustur-chapel-300x200.jpg 300w, https:\/\/hotelklaustur.is\/wp-content\/uploads\/2025\/09\/klaustur-chapel-768x513.jpg 768w, https:\/\/hotelklaustur.is\/wp-content\/uploads\/2025\/09\/klaustur-chapel-1536x1025.jpg 1536w, https:\/\/hotelklaustur.is\/wp-content\/uploads\/2025\/09\/klaustur-chapel.jpg 1600w\" sizes=\"auto, (max-width: 1020px) 100vw, 1020px\" \/>\t\t\t\t\t\t\n\t\t\t\t\t<\/div>\n\t\t\t\t\t\t<\/a>\t\t\n<style>\n#image_1436847255 {\n  width: 100%;\n}\n<\/style>\n\t<\/div>\n\t\n\t\t<\/div>\n\t\t\t\t\t<\/div>\n\n\t\n<\/div>\n\t\t<\/div>\n\n\t\t\n<style>\n#section_222692959 {\n  padding-top: 30px;\n  padding-bottom: 30px;\n}\n<\/style>\n\t<\/section>\n\t\n","protected":false},"excerpt":{"rendered":"","protected":false},"author":1,"featured_media":0,"parent":1140,"menu_order":0,"comment_status":"closed","ping_status":"closed","template":"","meta":{"_acf_changed":false,"inline_featured_image":false,"footnotes":""},"class_list":["post-1159","page","type-page","status-publish","hentry"],"acf":[],"yoast_head":"<!-- This site is optimized with the Yoast SEO plugin v27.3 - https:\/\/yoast.com\/product\/yoast-seo-wordpress\/ -->\n<title>Kapellan \u00e1 Kirkjub\u00e6jarklaustri - Hotel Klaustur<\/title>\n<meta name=\"description\" content=\"Kapellan \u00e1 Kirkjub\u00e6jarklaustri var v\u00edg\u00f0 \u00e1ri\u00f0 1974 en h\u00fan var bygg\u00f0 \u00ed minningu s\u00e9ra J\u00f3ns Steingr\u00edmssonar eldklerks.\" \/>\n<meta name=\"robots\" content=\"index, follow, max-snippet:-1, max-image-preview:large, max-video-preview:-1\" \/>\n<link rel=\"canonical\" href=\"https:\/\/hotelklaustur.is\/is\/ahugaverdir-stadir\/kapellan\/\" \/>\n<meta property=\"og:locale\" content=\"is_IS\" \/>\n<meta property=\"og:type\" content=\"article\" \/>\n<meta property=\"og:title\" content=\"Kapellan \u00e1 Kirkjub\u00e6jarklaustri - Hotel Klaustur\" \/>\n<meta property=\"og:description\" content=\"Kapellan \u00e1 Kirkjub\u00e6jarklaustri var v\u00edg\u00f0 \u00e1ri\u00f0 1974 en h\u00fan var bygg\u00f0 \u00ed minningu s\u00e9ra J\u00f3ns Steingr\u00edmssonar eldklerks.\" \/>\n<meta property=\"og:url\" content=\"https:\/\/hotelklaustur.is\/is\/ahugaverdir-stadir\/kapellan\/\" \/>\n<meta property=\"og:site_name\" content=\"Hotel Klaustur\" \/>\n<meta property=\"article:publisher\" content=\"https:\/\/www.facebook.com\/hotelklausturiceland\/\" \/>\n<meta property=\"article:modified_time\" content=\"2025-09-03T14:24:54+00:00\" \/>\n<meta name=\"twitter:card\" content=\"summary_large_image\" \/>\n<meta name=\"twitter:label1\" content=\"Est. reading time\" \/>\n\t<meta name=\"twitter:data1\" content=\"1 minute\" \/>\n<script type=\"application\/ld+json\" class=\"yoast-schema-graph\">{\"@context\":\"https:\\\/\\\/schema.org\",\"@graph\":[{\"@type\":\"WebPage\",\"@id\":\"https:\\\/\\\/hotelklaustur.is\\\/is\\\/ahugaverdir-stadir\\\/kapellan\\\/\",\"url\":\"https:\\\/\\\/hotelklaustur.is\\\/is\\\/ahugaverdir-stadir\\\/kapellan\\\/\",\"name\":\"Kapellan \u00e1 Kirkjub\u00e6jarklaustri - Hotel Klaustur\",\"isPartOf\":{\"@id\":\"https:\\\/\\\/hotelklaustur.is\\\/is\\\/#website\"},\"datePublished\":\"2024-06-28T11:13:24+00:00\",\"dateModified\":\"2025-09-03T14:24:54+00:00\",\"description\":\"Kapellan \u00e1 Kirkjub\u00e6jarklaustri var v\u00edg\u00f0 \u00e1ri\u00f0 1974 en h\u00fan var bygg\u00f0 \u00ed minningu s\u00e9ra J\u00f3ns Steingr\u00edmssonar eldklerks.\",\"breadcrumb\":{\"@id\":\"https:\\\/\\\/hotelklaustur.is\\\/is\\\/ahugaverdir-stadir\\\/kapellan\\\/#breadcrumb\"},\"inLanguage\":\"is\",\"potentialAction\":[{\"@type\":\"ReadAction\",\"target\":[\"https:\\\/\\\/hotelklaustur.is\\\/is\\\/ahugaverdir-stadir\\\/kapellan\\\/\"]}]},{\"@type\":\"BreadcrumbList\",\"@id\":\"https:\\\/\\\/hotelklaustur.is\\\/is\\\/ahugaverdir-stadir\\\/kapellan\\\/#breadcrumb\",\"itemListElement\":[{\"@type\":\"ListItem\",\"position\":1,\"name\":\"Heim\",\"item\":\"https:\\\/\\\/hotelklaustur.is\\\/is\\\/\"},{\"@type\":\"ListItem\",\"position\":2,\"name\":\"\u00c1hugaver\u00f0ir sta\u00f0ir\",\"item\":\"https:\\\/\\\/hotelklaustur.is\\\/is\\\/ahugaverdir-stadir\\\/\"},{\"@type\":\"ListItem\",\"position\":3,\"name\":\"Kapellan \u00e1 Klaustri\"}]},{\"@type\":\"WebSite\",\"@id\":\"https:\\\/\\\/hotelklaustur.is\\\/is\\\/#website\",\"url\":\"https:\\\/\\\/hotelklaustur.is\\\/is\\\/\",\"name\":\"Hotel Klaustur\",\"description\":\"\",\"publisher\":{\"@id\":\"https:\\\/\\\/hotelklaustur.is\\\/is\\\/#organization\"},\"potentialAction\":[{\"@type\":\"SearchAction\",\"target\":{\"@type\":\"EntryPoint\",\"urlTemplate\":\"https:\\\/\\\/hotelklaustur.is\\\/is\\\/?s={search_term_string}\"},\"query-input\":{\"@type\":\"PropertyValueSpecification\",\"valueRequired\":true,\"valueName\":\"search_term_string\"}}],\"inLanguage\":\"is\"},{\"@type\":\"Organization\",\"@id\":\"https:\\\/\\\/hotelklaustur.is\\\/is\\\/#organization\",\"name\":\"Hotel Klaustur\",\"url\":\"https:\\\/\\\/hotelklaustur.is\\\/is\\\/\",\"logo\":{\"@type\":\"ImageObject\",\"inLanguage\":\"is\",\"@id\":\"https:\\\/\\\/hotelklaustur.is\\\/is\\\/#\\\/schema\\\/logo\\\/image\\\/\",\"url\":\"https:\\\/\\\/hotelklaustur.is\\\/wp-content\\\/uploads\\\/2025\\\/05\\\/Logo.svg\",\"contentUrl\":\"https:\\\/\\\/hotelklaustur.is\\\/wp-content\\\/uploads\\\/2025\\\/05\\\/Logo.svg\",\"width\":196,\"height\":227,\"caption\":\"Hotel Klaustur\"},\"image\":{\"@id\":\"https:\\\/\\\/hotelklaustur.is\\\/is\\\/#\\\/schema\\\/logo\\\/image\\\/\"},\"sameAs\":[\"https:\\\/\\\/www.facebook.com\\\/hotelklausturiceland\\\/\",\"https:\\\/\\\/www.instagram.com\\\/hotel_klaustur_iceland\\\/\"]}]}<\/script>\n<!-- \/ Yoast SEO plugin. -->","yoast_head_json":{"title":"Kapellan \u00e1 Kirkjub\u00e6jarklaustri - Hotel Klaustur","description":"Kapellan \u00e1 Kirkjub\u00e6jarklaustri var v\u00edg\u00f0 \u00e1ri\u00f0 1974 en h\u00fan var bygg\u00f0 \u00ed minningu s\u00e9ra J\u00f3ns Steingr\u00edmssonar eldklerks.","robots":{"index":"index","follow":"follow","max-snippet":"max-snippet:-1","max-image-preview":"max-image-preview:large","max-video-preview":"max-video-preview:-1"},"canonical":"https:\/\/hotelklaustur.is\/is\/ahugaverdir-stadir\/kapellan\/","og_locale":"is_IS","og_type":"article","og_title":"Kapellan \u00e1 Kirkjub\u00e6jarklaustri - Hotel Klaustur","og_description":"Kapellan \u00e1 Kirkjub\u00e6jarklaustri var v\u00edg\u00f0 \u00e1ri\u00f0 1974 en h\u00fan var bygg\u00f0 \u00ed minningu s\u00e9ra J\u00f3ns Steingr\u00edmssonar eldklerks.","og_url":"https:\/\/hotelklaustur.is\/is\/ahugaverdir-stadir\/kapellan\/","og_site_name":"Hotel Klaustur","article_publisher":"https:\/\/www.facebook.com\/hotelklausturiceland\/","article_modified_time":"2025-09-03T14:24:54+00:00","twitter_card":"summary_large_image","twitter_misc":{"Est. reading time":"1 minute"},"schema":{"@context":"https:\/\/schema.org","@graph":[{"@type":"WebPage","@id":"https:\/\/hotelklaustur.is\/is\/ahugaverdir-stadir\/kapellan\/","url":"https:\/\/hotelklaustur.is\/is\/ahugaverdir-stadir\/kapellan\/","name":"Kapellan \u00e1 Kirkjub\u00e6jarklaustri - Hotel Klaustur","isPartOf":{"@id":"https:\/\/hotelklaustur.is\/is\/#website"},"datePublished":"2024-06-28T11:13:24+00:00","dateModified":"2025-09-03T14:24:54+00:00","description":"Kapellan \u00e1 Kirkjub\u00e6jarklaustri var v\u00edg\u00f0 \u00e1ri\u00f0 1974 en h\u00fan var bygg\u00f0 \u00ed minningu s\u00e9ra J\u00f3ns Steingr\u00edmssonar eldklerks.","breadcrumb":{"@id":"https:\/\/hotelklaustur.is\/is\/ahugaverdir-stadir\/kapellan\/#breadcrumb"},"inLanguage":"is","potentialAction":[{"@type":"ReadAction","target":["https:\/\/hotelklaustur.is\/is\/ahugaverdir-stadir\/kapellan\/"]}]},{"@type":"BreadcrumbList","@id":"https:\/\/hotelklaustur.is\/is\/ahugaverdir-stadir\/kapellan\/#breadcrumb","itemListElement":[{"@type":"ListItem","position":1,"name":"Heim","item":"https:\/\/hotelklaustur.is\/is\/"},{"@type":"ListItem","position":2,"name":"\u00c1hugaver\u00f0ir sta\u00f0ir","item":"https:\/\/hotelklaustur.is\/is\/ahugaverdir-stadir\/"},{"@type":"ListItem","position":3,"name":"Kapellan \u00e1 Klaustri"}]},{"@type":"WebSite","@id":"https:\/\/hotelklaustur.is\/is\/#website","url":"https:\/\/hotelklaustur.is\/is\/","name":"Hotel Klaustur","description":"","publisher":{"@id":"https:\/\/hotelklaustur.is\/is\/#organization"},"potentialAction":[{"@type":"SearchAction","target":{"@type":"EntryPoint","urlTemplate":"https:\/\/hotelklaustur.is\/is\/?s={search_term_string}"},"query-input":{"@type":"PropertyValueSpecification","valueRequired":true,"valueName":"search_term_string"}}],"inLanguage":"is"},{"@type":"Organization","@id":"https:\/\/hotelklaustur.is\/is\/#organization","name":"Hotel Klaustur","url":"https:\/\/hotelklaustur.is\/is\/","logo":{"@type":"ImageObject","inLanguage":"is","@id":"https:\/\/hotelklaustur.is\/is\/#\/schema\/logo\/image\/","url":"https:\/\/hotelklaustur.is\/wp-content\/uploads\/2025\/05\/Logo.svg","contentUrl":"https:\/\/hotelklaustur.is\/wp-content\/uploads\/2025\/05\/Logo.svg","width":196,"height":227,"caption":"Hotel Klaustur"},"image":{"@id":"https:\/\/hotelklaustur.is\/is\/#\/schema\/logo\/image\/"},"sameAs":["https:\/\/www.facebook.com\/hotelklausturiceland\/","https:\/\/www.instagram.com\/hotel_klaustur_iceland\/"]}]}},"_links":{"self":[{"href":"https:\/\/hotelklaustur.is\/is\/wp-json\/wp\/v2\/pages\/1159","targetHints":{"allow":["GET"]}}],"collection":[{"href":"https:\/\/hotelklaustur.is\/is\/wp-json\/wp\/v2\/pages"}],"about":[{"href":"https:\/\/hotelklaustur.is\/is\/wp-json\/wp\/v2\/types\/page"}],"author":[{"embeddable":true,"href":"https:\/\/hotelklaustur.is\/is\/wp-json\/wp\/v2\/users\/1"}],"replies":[{"embeddable":true,"href":"https:\/\/hotelklaustur.is\/is\/wp-json\/wp\/v2\/comments?post=1159"}],"version-history":[{"count":6,"href":"https:\/\/hotelklaustur.is\/is\/wp-json\/wp\/v2\/pages\/1159\/revisions"}],"predecessor-version":[{"id":2205,"href":"https:\/\/hotelklaustur.is\/is\/wp-json\/wp\/v2\/pages\/1159\/revisions\/2205"}],"up":[{"embeddable":true,"href":"https:\/\/hotelklaustur.is\/is\/wp-json\/wp\/v2\/pages\/1140"}],"wp:attachment":[{"href":"https:\/\/hotelklaustur.is\/is\/wp-json\/wp\/v2\/media?parent=1159"}],"curies":[{"name":"wp","href":"https:\/\/api.w.org\/{rel}","templated":true}]}}