{"id":1158,"date":"2024-06-28T11:18:10","date_gmt":"2024-06-28T11:18:10","guid":{"rendered":"http:\/\/hotelklaustur.web23.vefold.is\/ahugaverdir-stadir\/systrafoss-systravatn\/"},"modified":"2025-09-01T13:59:14","modified_gmt":"2025-09-01T13:59:14","slug":"systrafoss-systravatn","status":"publish","type":"page","link":"https:\/\/hotelklaustur.is\/is\/ahugaverdir-stadir\/systrafoss-systravatn\/","title":{"rendered":"Systrafoss &#038; Systravatn"},"content":{"rendered":"\n\t<section class=\"section breadcrumbs-section\" id=\"section_867853977\">\n\t\t<div class=\"section-bg fill\" >\n\t\t\t\t\t\t\t\t\t\n\t\t\t\n\n\t\t<\/div>\n\n\t\t\n\n\t\t<div class=\"section-content relative\">\n\t\t\t\n<div class=\"row row-collapse align-middle align-center\"  id=\"row-1840834294\">\n\n\t<div id=\"col-562783077\" class=\"col small-12 large-12\"  >\n\t\t\t\t<div class=\"col-inner\"  >\n\t\t\t\n\t\t\t\n<span><span><a href=\"https:\/\/hotelklaustur.is\/is\/\">Heim<\/a><\/span><\/span>\n\t\t<\/div>\n\t\t\t\t\t<\/div>\n\n\t\n<\/div>\n\t\t<\/div>\n\n\t\t\n<style>\n#section_867853977 {\n  padding-top: 0px;\n  padding-bottom: 0px;\n  background-color: rgba(10, 10, 10, 0.9);\n}\n<\/style>\n\t<\/section>\n\t\n\n\t<section class=\"section\" id=\"section_678822699\">\n\t\t<div class=\"section-bg fill\" >\n\t\t\t\t\t\t\t\t\t\n\t\t\t\n\n\t\t<\/div>\n\n\t\t\n\n\t\t<div class=\"section-content relative\">\n\t\t\t\n<div class=\"row row-collapse row-full-width align-middle align-center\"  id=\"row-2114520256\">\n\n\t<div id=\"col-452826874\" class=\"col medium-6 small-12 large-6\"  >\n\t\t\t\t<div class=\"col-inner\"  >\n\t\t\t\n\t\t\t\n\t<div class=\"img has-hover x md-x lg-x y md-y lg-y\" id=\"image_1272603658\">\n\t\t\t\t\t\t\t\t<div class=\"img-inner dark\" >\n\t\t\t<img loading=\"lazy\" decoding=\"async\" width=\"1020\" height=\"680\" src=\"https:\/\/hotelklaustur.is\/wp-content\/uploads\/2025\/05\/kirkjubaejarklaustur-view-1024x683.jpg\" class=\"attachment-large size-large\" alt=\"View of Kirkjub\u00e6jarklaustur\" srcset=\"https:\/\/hotelklaustur.is\/wp-content\/uploads\/2025\/05\/kirkjubaejarklaustur-view-1024x683.jpg 1024w, https:\/\/hotelklaustur.is\/wp-content\/uploads\/2025\/05\/kirkjubaejarklaustur-view-300x200.jpg 300w, https:\/\/hotelklaustur.is\/wp-content\/uploads\/2025\/05\/kirkjubaejarklaustur-view-768x512.jpg 768w, https:\/\/hotelklaustur.is\/wp-content\/uploads\/2025\/05\/kirkjubaejarklaustur-view-1536x1024.jpg 1536w, https:\/\/hotelklaustur.is\/wp-content\/uploads\/2025\/05\/kirkjubaejarklaustur-view.jpg 1600w\" sizes=\"auto, (max-width: 1020px) 100vw, 1020px\" \/>\t\t\t\t\t\t\n\t\t\t\t\t<\/div>\n\t\t\t\t\t\t\t\t\n<style>\n#image_1272603658 {\n  width: 100%;\n}\n<\/style>\n\t<\/div>\n\t\n\t\t<\/div>\n\t\t\t\t\t<\/div>\n\n\t\n\n\t<div id=\"col-2091992696\" class=\"col medium-6 small-12 large-6\"  >\n\t\t\t\t<div class=\"col-inner\"  >\n\t\t\t\n\t\t\t\n<div class=\"row align-center\"  id=\"row-38751001\">\n\n\t<div id=\"col-983327116\" class=\"col medium-10 small-12 large-10\"  >\n\t\t\t\t<div class=\"col-inner\"  >\n\t\t\t\n\t\t\t\n\t<div id=\"text-3831451042\" class=\"text hero\">\n\t\t\n<h1>Systrafoss &amp; Systravatn<\/h1>\n<p style=\"max-width: 650px;\">\u00deegar gengi\u00f0 er upp fjallshl\u00ed\u00f0ina sem stendur vi\u00f0 Klaustur tekur Systravatn \u00e1 m\u00f3ti manni. \u00deanga\u00f0 f\u00f3ru nunnurnar \u00e1 Kirkjub\u00e6jarklaustri \u00e1 \u00e1rum \u00e1\u00f0ur til \u00feess a\u00f0 ba\u00f0a sig en \u00fea\u00f0an er nafn vatnsins komi\u00f0. \u00dar Systravatni rennur \u00e1in Foss\u00e1 ni\u00f0ur Foss\u00e1rgil og myndar Systrafoss. Gangan upp a\u00f0 Systravatni tekur a\u00f0eins um 20 m\u00edn\u00fatur og \u00feegar upp er komi\u00f0 er \u00fats\u00fdni\u00f0 st\u00f3rkostlegt.<\/p>\n\t\t\n<style>\n#text-3831451042 {\n  color: rgb(0,0,0);\n}\n#text-3831451042 > * {\n  color: rgb(0,0,0);\n}\n<\/style>\n\t<\/div>\n\t\n\t\t<\/div>\n\t\t\t\t\t<\/div>\n\n\t\n\n\t<div id=\"col-1745688420\" class=\"col medium-9 small-12 large-9\"  >\n\t\t\t\t<div class=\"col-inner\"  >\n\t\t\t\n\t\t\t\n<a href=\"https:\/\/www.google.is\/maps\/place\/Systrafoss\/@63.7875323,-18.0595936,15z\/data=!4m2!3m1!1s0x0:0xa15770060cf61030?ved=2ahUKEwjM8Nq9_f7eAhXp6oMKHfDAB18Q_BIwD3oECAYQCA\" target=\"_blank\" class=\"button primary is-outline is-large\" rel=\"noopener\" style=\"border-radius:11px;\">\n\t<i class=\"icon-map-pin-fill\" aria-hidden=\"true\"><\/i>\t<span>Sko\u00f0a \u00e1 korti<\/span>\n\t<\/a>\n\n\t\t<\/div>\n\t\t\t\t\t<\/div>\n\n\t\n<\/div>\n\t\t<\/div>\n\t\t\t\t\t<\/div>\n\n\t\n<\/div>\n\t\t<\/div>\n\n\t\t\n<style>\n#section_678822699 {\n  padding-top: 0px;\n  padding-bottom: 0px;\n}\n<\/style>\n\t<\/section>\n\t\n\n\t<section class=\"section\" id=\"section_375036529\">\n\t\t<div class=\"section-bg fill\" >\n\t\t\t\t\t\t\t\t\t\n\t\t\t\n\n\t\t<\/div>\n\n\t\t\n\n\t\t<div class=\"section-content relative\">\n\t\t\t\n<div class=\"row\"  id=\"row-119444086\">\n\n\t<div id=\"col-50186594\" class=\"col medium-6 small-12 large-6\"  >\n\t\t\t\t<div class=\"col-inner\"  >\n\t\t\t\n\t\t\t\n\t<div class=\"img has-hover x md-x lg-x y md-y lg-y\" id=\"image_1123664624\">\n\t\t<a class=\"image-lightbox lightbox-gallery\" title=\"\" href=\"https:\/\/hotelklaustur.is\/wp-content\/uploads\/2025\/09\/systrafoss.jpg\">\t\t\t\t\t\t<div class=\"img-inner dark\" >\n\t\t\t<img loading=\"lazy\" decoding=\"async\" width=\"1020\" height=\"680\" src=\"https:\/\/hotelklaustur.is\/wp-content\/uploads\/2025\/09\/systrafoss-1024x683.jpg\" class=\"attachment-large size-large\" alt=\"Systrafoss\" srcset=\"https:\/\/hotelklaustur.is\/wp-content\/uploads\/2025\/09\/systrafoss-1024x683.jpg 1024w, https:\/\/hotelklaustur.is\/wp-content\/uploads\/2025\/09\/systrafoss-300x200.jpg 300w, https:\/\/hotelklaustur.is\/wp-content\/uploads\/2025\/09\/systrafoss-768x512.jpg 768w, https:\/\/hotelklaustur.is\/wp-content\/uploads\/2025\/09\/systrafoss-1536x1024.jpg 1536w, https:\/\/hotelklaustur.is\/wp-content\/uploads\/2025\/09\/systrafoss.jpg 1600w\" sizes=\"auto, (max-width: 1020px) 100vw, 1020px\" \/>\t\t\t\t\t\t\n\t\t\t\t\t<\/div>\n\t\t\t\t\t\t<\/a>\t\t\n<style>\n#image_1123664624 {\n  width: 100%;\n}\n<\/style>\n\t<\/div>\n\t\n\t\t<\/div>\n\t\t\t\t\t<\/div>\n\n\t\n\n\t<div id=\"col-749456122\" class=\"col medium-6 small-12 large-6\"  >\n\t\t\t\t<div class=\"col-inner\"  >\n\t\t\t\n\t\t\t\n\t<div class=\"img has-hover x md-x lg-x y md-y lg-y\" id=\"image_360360806\">\n\t\t<a class=\"image-lightbox lightbox-gallery\" title=\"\" href=\"https:\/\/hotelklaustur.is\/wp-content\/uploads\/2025\/09\/systrafoss-waterfall.jpg\">\t\t\t\t\t\t<div class=\"img-inner dark\" >\n\t\t\t<img loading=\"lazy\" decoding=\"async\" width=\"1020\" height=\"680\" src=\"https:\/\/hotelklaustur.is\/wp-content\/uploads\/2025\/09\/systrafoss-waterfall-1024x683.jpg\" class=\"attachment-large size-large\" alt=\"Systrafoss\" srcset=\"https:\/\/hotelklaustur.is\/wp-content\/uploads\/2025\/09\/systrafoss-waterfall-1024x683.jpg 1024w, https:\/\/hotelklaustur.is\/wp-content\/uploads\/2025\/09\/systrafoss-waterfall-300x200.jpg 300w, https:\/\/hotelklaustur.is\/wp-content\/uploads\/2025\/09\/systrafoss-waterfall-768x512.jpg 768w, https:\/\/hotelklaustur.is\/wp-content\/uploads\/2025\/09\/systrafoss-waterfall-1536x1024.jpg 1536w, https:\/\/hotelklaustur.is\/wp-content\/uploads\/2025\/09\/systrafoss-waterfall.jpg 1600w\" sizes=\"auto, (max-width: 1020px) 100vw, 1020px\" \/>\t\t\t\t\t\t\n\t\t\t\t\t<\/div>\n\t\t\t\t\t\t<\/a>\t\t\n<style>\n#image_360360806 {\n  width: 100%;\n}\n<\/style>\n\t<\/div>\n\t\n\t\t<\/div>\n\t\t\t\t\t<\/div>\n\n\t\n<\/div>\n\t\t<\/div>\n\n\t\t\n<style>\n#section_375036529 {\n  padding-top: 30px;\n  padding-bottom: 30px;\n}\n<\/style>\n\t<\/section>\n\t\n","protected":false},"excerpt":{"rendered":"","protected":false},"author":1,"featured_media":0,"parent":1140,"menu_order":0,"comment_status":"closed","ping_status":"closed","template":"","meta":{"_acf_changed":false,"inline_featured_image":false,"footnotes":""},"class_list":["post-1158","page","type-page","status-publish","hentry"],"acf":[],"yoast_head":"<!-- This site is optimized with the Yoast SEO plugin v27.3 - https:\/\/yoast.com\/product\/yoast-seo-wordpress\/ -->\n<title>Systrafoss &amp; Systravatn - Hotel Klaustur<\/title>\n<meta name=\"description\" content=\"Vi\u00f0 H\u00f3tel Klaustur eru Systrafoss og Systravatn, sem draga nafn sitt af nunnunum sem \u00e1\u00f0ur s\u00f3ttu \u00feessa fallegu sta\u00f0i, en \u00fea\u00f0 er yndislegt a\u00f0 ganga um a\u00f0 \u00feeim.\" \/>\n<meta name=\"robots\" content=\"index, follow, max-snippet:-1, max-image-preview:large, max-video-preview:-1\" \/>\n<link rel=\"canonical\" href=\"https:\/\/hotelklaustur.is\/is\/ahugaverdir-stadir\/systrafoss-systravatn\/\" \/>\n<meta property=\"og:locale\" content=\"is_IS\" \/>\n<meta property=\"og:type\" content=\"article\" \/>\n<meta property=\"og:title\" content=\"Systrafoss &amp; Systravatn - Hotel Klaustur\" \/>\n<meta property=\"og:description\" content=\"Vi\u00f0 H\u00f3tel Klaustur eru Systrafoss og Systravatn, sem draga nafn sitt af nunnunum sem \u00e1\u00f0ur s\u00f3ttu \u00feessa fallegu sta\u00f0i, en \u00fea\u00f0 er yndislegt a\u00f0 ganga um a\u00f0 \u00feeim.\" \/>\n<meta property=\"og:url\" content=\"https:\/\/hotelklaustur.is\/is\/ahugaverdir-stadir\/systrafoss-systravatn\/\" \/>\n<meta property=\"og:site_name\" content=\"Hotel Klaustur\" \/>\n<meta property=\"article:publisher\" content=\"https:\/\/www.facebook.com\/hotelklausturiceland\/\" \/>\n<meta property=\"article:modified_time\" content=\"2025-09-01T13:59:14+00:00\" \/>\n<meta name=\"twitter:card\" content=\"summary_large_image\" \/>\n<meta name=\"twitter:label1\" content=\"Est. reading time\" \/>\n\t<meta name=\"twitter:data1\" content=\"1 minute\" \/>\n<script type=\"application\/ld+json\" class=\"yoast-schema-graph\">{\"@context\":\"https:\\\/\\\/schema.org\",\"@graph\":[{\"@type\":\"WebPage\",\"@id\":\"https:\\\/\\\/hotelklaustur.is\\\/is\\\/ahugaverdir-stadir\\\/systrafoss-systravatn\\\/\",\"url\":\"https:\\\/\\\/hotelklaustur.is\\\/is\\\/ahugaverdir-stadir\\\/systrafoss-systravatn\\\/\",\"name\":\"Systrafoss & Systravatn - Hotel Klaustur\",\"isPartOf\":{\"@id\":\"https:\\\/\\\/hotelklaustur.is\\\/is\\\/#website\"},\"datePublished\":\"2024-06-28T11:18:10+00:00\",\"dateModified\":\"2025-09-01T13:59:14+00:00\",\"description\":\"Vi\u00f0 H\u00f3tel Klaustur eru Systrafoss og Systravatn, sem draga nafn sitt af nunnunum sem \u00e1\u00f0ur s\u00f3ttu \u00feessa fallegu sta\u00f0i, en \u00fea\u00f0 er yndislegt a\u00f0 ganga um a\u00f0 \u00feeim.\",\"breadcrumb\":{\"@id\":\"https:\\\/\\\/hotelklaustur.is\\\/is\\\/ahugaverdir-stadir\\\/systrafoss-systravatn\\\/#breadcrumb\"},\"inLanguage\":\"is\",\"potentialAction\":[{\"@type\":\"ReadAction\",\"target\":[\"https:\\\/\\\/hotelklaustur.is\\\/is\\\/ahugaverdir-stadir\\\/systrafoss-systravatn\\\/\"]}]},{\"@type\":\"BreadcrumbList\",\"@id\":\"https:\\\/\\\/hotelklaustur.is\\\/is\\\/ahugaverdir-stadir\\\/systrafoss-systravatn\\\/#breadcrumb\",\"itemListElement\":[{\"@type\":\"ListItem\",\"position\":1,\"name\":\"Heim\",\"item\":\"https:\\\/\\\/hotelklaustur.is\\\/is\\\/\"},{\"@type\":\"ListItem\",\"position\":2,\"name\":\"\u00c1hugaver\u00f0ir sta\u00f0ir\",\"item\":\"https:\\\/\\\/hotelklaustur.is\\\/is\\\/ahugaverdir-stadir\\\/\"},{\"@type\":\"ListItem\",\"position\":3,\"name\":\"Systrafoss &#038; Systravatn\"}]},{\"@type\":\"WebSite\",\"@id\":\"https:\\\/\\\/hotelklaustur.is\\\/is\\\/#website\",\"url\":\"https:\\\/\\\/hotelklaustur.is\\\/is\\\/\",\"name\":\"Hotel Klaustur\",\"description\":\"\",\"publisher\":{\"@id\":\"https:\\\/\\\/hotelklaustur.is\\\/is\\\/#organization\"},\"potentialAction\":[{\"@type\":\"SearchAction\",\"target\":{\"@type\":\"EntryPoint\",\"urlTemplate\":\"https:\\\/\\\/hotelklaustur.is\\\/is\\\/?s={search_term_string}\"},\"query-input\":{\"@type\":\"PropertyValueSpecification\",\"valueRequired\":true,\"valueName\":\"search_term_string\"}}],\"inLanguage\":\"is\"},{\"@type\":\"Organization\",\"@id\":\"https:\\\/\\\/hotelklaustur.is\\\/is\\\/#organization\",\"name\":\"Hotel Klaustur\",\"url\":\"https:\\\/\\\/hotelklaustur.is\\\/is\\\/\",\"logo\":{\"@type\":\"ImageObject\",\"inLanguage\":\"is\",\"@id\":\"https:\\\/\\\/hotelklaustur.is\\\/is\\\/#\\\/schema\\\/logo\\\/image\\\/\",\"url\":\"https:\\\/\\\/hotelklaustur.is\\\/wp-content\\\/uploads\\\/2025\\\/05\\\/Logo.svg\",\"contentUrl\":\"https:\\\/\\\/hotelklaustur.is\\\/wp-content\\\/uploads\\\/2025\\\/05\\\/Logo.svg\",\"width\":196,\"height\":227,\"caption\":\"Hotel Klaustur\"},\"image\":{\"@id\":\"https:\\\/\\\/hotelklaustur.is\\\/is\\\/#\\\/schema\\\/logo\\\/image\\\/\"},\"sameAs\":[\"https:\\\/\\\/www.facebook.com\\\/hotelklausturiceland\\\/\",\"https:\\\/\\\/www.instagram.com\\\/hotel_klaustur_iceland\\\/\"]}]}<\/script>\n<!-- \/ Yoast SEO plugin. -->","yoast_head_json":{"title":"Systrafoss & Systravatn - Hotel Klaustur","description":"Vi\u00f0 H\u00f3tel Klaustur eru Systrafoss og Systravatn, sem draga nafn sitt af nunnunum sem \u00e1\u00f0ur s\u00f3ttu \u00feessa fallegu sta\u00f0i, en \u00fea\u00f0 er yndislegt a\u00f0 ganga um a\u00f0 \u00feeim.","robots":{"index":"index","follow":"follow","max-snippet":"max-snippet:-1","max-image-preview":"max-image-preview:large","max-video-preview":"max-video-preview:-1"},"canonical":"https:\/\/hotelklaustur.is\/is\/ahugaverdir-stadir\/systrafoss-systravatn\/","og_locale":"is_IS","og_type":"article","og_title":"Systrafoss & Systravatn - Hotel Klaustur","og_description":"Vi\u00f0 H\u00f3tel Klaustur eru Systrafoss og Systravatn, sem draga nafn sitt af nunnunum sem \u00e1\u00f0ur s\u00f3ttu \u00feessa fallegu sta\u00f0i, en \u00fea\u00f0 er yndislegt a\u00f0 ganga um a\u00f0 \u00feeim.","og_url":"https:\/\/hotelklaustur.is\/is\/ahugaverdir-stadir\/systrafoss-systravatn\/","og_site_name":"Hotel Klaustur","article_publisher":"https:\/\/www.facebook.com\/hotelklausturiceland\/","article_modified_time":"2025-09-01T13:59:14+00:00","twitter_card":"summary_large_image","twitter_misc":{"Est. reading time":"1 minute"},"schema":{"@context":"https:\/\/schema.org","@graph":[{"@type":"WebPage","@id":"https:\/\/hotelklaustur.is\/is\/ahugaverdir-stadir\/systrafoss-systravatn\/","url":"https:\/\/hotelklaustur.is\/is\/ahugaverdir-stadir\/systrafoss-systravatn\/","name":"Systrafoss & Systravatn - Hotel Klaustur","isPartOf":{"@id":"https:\/\/hotelklaustur.is\/is\/#website"},"datePublished":"2024-06-28T11:18:10+00:00","dateModified":"2025-09-01T13:59:14+00:00","description":"Vi\u00f0 H\u00f3tel Klaustur eru Systrafoss og Systravatn, sem draga nafn sitt af nunnunum sem \u00e1\u00f0ur s\u00f3ttu \u00feessa fallegu sta\u00f0i, en \u00fea\u00f0 er yndislegt a\u00f0 ganga um a\u00f0 \u00feeim.","breadcrumb":{"@id":"https:\/\/hotelklaustur.is\/is\/ahugaverdir-stadir\/systrafoss-systravatn\/#breadcrumb"},"inLanguage":"is","potentialAction":[{"@type":"ReadAction","target":["https:\/\/hotelklaustur.is\/is\/ahugaverdir-stadir\/systrafoss-systravatn\/"]}]},{"@type":"BreadcrumbList","@id":"https:\/\/hotelklaustur.is\/is\/ahugaverdir-stadir\/systrafoss-systravatn\/#breadcrumb","itemListElement":[{"@type":"ListItem","position":1,"name":"Heim","item":"https:\/\/hotelklaustur.is\/is\/"},{"@type":"ListItem","position":2,"name":"\u00c1hugaver\u00f0ir sta\u00f0ir","item":"https:\/\/hotelklaustur.is\/is\/ahugaverdir-stadir\/"},{"@type":"ListItem","position":3,"name":"Systrafoss &#038; Systravatn"}]},{"@type":"WebSite","@id":"https:\/\/hotelklaustur.is\/is\/#website","url":"https:\/\/hotelklaustur.is\/is\/","name":"Hotel Klaustur","description":"","publisher":{"@id":"https:\/\/hotelklaustur.is\/is\/#organization"},"potentialAction":[{"@type":"SearchAction","target":{"@type":"EntryPoint","urlTemplate":"https:\/\/hotelklaustur.is\/is\/?s={search_term_string}"},"query-input":{"@type":"PropertyValueSpecification","valueRequired":true,"valueName":"search_term_string"}}],"inLanguage":"is"},{"@type":"Organization","@id":"https:\/\/hotelklaustur.is\/is\/#organization","name":"Hotel Klaustur","url":"https:\/\/hotelklaustur.is\/is\/","logo":{"@type":"ImageObject","inLanguage":"is","@id":"https:\/\/hotelklaustur.is\/is\/#\/schema\/logo\/image\/","url":"https:\/\/hotelklaustur.is\/wp-content\/uploads\/2025\/05\/Logo.svg","contentUrl":"https:\/\/hotelklaustur.is\/wp-content\/uploads\/2025\/05\/Logo.svg","width":196,"height":227,"caption":"Hotel Klaustur"},"image":{"@id":"https:\/\/hotelklaustur.is\/is\/#\/schema\/logo\/image\/"},"sameAs":["https:\/\/www.facebook.com\/hotelklausturiceland\/","https:\/\/www.instagram.com\/hotel_klaustur_iceland\/"]}]}},"_links":{"self":[{"href":"https:\/\/hotelklaustur.is\/is\/wp-json\/wp\/v2\/pages\/1158","targetHints":{"allow":["GET"]}}],"collection":[{"href":"https:\/\/hotelklaustur.is\/is\/wp-json\/wp\/v2\/pages"}],"about":[{"href":"https:\/\/hotelklaustur.is\/is\/wp-json\/wp\/v2\/types\/page"}],"author":[{"embeddable":true,"href":"https:\/\/hotelklaustur.is\/is\/wp-json\/wp\/v2\/users\/1"}],"replies":[{"embeddable":true,"href":"https:\/\/hotelklaustur.is\/is\/wp-json\/wp\/v2\/comments?post=1158"}],"version-history":[{"count":7,"href":"https:\/\/hotelklaustur.is\/is\/wp-json\/wp\/v2\/pages\/1158\/revisions"}],"predecessor-version":[{"id":2125,"href":"https:\/\/hotelklaustur.is\/is\/wp-json\/wp\/v2\/pages\/1158\/revisions\/2125"}],"up":[{"embeddable":true,"href":"https:\/\/hotelklaustur.is\/is\/wp-json\/wp\/v2\/pages\/1140"}],"wp:attachment":[{"href":"https:\/\/hotelklaustur.is\/is\/wp-json\/wp\/v2\/media?parent=1158"}],"curies":[{"name":"wp","href":"https:\/\/api.w.org\/{rel}","templated":true}]}}