{"id":1157,"date":"2024-06-28T11:23:45","date_gmt":"2024-06-28T11:23:45","guid":{"rendered":"http:\/\/hotelklaustur.web23.vefold.is\/ahugaverdir-stadir\/church-floor\/"},"modified":"2025-09-03T09:36:50","modified_gmt":"2025-09-03T09:36:50","slug":"kirkjugolf","status":"publish","type":"page","link":"https:\/\/hotelklaustur.is\/is\/ahugaverdir-stadir\/kirkjugolf\/","title":{"rendered":"Kirkjug\u00f3lf"},"content":{"rendered":"\n\t<section class=\"section breadcrumbs-section\" id=\"section_878557406\">\n\t\t<div class=\"section-bg fill\" >\n\t\t\t\t\t\t\t\t\t\n\t\t\t\n\n\t\t<\/div>\n\n\t\t\n\n\t\t<div class=\"section-content relative\">\n\t\t\t\n<div class=\"row row-collapse align-middle align-center\"  id=\"row-1919815867\">\n\n\t<div id=\"col-1971610638\" class=\"col medium-6 small-12 large-6\"  >\n\t\t\t\t<div class=\"col-inner\"  >\n\t\t\t\n\t\t\t\n<span><span><a href=\"https:\/\/hotelklaustur.is\/is\/\">Heim<\/a><\/span><\/span>\n\t\t<\/div>\n\t\t\t\t\t<\/div>\n\n\t\n<\/div>\n\t\t<\/div>\n\n\t\t\n<style>\n#section_878557406 {\n  padding-top: 0px;\n  padding-bottom: 0px;\n  background-color: rgba(10, 10, 10, 0.9);\n}\n<\/style>\n\t<\/section>\n\t\n\n\t<section class=\"section\" id=\"section_1397126702\">\n\t\t<div class=\"section-bg fill\" >\n\t\t\t\t\t\t\t\t\t\n\t\t\t\n\n\t\t<\/div>\n\n\t\t\n\n\t\t<div class=\"section-content relative\">\n\t\t\t\n<div class=\"row row-collapse row-full-width align-middle align-center\"  id=\"row-2001119392\">\n\n\t<div id=\"col-35361803\" class=\"col medium-6 small-12 large-6\"  >\n\t\t\t\t<div class=\"col-inner\"  >\n\t\t\t\n\t\t\t\n\t<div class=\"img has-hover x md-x lg-x y md-y lg-y\" id=\"image_493460640\">\n\t\t\t\t\t\t\t\t<div class=\"img-inner dark\" >\n\t\t\t<img loading=\"lazy\" decoding=\"async\" width=\"1020\" height=\"679\" src=\"https:\/\/hotelklaustur.is\/wp-content\/uploads\/2025\/05\/church-floor-1024x682.jpg\" class=\"attachment-large size-large\" alt=\"Kirkjug\u00f3lf the Church Floor\u200b\" srcset=\"https:\/\/hotelklaustur.is\/wp-content\/uploads\/2025\/05\/church-floor-1024x682.jpg 1024w, https:\/\/hotelklaustur.is\/wp-content\/uploads\/2025\/05\/church-floor-300x200.jpg 300w, https:\/\/hotelklaustur.is\/wp-content\/uploads\/2025\/05\/church-floor-768x511.jpg 768w, https:\/\/hotelklaustur.is\/wp-content\/uploads\/2025\/05\/church-floor-1536x1022.jpg 1536w, https:\/\/hotelklaustur.is\/wp-content\/uploads\/2025\/05\/church-floor.jpg 1600w\" sizes=\"auto, (max-width: 1020px) 100vw, 1020px\" \/>\t\t\t\t\t\t\n\t\t\t\t\t<\/div>\n\t\t\t\t\t\t\t\t\n<style>\n#image_493460640 {\n  width: 100%;\n}\n<\/style>\n\t<\/div>\n\t\n\t\t<\/div>\n\t\t\t\t\t<\/div>\n\n\t\n\n\t<div id=\"col-740753847\" class=\"col medium-6 small-12 large-6\"  >\n\t\t\t\t<div class=\"col-inner\"  >\n\t\t\t\n\t\t\t\n<div class=\"row align-center\"  id=\"row-1212141751\">\n\n\t<div id=\"col-948911926\" class=\"col medium-10 small-12 large-10\"  >\n\t\t\t\t<div class=\"col-inner\"  >\n\t\t\t\n\t\t\t\n\t<div id=\"text-3310206613\" class=\"text hero attraction-text\">\n\t\t\n<h1>Kirkjug\u00f3lf<\/h1>\n<p style=\"max-width: 650px;\">Kirkjug\u00f3lfi\u00f0 svokalla\u00f0a er \u00ed stuttu g\u00f6nguf\u00e6ri fr\u00e1 h\u00f3telinu okkar, r\u00e9tt austan vi\u00f0 Kirkjub\u00e6jarklaustur. \u00dea\u00f0 er samsett \u00far stu\u00f0labergi, \u00fear sem a\u00f0eins s\u00e9st ofan \u00e1 l\u00f3\u00f0r\u00e9ttar s\u00falurnar sem gefur Kirkjug\u00f3lfinu sitt s\u00e9rstaka \u00fatlit, en g\u00f3lfi\u00f0 vir\u00f0ist vera manngert.<\/p>\n\t\t\n<style>\n#text-3310206613 {\n  color: rgb(0,0,0);\n}\n#text-3310206613 > * {\n  color: rgb(0,0,0);\n}\n<\/style>\n\t<\/div>\n\t\n\t\t<\/div>\n\t\t\t\t\t<\/div>\n\n\t\n\n\t<div id=\"col-1157148612\" class=\"col medium-10 small-12 large-10\"  >\n\t\t\t\t<div class=\"col-inner\"  >\n\t\t\t\n\t\t\t\n<a href=\"https:\/\/www.google.is\/maps\/place\/Kirkjug%C3%B3lf\/@63.7953654,-18.0463781,15z\/data=!4m2!3m1!1s0x0:0x2efddda2a6db6742?ved=2ahUKEwjZkdG7jf_eAhWh6oMKHVa4CswQ_BIwF3oECAYQCA\" target=\"_blank\" class=\"button primary is-outline is-large\" rel=\"noopener\" style=\"border-radius:11px;\">\n\t<i class=\"icon-map-pin-fill\" aria-hidden=\"true\"><\/i>\t<span>Sko\u00f0a \u00e1 korti<\/span>\n\t<\/a>\n\n\t\t<\/div>\n\t\t\t\t\t<\/div>\n\n\t\n<\/div>\n\t\t<\/div>\n\t\t\t\t\t<\/div>\n\n\t\n<\/div>\n\t\t<\/div>\n\n\t\t\n<style>\n#section_1397126702 {\n  padding-top: 0px;\n  padding-bottom: 0px;\n}\n<\/style>\n\t<\/section>\n\t\n\n\t<section class=\"section\" id=\"section_1987782625\">\n\t\t<div class=\"section-bg fill\" >\n\t\t\t\t\t\t\t\t\t\n\t\t\t\n\n\t\t<\/div>\n\n\t\t\n\n\t\t<div class=\"section-content relative\">\n\t\t\t\n<div class=\"row\"  id=\"row-349102373\">\n\n\t<div id=\"col-1634455981\" class=\"col small-12 large-12\"  >\n\t\t\t\t<div class=\"col-inner\"  >\n\t\t\t\n\t\t\t\n\t<div id=\"text-2061777328\" class=\"text\">\n\t\t\n<p>\u00der\u00e1tt fyrir nafni\u00f0 hefur \u00ed raun aldrei sta\u00f0i\u00f0 kirkja \u00e1 \u00feessum fleti en \u00ed dag er kirkjug\u00f3lfi\u00f0 fri\u00f0l\u00fdst n\u00e1tt\u00faruv\u00e6tti.<\/p>\n\t\t\n<style>\n#text-2061777328 {\n  text-align: center;\n}\n<\/style>\n\t<\/div>\n\t\n\t\t<\/div>\n\t\t\t\t\t<\/div>\n\n\t\n<\/div>\n<div class=\"row\"  id=\"row-646694953\">\n\n\t<div id=\"col-2135159591\" class=\"col medium-6 small-12 large-6\"  >\n\t\t\t\t<div class=\"col-inner\"  >\n\t\t\t\n\t\t\t\n\t<div class=\"img has-hover x md-x lg-x y md-y lg-y\" id=\"image_712616301\">\n\t\t<a class=\"image-lightbox lightbox-gallery\" title=\"\" href=\"https:\/\/hotelklaustur.is\/wp-content\/uploads\/2025\/09\/kirkugolf.jpg\">\t\t\t\t\t\t<div class=\"img-inner dark\" >\n\t\t\t<img loading=\"lazy\" decoding=\"async\" width=\"1020\" height=\"681\" src=\"https:\/\/hotelklaustur.is\/wp-content\/uploads\/2025\/09\/kirkugolf-1024x684.jpg\" class=\"attachment-large size-large\" alt=\"Kirkugolf\" srcset=\"https:\/\/hotelklaustur.is\/wp-content\/uploads\/2025\/09\/kirkugolf-1024x684.jpg 1024w, https:\/\/hotelklaustur.is\/wp-content\/uploads\/2025\/09\/kirkugolf-300x200.jpg 300w, https:\/\/hotelklaustur.is\/wp-content\/uploads\/2025\/09\/kirkugolf-768x513.jpg 768w, https:\/\/hotelklaustur.is\/wp-content\/uploads\/2025\/09\/kirkugolf-1536x1025.jpg 1536w, https:\/\/hotelklaustur.is\/wp-content\/uploads\/2025\/09\/kirkugolf.jpg 1600w\" sizes=\"auto, (max-width: 1020px) 100vw, 1020px\" \/>\t\t\t\t\t\t\n\t\t\t\t\t<\/div>\n\t\t\t\t\t\t<\/a>\t\t\n<style>\n#image_712616301 {\n  width: 100%;\n}\n<\/style>\n\t<\/div>\n\t\n\t\t<\/div>\n\t\t\t\t\t<\/div>\n\n\t\n\n\t<div id=\"col-1227057441\" class=\"col medium-6 small-12 large-6\"  >\n\t\t\t\t<div class=\"col-inner\"  >\n\t\t\t\n\t\t\t\n\t<div class=\"img has-hover x md-x lg-x y md-y lg-y\" id=\"image_1007303765\">\n\t\t<a class=\"image-lightbox lightbox-gallery\" title=\"\" href=\"https:\/\/hotelklaustur.is\/wp-content\/uploads\/2025\/09\/church-floor.jpg\">\t\t\t\t\t\t<div class=\"img-inner dark\" >\n\t\t\t<img loading=\"lazy\" decoding=\"async\" width=\"1020\" height=\"681\" src=\"https:\/\/hotelklaustur.is\/wp-content\/uploads\/2025\/09\/church-floor-1024x684.jpg\" class=\"attachment-large size-large\" alt=\"The church floor\" srcset=\"https:\/\/hotelklaustur.is\/wp-content\/uploads\/2025\/09\/church-floor-1024x684.jpg 1024w, https:\/\/hotelklaustur.is\/wp-content\/uploads\/2025\/09\/church-floor-300x200.jpg 300w, https:\/\/hotelklaustur.is\/wp-content\/uploads\/2025\/09\/church-floor-768x513.jpg 768w, https:\/\/hotelklaustur.is\/wp-content\/uploads\/2025\/09\/church-floor-1536x1025.jpg 1536w, https:\/\/hotelklaustur.is\/wp-content\/uploads\/2025\/09\/church-floor.jpg 1600w\" sizes=\"auto, (max-width: 1020px) 100vw, 1020px\" \/>\t\t\t\t\t\t\n\t\t\t\t\t<\/div>\n\t\t\t\t\t\t<\/a>\t\t\n<style>\n#image_1007303765 {\n  width: 100%;\n}\n<\/style>\n\t<\/div>\n\t\n\t\t<\/div>\n\t\t\t\t\t<\/div>\n\n\t\n<\/div>\n\t\t<\/div>\n\n\t\t\n<style>\n#section_1987782625 {\n  padding-top: 30px;\n  padding-bottom: 30px;\n}\n<\/style>\n\t<\/section>\n\t\n","protected":false},"excerpt":{"rendered":"","protected":false},"author":1,"featured_media":0,"parent":1140,"menu_order":0,"comment_status":"closed","ping_status":"closed","template":"","meta":{"_acf_changed":false,"inline_featured_image":false,"footnotes":""},"class_list":["post-1157","page","type-page","status-publish","hentry"],"acf":[],"yoast_head":"<!-- This site is optimized with the Yoast SEO plugin v27.3 - https:\/\/yoast.com\/product\/yoast-seo-wordpress\/ -->\n<title>Kirkjug\u00f3lf - Hotel Klaustur<\/title>\n<meta name=\"description\" content=\"Kirkjug\u00f3lfi\u00f0 er \u00ed g\u00f3\u00f0u g\u00f6nguf\u00e6ri austur af H\u00f3tel Klaustri. \u00dear sem a\u00f0eins s\u00e9st ofan \u00e1 stu\u00f0labergi\u00f0 er sagt a\u00f0 \u00fea\u00f0 l\u00edti \u00fat eins og kirkjug\u00f3lf.\" \/>\n<meta name=\"robots\" content=\"index, follow, max-snippet:-1, max-image-preview:large, max-video-preview:-1\" \/>\n<link rel=\"canonical\" href=\"https:\/\/hotelklaustur.is\/is\/ahugaverdir-stadir\/kirkjugolf\/\" \/>\n<meta property=\"og:locale\" content=\"is_IS\" \/>\n<meta property=\"og:type\" content=\"article\" \/>\n<meta property=\"og:title\" content=\"Kirkjug\u00f3lf - Hotel Klaustur\" \/>\n<meta property=\"og:description\" content=\"Kirkjug\u00f3lfi\u00f0 er \u00ed g\u00f3\u00f0u g\u00f6nguf\u00e6ri austur af H\u00f3tel Klaustri. \u00dear sem a\u00f0eins s\u00e9st ofan \u00e1 stu\u00f0labergi\u00f0 er sagt a\u00f0 \u00fea\u00f0 l\u00edti \u00fat eins og kirkjug\u00f3lf.\" \/>\n<meta property=\"og:url\" content=\"https:\/\/hotelklaustur.is\/is\/ahugaverdir-stadir\/kirkjugolf\/\" \/>\n<meta property=\"og:site_name\" content=\"Hotel Klaustur\" \/>\n<meta property=\"article:publisher\" content=\"https:\/\/www.facebook.com\/hotelklausturiceland\/\" \/>\n<meta property=\"article:modified_time\" content=\"2025-09-03T09:36:50+00:00\" \/>\n<meta name=\"twitter:card\" content=\"summary_large_image\" \/>\n<meta name=\"twitter:label1\" content=\"Est. reading time\" \/>\n\t<meta name=\"twitter:data1\" content=\"1 minute\" \/>\n<script type=\"application\/ld+json\" class=\"yoast-schema-graph\">{\"@context\":\"https:\\\/\\\/schema.org\",\"@graph\":[{\"@type\":\"WebPage\",\"@id\":\"https:\\\/\\\/hotelklaustur.is\\\/is\\\/ahugaverdir-stadir\\\/kirkjugolf\\\/\",\"url\":\"https:\\\/\\\/hotelklaustur.is\\\/is\\\/ahugaverdir-stadir\\\/kirkjugolf\\\/\",\"name\":\"Kirkjug\u00f3lf - Hotel Klaustur\",\"isPartOf\":{\"@id\":\"https:\\\/\\\/hotelklaustur.is\\\/is\\\/#website\"},\"datePublished\":\"2024-06-28T11:23:45+00:00\",\"dateModified\":\"2025-09-03T09:36:50+00:00\",\"description\":\"Kirkjug\u00f3lfi\u00f0 er \u00ed g\u00f3\u00f0u g\u00f6nguf\u00e6ri austur af H\u00f3tel Klaustri. \u00dear sem a\u00f0eins s\u00e9st ofan \u00e1 stu\u00f0labergi\u00f0 er sagt a\u00f0 \u00fea\u00f0 l\u00edti \u00fat eins og kirkjug\u00f3lf.\",\"breadcrumb\":{\"@id\":\"https:\\\/\\\/hotelklaustur.is\\\/is\\\/ahugaverdir-stadir\\\/kirkjugolf\\\/#breadcrumb\"},\"inLanguage\":\"is\",\"potentialAction\":[{\"@type\":\"ReadAction\",\"target\":[\"https:\\\/\\\/hotelklaustur.is\\\/is\\\/ahugaverdir-stadir\\\/kirkjugolf\\\/\"]}]},{\"@type\":\"BreadcrumbList\",\"@id\":\"https:\\\/\\\/hotelklaustur.is\\\/is\\\/ahugaverdir-stadir\\\/kirkjugolf\\\/#breadcrumb\",\"itemListElement\":[{\"@type\":\"ListItem\",\"position\":1,\"name\":\"Heim\",\"item\":\"https:\\\/\\\/hotelklaustur.is\\\/is\\\/\"},{\"@type\":\"ListItem\",\"position\":2,\"name\":\"\u00c1hugaver\u00f0ir sta\u00f0ir\",\"item\":\"https:\\\/\\\/hotelklaustur.is\\\/is\\\/ahugaverdir-stadir\\\/\"},{\"@type\":\"ListItem\",\"position\":3,\"name\":\"Kirkjug\u00f3lf\"}]},{\"@type\":\"WebSite\",\"@id\":\"https:\\\/\\\/hotelklaustur.is\\\/is\\\/#website\",\"url\":\"https:\\\/\\\/hotelklaustur.is\\\/is\\\/\",\"name\":\"Hotel Klaustur\",\"description\":\"\",\"publisher\":{\"@id\":\"https:\\\/\\\/hotelklaustur.is\\\/is\\\/#organization\"},\"potentialAction\":[{\"@type\":\"SearchAction\",\"target\":{\"@type\":\"EntryPoint\",\"urlTemplate\":\"https:\\\/\\\/hotelklaustur.is\\\/is\\\/?s={search_term_string}\"},\"query-input\":{\"@type\":\"PropertyValueSpecification\",\"valueRequired\":true,\"valueName\":\"search_term_string\"}}],\"inLanguage\":\"is\"},{\"@type\":\"Organization\",\"@id\":\"https:\\\/\\\/hotelklaustur.is\\\/is\\\/#organization\",\"name\":\"Hotel Klaustur\",\"url\":\"https:\\\/\\\/hotelklaustur.is\\\/is\\\/\",\"logo\":{\"@type\":\"ImageObject\",\"inLanguage\":\"is\",\"@id\":\"https:\\\/\\\/hotelklaustur.is\\\/is\\\/#\\\/schema\\\/logo\\\/image\\\/\",\"url\":\"https:\\\/\\\/hotelklaustur.is\\\/wp-content\\\/uploads\\\/2025\\\/05\\\/Logo.svg\",\"contentUrl\":\"https:\\\/\\\/hotelklaustur.is\\\/wp-content\\\/uploads\\\/2025\\\/05\\\/Logo.svg\",\"width\":196,\"height\":227,\"caption\":\"Hotel Klaustur\"},\"image\":{\"@id\":\"https:\\\/\\\/hotelklaustur.is\\\/is\\\/#\\\/schema\\\/logo\\\/image\\\/\"},\"sameAs\":[\"https:\\\/\\\/www.facebook.com\\\/hotelklausturiceland\\\/\",\"https:\\\/\\\/www.instagram.com\\\/hotel_klaustur_iceland\\\/\"]}]}<\/script>\n<!-- \/ Yoast SEO plugin. -->","yoast_head_json":{"title":"Kirkjug\u00f3lf - Hotel Klaustur","description":"Kirkjug\u00f3lfi\u00f0 er \u00ed g\u00f3\u00f0u g\u00f6nguf\u00e6ri austur af H\u00f3tel Klaustri. \u00dear sem a\u00f0eins s\u00e9st ofan \u00e1 stu\u00f0labergi\u00f0 er sagt a\u00f0 \u00fea\u00f0 l\u00edti \u00fat eins og kirkjug\u00f3lf.","robots":{"index":"index","follow":"follow","max-snippet":"max-snippet:-1","max-image-preview":"max-image-preview:large","max-video-preview":"max-video-preview:-1"},"canonical":"https:\/\/hotelklaustur.is\/is\/ahugaverdir-stadir\/kirkjugolf\/","og_locale":"is_IS","og_type":"article","og_title":"Kirkjug\u00f3lf - Hotel Klaustur","og_description":"Kirkjug\u00f3lfi\u00f0 er \u00ed g\u00f3\u00f0u g\u00f6nguf\u00e6ri austur af H\u00f3tel Klaustri. \u00dear sem a\u00f0eins s\u00e9st ofan \u00e1 stu\u00f0labergi\u00f0 er sagt a\u00f0 \u00fea\u00f0 l\u00edti \u00fat eins og kirkjug\u00f3lf.","og_url":"https:\/\/hotelklaustur.is\/is\/ahugaverdir-stadir\/kirkjugolf\/","og_site_name":"Hotel Klaustur","article_publisher":"https:\/\/www.facebook.com\/hotelklausturiceland\/","article_modified_time":"2025-09-03T09:36:50+00:00","twitter_card":"summary_large_image","twitter_misc":{"Est. reading time":"1 minute"},"schema":{"@context":"https:\/\/schema.org","@graph":[{"@type":"WebPage","@id":"https:\/\/hotelklaustur.is\/is\/ahugaverdir-stadir\/kirkjugolf\/","url":"https:\/\/hotelklaustur.is\/is\/ahugaverdir-stadir\/kirkjugolf\/","name":"Kirkjug\u00f3lf - Hotel Klaustur","isPartOf":{"@id":"https:\/\/hotelklaustur.is\/is\/#website"},"datePublished":"2024-06-28T11:23:45+00:00","dateModified":"2025-09-03T09:36:50+00:00","description":"Kirkjug\u00f3lfi\u00f0 er \u00ed g\u00f3\u00f0u g\u00f6nguf\u00e6ri austur af H\u00f3tel Klaustri. \u00dear sem a\u00f0eins s\u00e9st ofan \u00e1 stu\u00f0labergi\u00f0 er sagt a\u00f0 \u00fea\u00f0 l\u00edti \u00fat eins og kirkjug\u00f3lf.","breadcrumb":{"@id":"https:\/\/hotelklaustur.is\/is\/ahugaverdir-stadir\/kirkjugolf\/#breadcrumb"},"inLanguage":"is","potentialAction":[{"@type":"ReadAction","target":["https:\/\/hotelklaustur.is\/is\/ahugaverdir-stadir\/kirkjugolf\/"]}]},{"@type":"BreadcrumbList","@id":"https:\/\/hotelklaustur.is\/is\/ahugaverdir-stadir\/kirkjugolf\/#breadcrumb","itemListElement":[{"@type":"ListItem","position":1,"name":"Heim","item":"https:\/\/hotelklaustur.is\/is\/"},{"@type":"ListItem","position":2,"name":"\u00c1hugaver\u00f0ir sta\u00f0ir","item":"https:\/\/hotelklaustur.is\/is\/ahugaverdir-stadir\/"},{"@type":"ListItem","position":3,"name":"Kirkjug\u00f3lf"}]},{"@type":"WebSite","@id":"https:\/\/hotelklaustur.is\/is\/#website","url":"https:\/\/hotelklaustur.is\/is\/","name":"Hotel Klaustur","description":"","publisher":{"@id":"https:\/\/hotelklaustur.is\/is\/#organization"},"potentialAction":[{"@type":"SearchAction","target":{"@type":"EntryPoint","urlTemplate":"https:\/\/hotelklaustur.is\/is\/?s={search_term_string}"},"query-input":{"@type":"PropertyValueSpecification","valueRequired":true,"valueName":"search_term_string"}}],"inLanguage":"is"},{"@type":"Organization","@id":"https:\/\/hotelklaustur.is\/is\/#organization","name":"Hotel Klaustur","url":"https:\/\/hotelklaustur.is\/is\/","logo":{"@type":"ImageObject","inLanguage":"is","@id":"https:\/\/hotelklaustur.is\/is\/#\/schema\/logo\/image\/","url":"https:\/\/hotelklaustur.is\/wp-content\/uploads\/2025\/05\/Logo.svg","contentUrl":"https:\/\/hotelklaustur.is\/wp-content\/uploads\/2025\/05\/Logo.svg","width":196,"height":227,"caption":"Hotel Klaustur"},"image":{"@id":"https:\/\/hotelklaustur.is\/is\/#\/schema\/logo\/image\/"},"sameAs":["https:\/\/www.facebook.com\/hotelklausturiceland\/","https:\/\/www.instagram.com\/hotel_klaustur_iceland\/"]}]}},"_links":{"self":[{"href":"https:\/\/hotelklaustur.is\/is\/wp-json\/wp\/v2\/pages\/1157","targetHints":{"allow":["GET"]}}],"collection":[{"href":"https:\/\/hotelklaustur.is\/is\/wp-json\/wp\/v2\/pages"}],"about":[{"href":"https:\/\/hotelklaustur.is\/is\/wp-json\/wp\/v2\/types\/page"}],"author":[{"embeddable":true,"href":"https:\/\/hotelklaustur.is\/is\/wp-json\/wp\/v2\/users\/1"}],"replies":[{"embeddable":true,"href":"https:\/\/hotelklaustur.is\/is\/wp-json\/wp\/v2\/comments?post=1157"}],"version-history":[{"count":21,"href":"https:\/\/hotelklaustur.is\/is\/wp-json\/wp\/v2\/pages\/1157\/revisions"}],"predecessor-version":[{"id":2181,"href":"https:\/\/hotelklaustur.is\/is\/wp-json\/wp\/v2\/pages\/1157\/revisions\/2181"}],"up":[{"embeddable":true,"href":"https:\/\/hotelklaustur.is\/is\/wp-json\/wp\/v2\/pages\/1140"}],"wp:attachment":[{"href":"https:\/\/hotelklaustur.is\/is\/wp-json\/wp\/v2\/media?parent=1157"}],"curies":[{"name":"wp","href":"https:\/\/api.w.org\/{rel}","templated":true}]}}