{"id":1155,"date":"2024-06-28T11:40:32","date_gmt":"2024-06-28T11:40:32","guid":{"rendered":"http:\/\/hotelklaustur.web23.vefold.is\/ahugaverdir-stadir\/fjallsarlon\/"},"modified":"2025-09-03T14:44:09","modified_gmt":"2025-09-03T14:44:09","slug":"fjallsarlon","status":"publish","type":"page","link":"https:\/\/hotelklaustur.is\/is\/ahugaverdir-stadir\/fjallsarlon\/","title":{"rendered":"Fjalls\u00e1rl\u00f3n"},"content":{"rendered":"\n\t<section class=\"section breadcrumbs-section\" id=\"section_615144012\">\n\t\t<div class=\"section-bg fill\" >\n\t\t\t\t\t\t\t\t\t\n\t\t\t\n\n\t\t<\/div>\n\n\t\t\n\n\t\t<div class=\"section-content relative\">\n\t\t\t\n<div class=\"row row-collapse align-middle align-center\"  id=\"row-342500255\">\n\n\t<div id=\"col-580477734\" class=\"col small-12 large-12\"  >\n\t\t\t\t<div class=\"col-inner\"  >\n\t\t\t\n\t\t\t\n<span><span><a href=\"https:\/\/hotelklaustur.is\/is\/\">Heim<\/a><\/span><\/span>\n\t\t<\/div>\n\t\t\t\t\t<\/div>\n\n\t\n<\/div>\n\t\t<\/div>\n\n\t\t\n<style>\n#section_615144012 {\n  padding-top: 0px;\n  padding-bottom: 0px;\n  background-color: rgba(10, 10, 10, 0.9);\n}\n<\/style>\n\t<\/section>\n\t\n\n\t<section class=\"section\" id=\"section_222898860\">\n\t\t<div class=\"section-bg fill\" >\n\t\t\t\t\t\t\t\t\t\n\t\t\t\n\n\t\t<\/div>\n\n\t\t\n\n\t\t<div class=\"section-content relative\">\n\t\t\t\n<div class=\"row row-collapse row-full-width align-middle align-center\"  id=\"row-786112215\">\n\n\t<div id=\"col-945087756\" class=\"col medium-6 small-12 large-6\"  >\n\t\t\t\t<div class=\"col-inner\"  >\n\t\t\t\n\t\t\t\n\t<div class=\"img has-hover x md-x lg-x y md-y lg-y\" id=\"image_237479688\">\n\t\t<a class=\"image-lightbox lightbox-gallery\" title=\"\" href=\"https:\/\/hotelklaustur.is\/wp-content\/uploads\/2025\/09\/fjallsarlon.jpg\">\t\t\t\t\t\t<div class=\"img-inner dark\" >\n\t\t\t<img loading=\"lazy\" decoding=\"async\" width=\"1020\" height=\"680\" src=\"https:\/\/hotelklaustur.is\/wp-content\/uploads\/2025\/09\/fjallsarlon-1024x683.jpg\" class=\"attachment-large size-large\" alt=\"Fjallsarlon\" srcset=\"https:\/\/hotelklaustur.is\/wp-content\/uploads\/2025\/09\/fjallsarlon-1024x683.jpg 1024w, https:\/\/hotelklaustur.is\/wp-content\/uploads\/2025\/09\/fjallsarlon-300x200.jpg 300w, https:\/\/hotelklaustur.is\/wp-content\/uploads\/2025\/09\/fjallsarlon-768x512.jpg 768w, https:\/\/hotelklaustur.is\/wp-content\/uploads\/2025\/09\/fjallsarlon-1536x1024.jpg 1536w, https:\/\/hotelklaustur.is\/wp-content\/uploads\/2025\/09\/fjallsarlon.jpg 1600w\" sizes=\"auto, (max-width: 1020px) 100vw, 1020px\" \/>\t\t\t\t\t\t\n\t\t\t\t\t<\/div>\n\t\t\t\t\t\t<\/a>\t\t\n<style>\n#image_237479688 {\n  width: 100%;\n}\n<\/style>\n\t<\/div>\n\t\n\t\t<\/div>\n\t\t\t\t\t<\/div>\n\n\t\n\n\t<div id=\"col-166538018\" class=\"col medium-6 small-12 large-6\"  >\n\t\t\t\t<div class=\"col-inner\"  >\n\t\t\t\n\t\t\t\n<div class=\"row align-center\"  id=\"row-732692370\">\n\n\t<div id=\"col-1300792923\" class=\"col medium-10 small-12 large-10\"  >\n\t\t\t\t<div class=\"col-inner\"  >\n\t\t\t\n\t\t\t\n\t<div id=\"text-1359860997\" class=\"text hero attraction-text\">\n\t\t\n<h1>Fjalls\u00e1rl\u00f3n<\/h1>\n<p style=\"max-width: 650px;\">Fjalls\u00e1rl\u00f3n er l\u00f3n vi\u00f0 r\u00e6tur Fjallsj\u00f6kuls, sem er hluti \u00d6r\u00e6faj\u00f6kuls. Fjallsj\u00f6kull teygir sig a\u00f0 l\u00f3ninu \u00fear sem \u00edsjakar brotna af j\u00f6klinum og flj\u00f3ta \u00fear um \u00e1 l\u00f3ninu, \u00ed hundra\u00f0atali. Oft m\u00e1 heyra drungaleg hlj\u00f3\u00f0 \u00feegar tveir e\u00f0a fleiri \u00edsjakar skellast saman. Fjalls\u00e1rl\u00f3n er minna \u00feekkt en hi\u00f0 fr\u00e6ga J\u00f6kuls\u00e1rl\u00f3n en einnig afar falleg sj\u00f3n.<\/p>\n\t\t\n<style>\n#text-1359860997 {\n  color: rgb(0,0,0);\n}\n#text-1359860997 > * {\n  color: rgb(0,0,0);\n}\n<\/style>\n\t<\/div>\n\t\n\t\t<\/div>\n\t\t\t\t\t<\/div>\n\n\t\n\n\t<div id=\"col-545679027\" class=\"col medium-10 small-12 large-10\"  >\n\t\t\t\t<div class=\"col-inner\"  >\n\t\t\t\n\t\t\t\n<a href=\"https:\/\/www.google.is\/maps\/place\/Fjalls%C3%A1rl%C3%B3n\/data=!4m2!3m1!1s0x48d02857f3abcb07:0x95511c8c24562d7f?ved=2ahUKEwiD5te31ZvfAhWCIlAKHdQXB3YQ8gEwGHoECAIQCA\" target=\"_blank\" class=\"button primary is-outline is-large\" rel=\"noopener\" style=\"border-radius:11px;\">\n\t<i class=\"icon-map-pin-fill\" aria-hidden=\"true\"><\/i>\t<span>Sko\u00f0a \u00e1 korti<\/span>\n\t<\/a>\n\n\t\t<\/div>\n\t\t\t\t\t<\/div>\n\n\t\n<\/div>\n\t\t<\/div>\n\t\t\t\t\t<\/div>\n\n\t\n<\/div>\n\t\t<\/div>\n\n\t\t\n<style>\n#section_222898860 {\n  padding-top: 0px;\n  padding-bottom: 0px;\n}\n<\/style>\n\t<\/section>\n\t\n\n\t<section class=\"section\" id=\"section_924526325\">\n\t\t<div class=\"section-bg fill\" >\n\t\t\t\t\t\t\t\t\t\n\t\t\t\n\n\t\t<\/div>\n\n\t\t\n\n\t\t<div class=\"section-content relative\">\n\t\t\t\n<div class=\"row\"  id=\"row-1872699063\">\n\n\t<div id=\"col-882562894\" class=\"col medium-6 small-12 large-6\"  >\n\t\t\t\t<div class=\"col-inner\"  >\n\t\t\t\n\t\t\t\n\t<div class=\"img has-hover x md-x lg-x y md-y lg-y\" id=\"image_1310799129\">\n\t\t<a class=\"image-lightbox lightbox-gallery\" title=\"\" href=\"https:\/\/hotelklaustur.is\/wp-content\/uploads\/2025\/09\/fjallsarlon-view.jpg\">\t\t\t\t\t\t<div class=\"img-inner dark\" >\n\t\t\t<img loading=\"lazy\" decoding=\"async\" width=\"1020\" height=\"680\" src=\"https:\/\/hotelklaustur.is\/wp-content\/uploads\/2025\/09\/fjallsarlon-view-1024x683.jpg\" class=\"attachment-large size-large\" alt=\"Picture of the\" srcset=\"https:\/\/hotelklaustur.is\/wp-content\/uploads\/2025\/09\/fjallsarlon-view-1024x683.jpg 1024w, https:\/\/hotelklaustur.is\/wp-content\/uploads\/2025\/09\/fjallsarlon-view-300x200.jpg 300w, https:\/\/hotelklaustur.is\/wp-content\/uploads\/2025\/09\/fjallsarlon-view-768x512.jpg 768w, https:\/\/hotelklaustur.is\/wp-content\/uploads\/2025\/09\/fjallsarlon-view-1536x1024.jpg 1536w, https:\/\/hotelklaustur.is\/wp-content\/uploads\/2025\/09\/fjallsarlon-view.jpg 1600w\" sizes=\"auto, (max-width: 1020px) 100vw, 1020px\" \/>\t\t\t\t\t\t\n\t\t\t\t\t<\/div>\n\t\t\t\t\t\t<\/a>\t\t\n<style>\n#image_1310799129 {\n  width: 100%;\n}\n<\/style>\n\t<\/div>\n\t\n\t\t<\/div>\n\t\t\t\t\t<\/div>\n\n\t\n\n\t<div id=\"col-415402427\" class=\"col medium-6 small-12 large-6\"  >\n\t\t\t\t<div class=\"col-inner\"  >\n\t\t\t\n\t\t\t\n\t<div class=\"img has-hover x md-x lg-x y md-y lg-y\" id=\"image_1064185665\">\n\t\t<a class=\"image-lightbox lightbox-gallery\" title=\"\" href=\"https:\/\/hotelklaustur.is\/wp-content\/uploads\/2025\/09\/fjallsarlon-glacier.jpg\">\t\t\t\t\t\t<div class=\"img-inner dark\" >\n\t\t\t<img loading=\"lazy\" decoding=\"async\" width=\"1020\" height=\"680\" src=\"https:\/\/hotelklaustur.is\/wp-content\/uploads\/2025\/09\/fjallsarlon-glacier-1024x683.jpg\" class=\"attachment-large size-large\" alt=\"Fjalls\u00e1rl\u00f3n\" srcset=\"https:\/\/hotelklaustur.is\/wp-content\/uploads\/2025\/09\/fjallsarlon-glacier-1024x683.jpg 1024w, https:\/\/hotelklaustur.is\/wp-content\/uploads\/2025\/09\/fjallsarlon-glacier-300x200.jpg 300w, https:\/\/hotelklaustur.is\/wp-content\/uploads\/2025\/09\/fjallsarlon-glacier-768x512.jpg 768w, https:\/\/hotelklaustur.is\/wp-content\/uploads\/2025\/09\/fjallsarlon-glacier-1536x1024.jpg 1536w, https:\/\/hotelklaustur.is\/wp-content\/uploads\/2025\/09\/fjallsarlon-glacier.jpg 1600w\" sizes=\"auto, (max-width: 1020px) 100vw, 1020px\" \/>\t\t\t\t\t\t\n\t\t\t\t\t<\/div>\n\t\t\t\t\t\t<\/a>\t\t\n<style>\n#image_1064185665 {\n  width: 100%;\n}\n<\/style>\n\t<\/div>\n\t\n\t\t<\/div>\n\t\t\t\t\t<\/div>\n\n\t\n<\/div>\n\t\t<\/div>\n\n\t\t\n<style>\n#section_924526325 {\n  padding-top: 30px;\n  padding-bottom: 30px;\n}\n<\/style>\n\t<\/section>\n\t\n","protected":false},"excerpt":{"rendered":"","protected":false},"author":1,"featured_media":0,"parent":1140,"menu_order":0,"comment_status":"closed","ping_status":"closed","template":"","meta":{"_acf_changed":false,"inline_featured_image":false,"footnotes":""},"class_list":["post-1155","page","type-page","status-publish","hentry"],"acf":[],"yoast_head":"<!-- This site is optimized with the Yoast SEO plugin v27.3 - https:\/\/yoast.com\/product\/yoast-seo-wordpress\/ -->\n<title>Fjalls\u00e1rl\u00f3n - Hotel Klaustur<\/title>\n<meta name=\"description\" content=\"Fjalls\u00e1rl\u00f3n er ekki jafn \u00feekkt en alveg jafn magna\u00f0. J\u00f6kull\u00f3ni\u00f0 liggur vi\u00f0 j\u00f6kultungu Fjallsj\u00f6kuls og er mynda\u00f0 af \u00edsj\u00f6kum og j\u00f6kulvatni hans.\" \/>\n<meta name=\"robots\" content=\"index, follow, max-snippet:-1, max-image-preview:large, max-video-preview:-1\" \/>\n<link rel=\"canonical\" href=\"https:\/\/hotelklaustur.is\/is\/ahugaverdir-stadir\/fjallsarlon\/\" \/>\n<meta property=\"og:locale\" content=\"is_IS\" \/>\n<meta property=\"og:type\" content=\"article\" \/>\n<meta property=\"og:title\" content=\"Fjalls\u00e1rl\u00f3n - Hotel Klaustur\" \/>\n<meta property=\"og:description\" content=\"Fjalls\u00e1rl\u00f3n er ekki jafn \u00feekkt en alveg jafn magna\u00f0. J\u00f6kull\u00f3ni\u00f0 liggur vi\u00f0 j\u00f6kultungu Fjallsj\u00f6kuls og er mynda\u00f0 af \u00edsj\u00f6kum og j\u00f6kulvatni hans.\" \/>\n<meta property=\"og:url\" content=\"https:\/\/hotelklaustur.is\/is\/ahugaverdir-stadir\/fjallsarlon\/\" \/>\n<meta property=\"og:site_name\" content=\"Hotel Klaustur\" \/>\n<meta property=\"article:publisher\" content=\"https:\/\/www.facebook.com\/hotelklausturiceland\/\" \/>\n<meta property=\"article:modified_time\" content=\"2025-09-03T14:44:09+00:00\" \/>\n<meta name=\"twitter:card\" content=\"summary_large_image\" \/>\n<meta name=\"twitter:label1\" content=\"Est. reading time\" \/>\n\t<meta name=\"twitter:data1\" content=\"1 minute\" \/>\n<script type=\"application\/ld+json\" class=\"yoast-schema-graph\">{\"@context\":\"https:\\\/\\\/schema.org\",\"@graph\":[{\"@type\":\"WebPage\",\"@id\":\"https:\\\/\\\/hotelklaustur.is\\\/is\\\/ahugaverdir-stadir\\\/fjallsarlon\\\/\",\"url\":\"https:\\\/\\\/hotelklaustur.is\\\/is\\\/ahugaverdir-stadir\\\/fjallsarlon\\\/\",\"name\":\"Fjalls\u00e1rl\u00f3n - Hotel Klaustur\",\"isPartOf\":{\"@id\":\"https:\\\/\\\/hotelklaustur.is\\\/is\\\/#website\"},\"datePublished\":\"2024-06-28T11:40:32+00:00\",\"dateModified\":\"2025-09-03T14:44:09+00:00\",\"description\":\"Fjalls\u00e1rl\u00f3n er ekki jafn \u00feekkt en alveg jafn magna\u00f0. J\u00f6kull\u00f3ni\u00f0 liggur vi\u00f0 j\u00f6kultungu Fjallsj\u00f6kuls og er mynda\u00f0 af \u00edsj\u00f6kum og j\u00f6kulvatni hans.\",\"breadcrumb\":{\"@id\":\"https:\\\/\\\/hotelklaustur.is\\\/is\\\/ahugaverdir-stadir\\\/fjallsarlon\\\/#breadcrumb\"},\"inLanguage\":\"is\",\"potentialAction\":[{\"@type\":\"ReadAction\",\"target\":[\"https:\\\/\\\/hotelklaustur.is\\\/is\\\/ahugaverdir-stadir\\\/fjallsarlon\\\/\"]}]},{\"@type\":\"BreadcrumbList\",\"@id\":\"https:\\\/\\\/hotelklaustur.is\\\/is\\\/ahugaverdir-stadir\\\/fjallsarlon\\\/#breadcrumb\",\"itemListElement\":[{\"@type\":\"ListItem\",\"position\":1,\"name\":\"Heim\",\"item\":\"https:\\\/\\\/hotelklaustur.is\\\/is\\\/\"},{\"@type\":\"ListItem\",\"position\":2,\"name\":\"\u00c1hugaver\u00f0ir sta\u00f0ir\",\"item\":\"https:\\\/\\\/hotelklaustur.is\\\/is\\\/ahugaverdir-stadir\\\/\"},{\"@type\":\"ListItem\",\"position\":3,\"name\":\"Fjalls\u00e1rl\u00f3n\"}]},{\"@type\":\"WebSite\",\"@id\":\"https:\\\/\\\/hotelklaustur.is\\\/is\\\/#website\",\"url\":\"https:\\\/\\\/hotelklaustur.is\\\/is\\\/\",\"name\":\"Hotel Klaustur\",\"description\":\"\",\"publisher\":{\"@id\":\"https:\\\/\\\/hotelklaustur.is\\\/is\\\/#organization\"},\"potentialAction\":[{\"@type\":\"SearchAction\",\"target\":{\"@type\":\"EntryPoint\",\"urlTemplate\":\"https:\\\/\\\/hotelklaustur.is\\\/is\\\/?s={search_term_string}\"},\"query-input\":{\"@type\":\"PropertyValueSpecification\",\"valueRequired\":true,\"valueName\":\"search_term_string\"}}],\"inLanguage\":\"is\"},{\"@type\":\"Organization\",\"@id\":\"https:\\\/\\\/hotelklaustur.is\\\/is\\\/#organization\",\"name\":\"Hotel Klaustur\",\"url\":\"https:\\\/\\\/hotelklaustur.is\\\/is\\\/\",\"logo\":{\"@type\":\"ImageObject\",\"inLanguage\":\"is\",\"@id\":\"https:\\\/\\\/hotelklaustur.is\\\/is\\\/#\\\/schema\\\/logo\\\/image\\\/\",\"url\":\"https:\\\/\\\/hotelklaustur.is\\\/wp-content\\\/uploads\\\/2025\\\/05\\\/Logo.svg\",\"contentUrl\":\"https:\\\/\\\/hotelklaustur.is\\\/wp-content\\\/uploads\\\/2025\\\/05\\\/Logo.svg\",\"width\":196,\"height\":227,\"caption\":\"Hotel Klaustur\"},\"image\":{\"@id\":\"https:\\\/\\\/hotelklaustur.is\\\/is\\\/#\\\/schema\\\/logo\\\/image\\\/\"},\"sameAs\":[\"https:\\\/\\\/www.facebook.com\\\/hotelklausturiceland\\\/\",\"https:\\\/\\\/www.instagram.com\\\/hotel_klaustur_iceland\\\/\"]}]}<\/script>\n<!-- \/ Yoast SEO plugin. -->","yoast_head_json":{"title":"Fjalls\u00e1rl\u00f3n - Hotel Klaustur","description":"Fjalls\u00e1rl\u00f3n er ekki jafn \u00feekkt en alveg jafn magna\u00f0. J\u00f6kull\u00f3ni\u00f0 liggur vi\u00f0 j\u00f6kultungu Fjallsj\u00f6kuls og er mynda\u00f0 af \u00edsj\u00f6kum og j\u00f6kulvatni hans.","robots":{"index":"index","follow":"follow","max-snippet":"max-snippet:-1","max-image-preview":"max-image-preview:large","max-video-preview":"max-video-preview:-1"},"canonical":"https:\/\/hotelklaustur.is\/is\/ahugaverdir-stadir\/fjallsarlon\/","og_locale":"is_IS","og_type":"article","og_title":"Fjalls\u00e1rl\u00f3n - Hotel Klaustur","og_description":"Fjalls\u00e1rl\u00f3n er ekki jafn \u00feekkt en alveg jafn magna\u00f0. J\u00f6kull\u00f3ni\u00f0 liggur vi\u00f0 j\u00f6kultungu Fjallsj\u00f6kuls og er mynda\u00f0 af \u00edsj\u00f6kum og j\u00f6kulvatni hans.","og_url":"https:\/\/hotelklaustur.is\/is\/ahugaverdir-stadir\/fjallsarlon\/","og_site_name":"Hotel Klaustur","article_publisher":"https:\/\/www.facebook.com\/hotelklausturiceland\/","article_modified_time":"2025-09-03T14:44:09+00:00","twitter_card":"summary_large_image","twitter_misc":{"Est. reading time":"1 minute"},"schema":{"@context":"https:\/\/schema.org","@graph":[{"@type":"WebPage","@id":"https:\/\/hotelklaustur.is\/is\/ahugaverdir-stadir\/fjallsarlon\/","url":"https:\/\/hotelklaustur.is\/is\/ahugaverdir-stadir\/fjallsarlon\/","name":"Fjalls\u00e1rl\u00f3n - Hotel Klaustur","isPartOf":{"@id":"https:\/\/hotelklaustur.is\/is\/#website"},"datePublished":"2024-06-28T11:40:32+00:00","dateModified":"2025-09-03T14:44:09+00:00","description":"Fjalls\u00e1rl\u00f3n er ekki jafn \u00feekkt en alveg jafn magna\u00f0. J\u00f6kull\u00f3ni\u00f0 liggur vi\u00f0 j\u00f6kultungu Fjallsj\u00f6kuls og er mynda\u00f0 af \u00edsj\u00f6kum og j\u00f6kulvatni hans.","breadcrumb":{"@id":"https:\/\/hotelklaustur.is\/is\/ahugaverdir-stadir\/fjallsarlon\/#breadcrumb"},"inLanguage":"is","potentialAction":[{"@type":"ReadAction","target":["https:\/\/hotelklaustur.is\/is\/ahugaverdir-stadir\/fjallsarlon\/"]}]},{"@type":"BreadcrumbList","@id":"https:\/\/hotelklaustur.is\/is\/ahugaverdir-stadir\/fjallsarlon\/#breadcrumb","itemListElement":[{"@type":"ListItem","position":1,"name":"Heim","item":"https:\/\/hotelklaustur.is\/is\/"},{"@type":"ListItem","position":2,"name":"\u00c1hugaver\u00f0ir sta\u00f0ir","item":"https:\/\/hotelklaustur.is\/is\/ahugaverdir-stadir\/"},{"@type":"ListItem","position":3,"name":"Fjalls\u00e1rl\u00f3n"}]},{"@type":"WebSite","@id":"https:\/\/hotelklaustur.is\/is\/#website","url":"https:\/\/hotelklaustur.is\/is\/","name":"Hotel Klaustur","description":"","publisher":{"@id":"https:\/\/hotelklaustur.is\/is\/#organization"},"potentialAction":[{"@type":"SearchAction","target":{"@type":"EntryPoint","urlTemplate":"https:\/\/hotelklaustur.is\/is\/?s={search_term_string}"},"query-input":{"@type":"PropertyValueSpecification","valueRequired":true,"valueName":"search_term_string"}}],"inLanguage":"is"},{"@type":"Organization","@id":"https:\/\/hotelklaustur.is\/is\/#organization","name":"Hotel Klaustur","url":"https:\/\/hotelklaustur.is\/is\/","logo":{"@type":"ImageObject","inLanguage":"is","@id":"https:\/\/hotelklaustur.is\/is\/#\/schema\/logo\/image\/","url":"https:\/\/hotelklaustur.is\/wp-content\/uploads\/2025\/05\/Logo.svg","contentUrl":"https:\/\/hotelklaustur.is\/wp-content\/uploads\/2025\/05\/Logo.svg","width":196,"height":227,"caption":"Hotel Klaustur"},"image":{"@id":"https:\/\/hotelklaustur.is\/is\/#\/schema\/logo\/image\/"},"sameAs":["https:\/\/www.facebook.com\/hotelklausturiceland\/","https:\/\/www.instagram.com\/hotel_klaustur_iceland\/"]}]}},"_links":{"self":[{"href":"https:\/\/hotelklaustur.is\/is\/wp-json\/wp\/v2\/pages\/1155","targetHints":{"allow":["GET"]}}],"collection":[{"href":"https:\/\/hotelklaustur.is\/is\/wp-json\/wp\/v2\/pages"}],"about":[{"href":"https:\/\/hotelklaustur.is\/is\/wp-json\/wp\/v2\/types\/page"}],"author":[{"embeddable":true,"href":"https:\/\/hotelklaustur.is\/is\/wp-json\/wp\/v2\/users\/1"}],"replies":[{"embeddable":true,"href":"https:\/\/hotelklaustur.is\/is\/wp-json\/wp\/v2\/comments?post=1155"}],"version-history":[{"count":4,"href":"https:\/\/hotelklaustur.is\/is\/wp-json\/wp\/v2\/pages\/1155\/revisions"}],"predecessor-version":[{"id":2212,"href":"https:\/\/hotelklaustur.is\/is\/wp-json\/wp\/v2\/pages\/1155\/revisions\/2212"}],"up":[{"embeddable":true,"href":"https:\/\/hotelklaustur.is\/is\/wp-json\/wp\/v2\/pages\/1140"}],"wp:attachment":[{"href":"https:\/\/hotelklaustur.is\/is\/wp-json\/wp\/v2\/media?parent=1155"}],"curies":[{"name":"wp","href":"https:\/\/api.w.org\/{rel}","templated":true}]}}