{"id":1154,"date":"2024-06-28T13:10:07","date_gmt":"2024-06-28T13:10:07","guid":{"rendered":"http:\/\/hotelklaustur.web23.vefold.is\/ahugaverdir-stadir\/lakagigar\/"},"modified":"2025-09-03T15:36:27","modified_gmt":"2025-09-03T15:36:27","slug":"lakagigar","status":"publish","type":"page","link":"https:\/\/hotelklaustur.is\/is\/ahugaverdir-stadir\/lakagigar\/","title":{"rendered":"Lakag\u00edgar"},"content":{"rendered":"\n\t<section class=\"section breadcrumbs-section\" id=\"section_1010207045\">\n\t\t<div class=\"section-bg fill\" >\n\t\t\t\t\t\t\t\t\t\n\t\t\t\n\n\t\t<\/div>\n\n\t\t\n\n\t\t<div class=\"section-content relative\">\n\t\t\t\n<div class=\"row row-collapse align-middle align-center\"  id=\"row-1796234345\">\n\n\t<div id=\"col-886060740\" class=\"col small-12 large-12\"  >\n\t\t\t\t<div class=\"col-inner\"  >\n\t\t\t\n\t\t\t\n<span><span><a href=\"https:\/\/hotelklaustur.is\/is\/\">Heim<\/a><\/span><\/span>\n\t\t<\/div>\n\t\t\t\t\t<\/div>\n\n\t\n<\/div>\n\t\t<\/div>\n\n\t\t\n<style>\n#section_1010207045 {\n  padding-top: 0px;\n  padding-bottom: 0px;\n  background-color: rgba(10, 10, 10, 0.9);\n}\n<\/style>\n\t<\/section>\n\t\n\n\t<section class=\"section\" id=\"section_254297664\">\n\t\t<div class=\"section-bg fill\" >\n\t\t\t\t\t\t\t\t\t\n\t\t\t\n\n\t\t<\/div>\n\n\t\t\n\n\t\t<div class=\"section-content relative\">\n\t\t\t\n<div class=\"row row-collapse row-full-width align-middle align-center\"  id=\"row-1800648007\">\n\n\t<div id=\"col-585075493\" class=\"col medium-6 small-12 large-6\"  >\n\t\t\t\t<div class=\"col-inner\"  >\n\t\t\t\n\t\t\t\n\t<div class=\"img has-hover x md-x lg-x y md-y lg-y\" id=\"image_986575363\">\n\t\t<a class=\"image-lightbox lightbox-gallery\" title=\"\" href=\"https:\/\/hotelklaustur.is\/wp-content\/uploads\/2025\/09\/lakagigar-iceland.jpg\">\t\t\t\t\t\t<div class=\"img-inner dark\" >\n\t\t\t<img loading=\"lazy\" decoding=\"async\" width=\"1020\" height=\"681\" src=\"https:\/\/hotelklaustur.is\/wp-content\/uploads\/2025\/09\/lakagigar-iceland-1024x684.jpg\" class=\"attachment-large size-large\" alt=\"\" srcset=\"https:\/\/hotelklaustur.is\/wp-content\/uploads\/2025\/09\/lakagigar-iceland-1024x684.jpg 1024w, https:\/\/hotelklaustur.is\/wp-content\/uploads\/2025\/09\/lakagigar-iceland-300x200.jpg 300w, https:\/\/hotelklaustur.is\/wp-content\/uploads\/2025\/09\/lakagigar-iceland-768x513.jpg 768w, https:\/\/hotelklaustur.is\/wp-content\/uploads\/2025\/09\/lakagigar-iceland-1536x1025.jpg 1536w, https:\/\/hotelklaustur.is\/wp-content\/uploads\/2025\/09\/lakagigar-iceland.jpg 1600w\" sizes=\"auto, (max-width: 1020px) 100vw, 1020px\" \/>\t\t\t\t\t\t\n\t\t\t\t\t<\/div>\n\t\t\t\t\t\t<\/a>\t\t\n<style>\n#image_986575363 {\n  width: 100%;\n}\n<\/style>\n\t<\/div>\n\t\n\t\t<\/div>\n\t\t\t\t\t<\/div>\n\n\t\n\n\t<div id=\"col-1347591233\" class=\"col medium-6 small-12 large-6\"  >\n\t\t\t\t<div class=\"col-inner\"  >\n\t\t\t\n\t\t\t\n<div class=\"row align-center\"  id=\"row-1404975690\">\n\n\t<div id=\"col-708139204\" class=\"col medium-9 small-12 large-9\"  >\n\t\t\t\t<div class=\"col-inner\"  >\n\t\t\t\n\t\t\t\n\t<div id=\"text-1027863449\" class=\"text hero attraction-text\">\n\t\t\n<h1>Lakag\u00edgar<\/h1>\n<p>Hina fr\u00e6gu Lakag\u00edga er a\u00f0 finna \u00ed Vatnaj\u00f6kuls\u00fej\u00f3\u00f0gar\u00f0i, en Lakag\u00edgar eru st\u00f3rfengleg 25 k\u00edl\u00f3metra l\u00f6ng g\u00edgar\u00f6\u00f0 \u00e1 S\u00ed\u00f0umannaafr\u00e9tti. Lakag\u00edgar ur\u00f0u til \u00e1ri\u00f0 1783 \u00ed Skaft\u00e1reldum, einu mesta hraungosi sem or\u00f0i\u00f0 hefur \u00e1 j\u00f6r\u00f0inni.<\/P><\/p>\n\t\t\n<style>\n#text-1027863449 {\n  color: rgb(0,0,0);\n}\n#text-1027863449 > * {\n  color: rgb(0,0,0);\n}\n<\/style>\n\t<\/div>\n\t\n\t\t<\/div>\n\t\t\t\t\t<\/div>\n\n\t\n\n\t<div id=\"col-1582651274\" class=\"col medium-9 small-12 large-9\"  >\n\t\t\t\t<div class=\"col-inner\"  >\n\t\t\t\n\t\t\t\n<a href=\"https:\/\/www.google.is\/maps\/place\/Laki\/@64.0746151,-18.232584,11z\/data=!3m1!4b1!4m6!3m5!1s0x48d104c700dd0979:0x7487ecf70f2708d8!8m2!3d64.0706682!4d-18.2378029!16zL20vMDMzMjFr?entry=ttu&#038;g_ep=EgoyMDI1MDUyOC4wIKXMDSoASAFQAw%3D%3D\" target=\"_blank\" class=\"button primary is-outline is-large\" rel=\"noopener\" style=\"border-radius:11px;\">\n\t<i class=\"icon-map-pin-fill\" aria-hidden=\"true\"><\/i>\t<span>Sko\u00f0a \u00e1 korti<\/span>\n\t<\/a>\n\n\t\t<\/div>\n\t\t\t\t\t<\/div>\n\n\t\n<\/div>\n\t\t<\/div>\n\t\t\t\t\t<\/div>\n\n\t\n<\/div>\n\t\t<\/div>\n\n\t\t\n<style>\n#section_254297664 {\n  padding-top: 0px;\n  padding-bottom: 0px;\n}\n<\/style>\n\t<\/section>\n\t\n<div class=\"row\"  id=\"row-1488915361\">\n\n\t<div id=\"col-943865130\" class=\"col medium-6 small-12 large-6\"  >\n\t\t\t\t<div class=\"col-inner\"  >\n\t\t\t\n\t\t\t\n<p>Skaft\u00e1reldar ollu svo M\u00f3\u00f0uhar\u00f0indum, einum mestu har\u00f0indum \u00cdslandss\u00f6gunnar. \u00dev\u00ed m\u00e1 me\u00f0 sanni segja a\u00f0 S\u00ed\u00f0uafr\u00e9ttur s\u00e9 einkenndur af fallegu landslagi og merkilegri s\u00f6gu.<\/p>\n\t\t<\/div>\n\t\t\t\t\t<\/div>\n\n\t\n\n\t<div id=\"col-1059153253\" class=\"col medium-6 small-12 large-6\"  >\n\t\t\t\t<div class=\"col-inner\"  >\n\t\t\t\n\t\t\t\n<p>\u00cd dag eru flestir Lakag\u00edga huldir gr\u00e1mosa sem er afar vi\u00f0kv\u00e6mur svo vi\u00f0 bi\u00f0jum alla fer\u00f0amenn sem \u00e6tla s\u00e9r a\u00f0 sko\u00f0a g\u00edgana a\u00f0 taka tillit til \u00feess og fara eftir umgengnisreglum um sv\u00e6\u00f0i\u00f0. Lakag\u00edgar voru fri\u00f0l\u00fdstir \u00e1ri\u00f0 1971.<\/P><\/p>\n\t\t<\/div>\n\t\t\t\t\t<\/div>\n\n\t\n<\/div>\n<div class=\"row\"  id=\"row-789730966\">\n\n\t<div id=\"col-457979164\" class=\"col medium-6 small-12 large-6\"  >\n\t\t\t\t<div class=\"col-inner\"  >\n\t\t\t\n\t\t\t\n\t<div class=\"img has-hover x md-x lg-x y md-y lg-y\" id=\"image_29481491\">\n\t\t<a class=\"image-lightbox lightbox-gallery\" title=\"\" href=\"https:\/\/hotelklaustur.is\/wp-content\/uploads\/2025\/09\/laki-craters.jpg\">\t\t\t\t\t\t<div class=\"img-inner dark\" >\n\t\t\t<img loading=\"lazy\" decoding=\"async\" width=\"1020\" height=\"681\" src=\"https:\/\/hotelklaustur.is\/wp-content\/uploads\/2025\/09\/laki-craters-1024x684.jpg\" class=\"attachment-large size-large\" alt=\"\" srcset=\"https:\/\/hotelklaustur.is\/wp-content\/uploads\/2025\/09\/laki-craters-1024x684.jpg 1024w, https:\/\/hotelklaustur.is\/wp-content\/uploads\/2025\/09\/laki-craters-300x200.jpg 300w, https:\/\/hotelklaustur.is\/wp-content\/uploads\/2025\/09\/laki-craters-768x513.jpg 768w, https:\/\/hotelklaustur.is\/wp-content\/uploads\/2025\/09\/laki-craters-1536x1025.jpg 1536w, https:\/\/hotelklaustur.is\/wp-content\/uploads\/2025\/09\/laki-craters.jpg 1600w\" sizes=\"auto, (max-width: 1020px) 100vw, 1020px\" \/>\t\t\t\t\t\t\n\t\t\t\t\t<\/div>\n\t\t\t\t\t\t<\/a>\t\t\n<style>\n#image_29481491 {\n  width: 100%;\n}\n<\/style>\n\t<\/div>\n\t\n\t\t<\/div>\n\t\t\t\t\t<\/div>\n\n\t\n\n\t<div id=\"col-505627731\" class=\"col medium-6 small-12 large-6\"  >\n\t\t\t\t<div class=\"col-inner\"  >\n\t\t\t\n\t\t\t\n\t<div class=\"img has-hover x md-x lg-x y md-y lg-y\" id=\"image_1083292649\">\n\t\t<a class=\"image-lightbox lightbox-gallery\" title=\"\" href=\"https:\/\/hotelklaustur.is\/wp-content\/uploads\/2025\/09\/lakagigar.jpg\">\t\t\t\t\t\t<div class=\"img-inner dark\" >\n\t\t\t<img loading=\"lazy\" decoding=\"async\" width=\"1020\" height=\"681\" src=\"https:\/\/hotelklaustur.is\/wp-content\/uploads\/2025\/09\/lakagigar-1024x684.jpg\" class=\"attachment-large size-large\" alt=\"Lakag\u00edgar\" srcset=\"https:\/\/hotelklaustur.is\/wp-content\/uploads\/2025\/09\/lakagigar-1024x684.jpg 1024w, https:\/\/hotelklaustur.is\/wp-content\/uploads\/2025\/09\/lakagigar-300x200.jpg 300w, https:\/\/hotelklaustur.is\/wp-content\/uploads\/2025\/09\/lakagigar-768x513.jpg 768w, https:\/\/hotelklaustur.is\/wp-content\/uploads\/2025\/09\/lakagigar-1536x1025.jpg 1536w, https:\/\/hotelklaustur.is\/wp-content\/uploads\/2025\/09\/lakagigar.jpg 1600w\" sizes=\"auto, (max-width: 1020px) 100vw, 1020px\" \/>\t\t\t\t\t\t\n\t\t\t\t\t<\/div>\n\t\t\t\t\t\t<\/a>\t\t\n<style>\n#image_1083292649 {\n  width: 100%;\n}\n<\/style>\n\t<\/div>\n\t\n\t\t<\/div>\n\t\t\t\t\t<\/div>\n\n\t\n<\/div>\n","protected":false},"excerpt":{"rendered":"","protected":false},"author":1,"featured_media":0,"parent":1140,"menu_order":0,"comment_status":"closed","ping_status":"closed","template":"","meta":{"_acf_changed":false,"inline_featured_image":false,"footnotes":""},"class_list":["post-1154","page","type-page","status-publish","hentry"],"acf":[],"yoast_head":"<!-- This site is optimized with the Yoast SEO plugin v27.3 - https:\/\/yoast.com\/product\/yoast-seo-wordpress\/ -->\n<title>Lakag\u00edgar - Hotel Klaustur<\/title>\n<meta name=\"description\" content=\"Lakag\u00edgar eru r\u00f6\u00f0 g\u00edga sem myndu\u00f0ust \u00ed Skaft\u00e1reldum 1783\u20131784 og eru a\u00f0eins \u00ed \u00f6rstuttri fjarl\u00e6g\u00f0 fr\u00e1 H\u00f3tel Klaustri.\" \/>\n<meta name=\"robots\" content=\"index, follow, max-snippet:-1, max-image-preview:large, max-video-preview:-1\" \/>\n<link rel=\"canonical\" href=\"https:\/\/hotelklaustur.is\/is\/ahugaverdir-stadir\/lakagigar\/\" \/>\n<meta property=\"og:locale\" content=\"is_IS\" \/>\n<meta property=\"og:type\" content=\"article\" \/>\n<meta property=\"og:title\" content=\"Lakag\u00edgar - Hotel Klaustur\" \/>\n<meta property=\"og:description\" content=\"Lakag\u00edgar eru r\u00f6\u00f0 g\u00edga sem myndu\u00f0ust \u00ed Skaft\u00e1reldum 1783\u20131784 og eru a\u00f0eins \u00ed \u00f6rstuttri fjarl\u00e6g\u00f0 fr\u00e1 H\u00f3tel Klaustri.\" \/>\n<meta property=\"og:url\" content=\"https:\/\/hotelklaustur.is\/is\/ahugaverdir-stadir\/lakagigar\/\" \/>\n<meta property=\"og:site_name\" content=\"Hotel Klaustur\" \/>\n<meta property=\"article:publisher\" content=\"https:\/\/www.facebook.com\/hotelklausturiceland\/\" \/>\n<meta property=\"article:modified_time\" content=\"2025-09-03T15:36:27+00:00\" \/>\n<meta name=\"twitter:card\" content=\"summary_large_image\" \/>\n<meta name=\"twitter:label1\" content=\"Est. reading time\" \/>\n\t<meta name=\"twitter:data1\" content=\"1 minute\" \/>\n<script type=\"application\/ld+json\" class=\"yoast-schema-graph\">{\"@context\":\"https:\\\/\\\/schema.org\",\"@graph\":[{\"@type\":\"WebPage\",\"@id\":\"https:\\\/\\\/hotelklaustur.is\\\/is\\\/ahugaverdir-stadir\\\/lakagigar\\\/\",\"url\":\"https:\\\/\\\/hotelklaustur.is\\\/is\\\/ahugaverdir-stadir\\\/lakagigar\\\/\",\"name\":\"Lakag\u00edgar - Hotel Klaustur\",\"isPartOf\":{\"@id\":\"https:\\\/\\\/hotelklaustur.is\\\/is\\\/#website\"},\"datePublished\":\"2024-06-28T13:10:07+00:00\",\"dateModified\":\"2025-09-03T15:36:27+00:00\",\"description\":\"Lakag\u00edgar eru r\u00f6\u00f0 g\u00edga sem myndu\u00f0ust \u00ed Skaft\u00e1reldum 1783\u20131784 og eru a\u00f0eins \u00ed \u00f6rstuttri fjarl\u00e6g\u00f0 fr\u00e1 H\u00f3tel Klaustri.\",\"breadcrumb\":{\"@id\":\"https:\\\/\\\/hotelklaustur.is\\\/is\\\/ahugaverdir-stadir\\\/lakagigar\\\/#breadcrumb\"},\"inLanguage\":\"is\",\"potentialAction\":[{\"@type\":\"ReadAction\",\"target\":[\"https:\\\/\\\/hotelklaustur.is\\\/is\\\/ahugaverdir-stadir\\\/lakagigar\\\/\"]}]},{\"@type\":\"BreadcrumbList\",\"@id\":\"https:\\\/\\\/hotelklaustur.is\\\/is\\\/ahugaverdir-stadir\\\/lakagigar\\\/#breadcrumb\",\"itemListElement\":[{\"@type\":\"ListItem\",\"position\":1,\"name\":\"Heim\",\"item\":\"https:\\\/\\\/hotelklaustur.is\\\/is\\\/\"},{\"@type\":\"ListItem\",\"position\":2,\"name\":\"\u00c1hugaver\u00f0ir sta\u00f0ir\",\"item\":\"https:\\\/\\\/hotelklaustur.is\\\/is\\\/ahugaverdir-stadir\\\/\"},{\"@type\":\"ListItem\",\"position\":3,\"name\":\"Lakag\u00edgar\"}]},{\"@type\":\"WebSite\",\"@id\":\"https:\\\/\\\/hotelklaustur.is\\\/is\\\/#website\",\"url\":\"https:\\\/\\\/hotelklaustur.is\\\/is\\\/\",\"name\":\"Hotel Klaustur\",\"description\":\"\",\"publisher\":{\"@id\":\"https:\\\/\\\/hotelklaustur.is\\\/is\\\/#organization\"},\"potentialAction\":[{\"@type\":\"SearchAction\",\"target\":{\"@type\":\"EntryPoint\",\"urlTemplate\":\"https:\\\/\\\/hotelklaustur.is\\\/is\\\/?s={search_term_string}\"},\"query-input\":{\"@type\":\"PropertyValueSpecification\",\"valueRequired\":true,\"valueName\":\"search_term_string\"}}],\"inLanguage\":\"is\"},{\"@type\":\"Organization\",\"@id\":\"https:\\\/\\\/hotelklaustur.is\\\/is\\\/#organization\",\"name\":\"Hotel Klaustur\",\"url\":\"https:\\\/\\\/hotelklaustur.is\\\/is\\\/\",\"logo\":{\"@type\":\"ImageObject\",\"inLanguage\":\"is\",\"@id\":\"https:\\\/\\\/hotelklaustur.is\\\/is\\\/#\\\/schema\\\/logo\\\/image\\\/\",\"url\":\"https:\\\/\\\/hotelklaustur.is\\\/wp-content\\\/uploads\\\/2025\\\/05\\\/Logo.svg\",\"contentUrl\":\"https:\\\/\\\/hotelklaustur.is\\\/wp-content\\\/uploads\\\/2025\\\/05\\\/Logo.svg\",\"width\":196,\"height\":227,\"caption\":\"Hotel Klaustur\"},\"image\":{\"@id\":\"https:\\\/\\\/hotelklaustur.is\\\/is\\\/#\\\/schema\\\/logo\\\/image\\\/\"},\"sameAs\":[\"https:\\\/\\\/www.facebook.com\\\/hotelklausturiceland\\\/\",\"https:\\\/\\\/www.instagram.com\\\/hotel_klaustur_iceland\\\/\"]}]}<\/script>\n<!-- \/ Yoast SEO plugin. -->","yoast_head_json":{"title":"Lakag\u00edgar - Hotel Klaustur","description":"Lakag\u00edgar eru r\u00f6\u00f0 g\u00edga sem myndu\u00f0ust \u00ed Skaft\u00e1reldum 1783\u20131784 og eru a\u00f0eins \u00ed \u00f6rstuttri fjarl\u00e6g\u00f0 fr\u00e1 H\u00f3tel Klaustri.","robots":{"index":"index","follow":"follow","max-snippet":"max-snippet:-1","max-image-preview":"max-image-preview:large","max-video-preview":"max-video-preview:-1"},"canonical":"https:\/\/hotelklaustur.is\/is\/ahugaverdir-stadir\/lakagigar\/","og_locale":"is_IS","og_type":"article","og_title":"Lakag\u00edgar - Hotel Klaustur","og_description":"Lakag\u00edgar eru r\u00f6\u00f0 g\u00edga sem myndu\u00f0ust \u00ed Skaft\u00e1reldum 1783\u20131784 og eru a\u00f0eins \u00ed \u00f6rstuttri fjarl\u00e6g\u00f0 fr\u00e1 H\u00f3tel Klaustri.","og_url":"https:\/\/hotelklaustur.is\/is\/ahugaverdir-stadir\/lakagigar\/","og_site_name":"Hotel Klaustur","article_publisher":"https:\/\/www.facebook.com\/hotelklausturiceland\/","article_modified_time":"2025-09-03T15:36:27+00:00","twitter_card":"summary_large_image","twitter_misc":{"Est. reading time":"1 minute"},"schema":{"@context":"https:\/\/schema.org","@graph":[{"@type":"WebPage","@id":"https:\/\/hotelklaustur.is\/is\/ahugaverdir-stadir\/lakagigar\/","url":"https:\/\/hotelklaustur.is\/is\/ahugaverdir-stadir\/lakagigar\/","name":"Lakag\u00edgar - Hotel Klaustur","isPartOf":{"@id":"https:\/\/hotelklaustur.is\/is\/#website"},"datePublished":"2024-06-28T13:10:07+00:00","dateModified":"2025-09-03T15:36:27+00:00","description":"Lakag\u00edgar eru r\u00f6\u00f0 g\u00edga sem myndu\u00f0ust \u00ed Skaft\u00e1reldum 1783\u20131784 og eru a\u00f0eins \u00ed \u00f6rstuttri fjarl\u00e6g\u00f0 fr\u00e1 H\u00f3tel Klaustri.","breadcrumb":{"@id":"https:\/\/hotelklaustur.is\/is\/ahugaverdir-stadir\/lakagigar\/#breadcrumb"},"inLanguage":"is","potentialAction":[{"@type":"ReadAction","target":["https:\/\/hotelklaustur.is\/is\/ahugaverdir-stadir\/lakagigar\/"]}]},{"@type":"BreadcrumbList","@id":"https:\/\/hotelklaustur.is\/is\/ahugaverdir-stadir\/lakagigar\/#breadcrumb","itemListElement":[{"@type":"ListItem","position":1,"name":"Heim","item":"https:\/\/hotelklaustur.is\/is\/"},{"@type":"ListItem","position":2,"name":"\u00c1hugaver\u00f0ir sta\u00f0ir","item":"https:\/\/hotelklaustur.is\/is\/ahugaverdir-stadir\/"},{"@type":"ListItem","position":3,"name":"Lakag\u00edgar"}]},{"@type":"WebSite","@id":"https:\/\/hotelklaustur.is\/is\/#website","url":"https:\/\/hotelklaustur.is\/is\/","name":"Hotel Klaustur","description":"","publisher":{"@id":"https:\/\/hotelklaustur.is\/is\/#organization"},"potentialAction":[{"@type":"SearchAction","target":{"@type":"EntryPoint","urlTemplate":"https:\/\/hotelklaustur.is\/is\/?s={search_term_string}"},"query-input":{"@type":"PropertyValueSpecification","valueRequired":true,"valueName":"search_term_string"}}],"inLanguage":"is"},{"@type":"Organization","@id":"https:\/\/hotelklaustur.is\/is\/#organization","name":"Hotel Klaustur","url":"https:\/\/hotelklaustur.is\/is\/","logo":{"@type":"ImageObject","inLanguage":"is","@id":"https:\/\/hotelklaustur.is\/is\/#\/schema\/logo\/image\/","url":"https:\/\/hotelklaustur.is\/wp-content\/uploads\/2025\/05\/Logo.svg","contentUrl":"https:\/\/hotelklaustur.is\/wp-content\/uploads\/2025\/05\/Logo.svg","width":196,"height":227,"caption":"Hotel Klaustur"},"image":{"@id":"https:\/\/hotelklaustur.is\/is\/#\/schema\/logo\/image\/"},"sameAs":["https:\/\/www.facebook.com\/hotelklausturiceland\/","https:\/\/www.instagram.com\/hotel_klaustur_iceland\/"]}]}},"_links":{"self":[{"href":"https:\/\/hotelklaustur.is\/is\/wp-json\/wp\/v2\/pages\/1154","targetHints":{"allow":["GET"]}}],"collection":[{"href":"https:\/\/hotelklaustur.is\/is\/wp-json\/wp\/v2\/pages"}],"about":[{"href":"https:\/\/hotelklaustur.is\/is\/wp-json\/wp\/v2\/types\/page"}],"author":[{"embeddable":true,"href":"https:\/\/hotelklaustur.is\/is\/wp-json\/wp\/v2\/users\/1"}],"replies":[{"embeddable":true,"href":"https:\/\/hotelklaustur.is\/is\/wp-json\/wp\/v2\/comments?post=1154"}],"version-history":[{"count":10,"href":"https:\/\/hotelklaustur.is\/is\/wp-json\/wp\/v2\/pages\/1154\/revisions"}],"predecessor-version":[{"id":2233,"href":"https:\/\/hotelklaustur.is\/is\/wp-json\/wp\/v2\/pages\/1154\/revisions\/2233"}],"up":[{"embeddable":true,"href":"https:\/\/hotelklaustur.is\/is\/wp-json\/wp\/v2\/pages\/1140"}],"wp:attachment":[{"href":"https:\/\/hotelklaustur.is\/is\/wp-json\/wp\/v2\/media?parent=1154"}],"curies":[{"name":"wp","href":"https:\/\/api.w.org\/{rel}","templated":true}]}}