{"id":1153,"date":"2024-06-28T13:16:36","date_gmt":"2024-06-28T13:16:36","guid":{"rendered":"http:\/\/hotelklaustur.web23.vefold.is\/ahugaverdir-stadir\/fjadrargljufur\/"},"modified":"2025-09-03T15:13:18","modified_gmt":"2025-09-03T15:13:18","slug":"fjadrargljufur","status":"publish","type":"page","link":"https:\/\/hotelklaustur.is\/is\/ahugaverdir-stadir\/fjadrargljufur\/","title":{"rendered":"Fja\u00f0r\u00e1rglj\u00fafur"},"content":{"rendered":"\n\t<section class=\"section breadcrumbs-section\" id=\"section_301081695\">\n\t\t<div class=\"section-bg fill\" >\n\t\t\t\t\t\t\t\t\t\n\t\t\t\n\n\t\t<\/div>\n\n\t\t\n\n\t\t<div class=\"section-content relative\">\n\t\t\t\n<div class=\"row row-collapse align-middle align-center\"  id=\"row-1404178968\">\n\n\t<div id=\"col-1011406\" class=\"col small-12 large-12\"  >\n\t\t\t\t<div class=\"col-inner\"  >\n\t\t\t\n\t\t\t\n<span><span><a href=\"https:\/\/hotelklaustur.is\/is\/\">Heim<\/a><\/span><\/span>\n\t\t<\/div>\n\t\t\t\t\t<\/div>\n\n\t\n<\/div>\n\t\t<\/div>\n\n\t\t\n<style>\n#section_301081695 {\n  padding-top: 0px;\n  padding-bottom: 0px;\n  background-color: rgba(10, 10, 10, 0.9);\n}\n<\/style>\n\t<\/section>\n\t\n\n\t<section class=\"section\" id=\"section_323639769\">\n\t\t<div class=\"section-bg fill\" >\n\t\t\t\t\t\t\t\t\t\n\t\t\t\n\n\t\t<\/div>\n\n\t\t\n\n\t\t<div class=\"section-content relative\">\n\t\t\t\n<div class=\"row row-collapse row-full-width align-middle align-center\"  id=\"row-994650767\">\n\n\t<div id=\"col-1682787342\" class=\"col medium-6 small-12 large-6\"  >\n\t\t\t\t<div class=\"col-inner\"  >\n\t\t\t\n\t\t\t\n\t<div class=\"img has-hover x md-x lg-x y md-y lg-y\" id=\"image_470416620\">\n\t\t\t\t\t\t\t\t<div class=\"img-inner dark\" >\n\t\t\t<img loading=\"lazy\" decoding=\"async\" width=\"1020\" height=\"680\" src=\"https:\/\/hotelklaustur.is\/wp-content\/uploads\/2025\/09\/fjadrargljufur-canyon-iceland-1024x683.jpg\" class=\"attachment-large size-large\" alt=\"\" srcset=\"https:\/\/hotelklaustur.is\/wp-content\/uploads\/2025\/09\/fjadrargljufur-canyon-iceland-1024x683.jpg 1024w, https:\/\/hotelklaustur.is\/wp-content\/uploads\/2025\/09\/fjadrargljufur-canyon-iceland-300x200.jpg 300w, https:\/\/hotelklaustur.is\/wp-content\/uploads\/2025\/09\/fjadrargljufur-canyon-iceland-768x512.jpg 768w, https:\/\/hotelklaustur.is\/wp-content\/uploads\/2025\/09\/fjadrargljufur-canyon-iceland-1536x1024.jpg 1536w, https:\/\/hotelklaustur.is\/wp-content\/uploads\/2025\/09\/fjadrargljufur-canyon-iceland.jpg 1600w\" sizes=\"auto, (max-width: 1020px) 100vw, 1020px\" \/>\t\t\t\t\t\t\n\t\t\t\t\t<\/div>\n\t\t\t\t\t\t\t\t\n<style>\n#image_470416620 {\n  width: 100%;\n}\n<\/style>\n\t<\/div>\n\t\n\t\t<\/div>\n\t\t\t\t\t<\/div>\n\n\t\n\n\t<div id=\"col-442265362\" class=\"col medium-6 small-12 large-6\"  >\n\t\t\t\t<div class=\"col-inner\"  >\n\t\t\t\n\t\t\t\n<div class=\"row align-center\"  id=\"row-1921977485\">\n\n\t<div id=\"col-567762297\" class=\"col medium-10 small-12 large-10\"  >\n\t\t\t\t<div class=\"col-inner\"  >\n\t\t\t\n\t\t\t\n\t<div id=\"text-1616738608\" class=\"text hero attraction-text\">\n\t\t\n<h1>Fja\u00f0r\u00e1rglj\u00fafur<\/h1>\n<p style=\"max-width: 650px;\">Hi\u00f0 mikilfenglega Fja\u00f0r\u00e1rglj\u00fafur er \u00ed stuttu \u00f6kuf\u00e6ri fr\u00e1 h\u00f3telinu okkar. Tali\u00f0 er a\u00f0 glj\u00fafri\u00f0 hafi myndast fyrir um \u00fea\u00f0 bil n\u00edu \u00fe\u00fasund \u00e1rum me\u00f0 \u00feeim h\u00e6tti a\u00f0 miki\u00f0 vatn hefur runni\u00f0 fr\u00e1 ofanliggjandi j\u00f6kli og sorfi\u00f0 bergi\u00f0.<\/p>\n\t\t\n<style>\n#text-1616738608 {\n  color: rgb(0,0,0);\n}\n#text-1616738608 > * {\n  color: rgb(0,0,0);\n}\n<\/style>\n\t<\/div>\n\t\n\t\t<\/div>\n\t\t\t\t\t<\/div>\n\n\t\n\n\t<div id=\"col-1205946867\" class=\"col medium-10 small-12 large-10\"  >\n\t\t\t\t<div class=\"col-inner\"  >\n\t\t\t\n\t\t\t\n<a href=\"https:\/\/www.google.is\/maps\/place\/Fja%C3%B0r%C3%A1rglj%C3%BAfur\/@63.771279,-18.1718158,15z\/data=!4m6!3m5!1s0x48d0e5f0594291dd:0xa420ecc17165b5bd!8m2!3d63.771279!4d-18.1718158!16s%2Fm%2F0n46q1l?entry=ttu\" target=\"_blank\" class=\"button primary is-outline is-large\" rel=\"noopener\" style=\"border-radius:11px;\">\n\t<i class=\"icon-map-pin-fill\" aria-hidden=\"true\"><\/i>\t<span>Sko\u00f0a \u00e1 korti<\/span>\n\t<\/a>\n\n\t\t<\/div>\n\t\t\t\t\t<\/div>\n\n\t\n<\/div>\n\t\t<\/div>\n\t\t\t\t\t<\/div>\n\n\t\n<\/div>\n\t\t<\/div>\n\n\t\t\n<style>\n#section_323639769 {\n  padding-top: 0px;\n  padding-bottom: 0px;\n}\n<\/style>\n\t<\/section>\n\t\n\n\t<section class=\"section\" id=\"section_329842884\">\n\t\t<div class=\"section-bg fill\" >\n\t\t\t\t\t\t\t\t\t\n\t\t\t\n\n\t\t<\/div>\n\n\t\t\n\n\t\t<div class=\"section-content relative\">\n\t\t\t\n<div class=\"row\"  id=\"row-34546677\">\n\n\t<div id=\"col-934770716\" class=\"col medium-6 small-12 large-6\"  >\n\t\t\t\t<div class=\"col-inner\"  >\n\t\t\t\n\t\t\t\n<p>Glj\u00fafri\u00f0 er um 100 metrar \u00e1 d\u00fdpt og um tveir k\u00edl\u00f3metrar a\u00f0 lengd. Berggrunnur \u00feess er a\u00f0 mestu um tveggja millj\u00f3na \u00e1ra gamalt m\u00f3berg fr\u00e1 kuldaskei\u00f0um \u00edsaldar. \u00c1in Fja\u00f0r\u00e1, sem \u00e1 uppt\u00f6k s\u00edn \u00ed Geirlandshrauni, fellur fram af vesturbr\u00fan glj\u00fafursins \u00ed st\u00f3rkostlegum fossi \u00fear til h\u00fan skilar s\u00e9r ni\u00f0ur \u00ed Skaft\u00e1.<\/p>\n\t\t<\/div>\n\t\t\t\t\t<\/div>\n\n\t\n\n\t<div id=\"col-2090840538\" class=\"col medium-6 small-12 large-6\"  >\n\t\t\t\t<div class=\"col-inner\"  >\n\t\t\t\n\t\t\t\n<p>Fja\u00f0r\u00e1 er \u00ed dag oftast frekar vatnsl\u00edtil og \u00feess vegna geta g\u00f6ngumenn h\u00e6glega gengi\u00f0 inn \u00ed glj\u00fafri\u00f0, \u00fe\u00f3 g\u00e6tu \u00feeir \u00feurft a\u00f0 va\u00f0a \u00e1na alloft. Flestir velja \u00fe\u00f3 a\u00f0 ganga eftir g\u00f6ngust\u00edg me\u00f0fram austanver\u00f0um glj\u00fafurbarminum og sj\u00e1 fossinn fr\u00e1 \u00fats\u00fdnispalli \u00fear. Fja\u00f0r\u00e1rglj\u00fafur er \u00e1 n\u00e1tt\u00faruminjaskr\u00e1.<\/p>\n\t\t<\/div>\n\t\t\t\t\t<\/div>\n\n\t\n<\/div>\n<div class=\"row\"  id=\"row-1223091021\">\n\n\t<div id=\"col-558023914\" class=\"col medium-6 small-12 large-6\"  >\n\t\t\t\t<div class=\"col-inner\"  >\n\t\t\t\n\t\t\t\n\t<div class=\"img has-hover x md-x lg-x y md-y lg-y\" id=\"image_1374311340\">\n\t\t<a class=\"image-lightbox lightbox-gallery\" title=\"\" href=\"https:\/\/hotelklaustur.is\/wp-content\/uploads\/2025\/09\/fjadrargljufur-iceland.jpg\">\t\t\t\t\t\t<div class=\"img-inner dark\" >\n\t\t\t<img loading=\"lazy\" decoding=\"async\" width=\"1020\" height=\"680\" src=\"https:\/\/hotelklaustur.is\/wp-content\/uploads\/2025\/09\/fjadrargljufur-iceland-1024x683.jpg\" class=\"attachment-large size-large\" alt=\"Fja\u00f0r\u00e1rglj\u00fafur\" srcset=\"https:\/\/hotelklaustur.is\/wp-content\/uploads\/2025\/09\/fjadrargljufur-iceland-1024x683.jpg 1024w, https:\/\/hotelklaustur.is\/wp-content\/uploads\/2025\/09\/fjadrargljufur-iceland-300x200.jpg 300w, https:\/\/hotelklaustur.is\/wp-content\/uploads\/2025\/09\/fjadrargljufur-iceland-768x512.jpg 768w, https:\/\/hotelklaustur.is\/wp-content\/uploads\/2025\/09\/fjadrargljufur-iceland-1536x1024.jpg 1536w, https:\/\/hotelklaustur.is\/wp-content\/uploads\/2025\/09\/fjadrargljufur-iceland.jpg 1600w\" sizes=\"auto, (max-width: 1020px) 100vw, 1020px\" \/>\t\t\t\t\t\t\n\t\t\t\t\t<\/div>\n\t\t\t\t\t\t<\/a>\t\t\n<style>\n#image_1374311340 {\n  width: 100%;\n}\n<\/style>\n\t<\/div>\n\t\n\t\t<\/div>\n\t\t\t\t\t<\/div>\n\n\t\n\n\t<div id=\"col-556078522\" class=\"col medium-6 small-12 large-6\"  >\n\t\t\t\t<div class=\"col-inner\"  >\n\t\t\t\n\t\t\t\n\t<div class=\"img has-hover x md-x lg-x y md-y lg-y\" id=\"image_516484891\">\n\t\t<a class=\"image-lightbox lightbox-gallery\" title=\"\" href=\"https:\/\/hotelklaustur.is\/wp-content\/uploads\/2025\/09\/fjadrargljufur-canyon.jpg\">\t\t\t\t\t\t<div class=\"img-inner dark\" >\n\t\t\t<img loading=\"lazy\" decoding=\"async\" width=\"1020\" height=\"679\" src=\"https:\/\/hotelklaustur.is\/wp-content\/uploads\/2025\/09\/fjadrargljufur-canyon-1024x682.jpg\" class=\"attachment-large size-large\" alt=\"Fja\u00f0r\u00e1rglj\u00fafur canyon\" srcset=\"https:\/\/hotelklaustur.is\/wp-content\/uploads\/2025\/09\/fjadrargljufur-canyon-1024x682.jpg 1024w, https:\/\/hotelklaustur.is\/wp-content\/uploads\/2025\/09\/fjadrargljufur-canyon-300x200.jpg 300w, https:\/\/hotelklaustur.is\/wp-content\/uploads\/2025\/09\/fjadrargljufur-canyon-768x511.jpg 768w, https:\/\/hotelklaustur.is\/wp-content\/uploads\/2025\/09\/fjadrargljufur-canyon-1536x1022.jpg 1536w, https:\/\/hotelklaustur.is\/wp-content\/uploads\/2025\/09\/fjadrargljufur-canyon.jpg 1600w\" sizes=\"auto, (max-width: 1020px) 100vw, 1020px\" \/>\t\t\t\t\t\t\n\t\t\t\t\t<\/div>\n\t\t\t\t\t\t<\/a>\t\t\n<style>\n#image_516484891 {\n  width: 100%;\n}\n<\/style>\n\t<\/div>\n\t\n\t\t<\/div>\n\t\t\t\t\t<\/div>\n\n\t\n<\/div>\n\t\t<\/div>\n\n\t\t\n<style>\n#section_329842884 {\n  padding-top: 30px;\n  padding-bottom: 30px;\n}\n<\/style>\n\t<\/section>\n\t\n","protected":false},"excerpt":{"rendered":"","protected":false},"author":1,"featured_media":0,"parent":1140,"menu_order":0,"comment_status":"closed","ping_status":"closed","template":"","meta":{"_acf_changed":false,"inline_featured_image":false,"footnotes":""},"class_list":["post-1153","page","type-page","status-publish","hentry"],"acf":[],"yoast_head":"<!-- This site is optimized with the Yoast SEO plugin v27.3 - https:\/\/yoast.com\/product\/yoast-seo-wordpress\/ -->\n<title>Fja\u00f0r\u00e1rglj\u00fafur - Hotel Klaustur<\/title>\n<meta name=\"description\" content=\"Fja\u00f0r\u00e1rglj\u00fafur mynda\u00f0ist \u00feegar j\u00f6kulvatn eyddi klettunum yfir \u00fe\u00fasundir \u00e1ra. Fja\u00f0r\u00e1 rennur n\u00fa \u00ed gegnum 100 metra dj\u00fapt glj\u00fafri\u00f0.\" \/>\n<meta name=\"robots\" content=\"index, follow, max-snippet:-1, max-image-preview:large, max-video-preview:-1\" \/>\n<link rel=\"canonical\" href=\"https:\/\/hotelklaustur.is\/is\/ahugaverdir-stadir\/fjadrargljufur\/\" \/>\n<meta property=\"og:locale\" content=\"is_IS\" \/>\n<meta property=\"og:type\" content=\"article\" \/>\n<meta property=\"og:title\" content=\"Fja\u00f0r\u00e1rglj\u00fafur - Hotel Klaustur\" \/>\n<meta property=\"og:description\" content=\"Fja\u00f0r\u00e1rglj\u00fafur mynda\u00f0ist \u00feegar j\u00f6kulvatn eyddi klettunum yfir \u00fe\u00fasundir \u00e1ra. Fja\u00f0r\u00e1 rennur n\u00fa \u00ed gegnum 100 metra dj\u00fapt glj\u00fafri\u00f0.\" \/>\n<meta property=\"og:url\" content=\"https:\/\/hotelklaustur.is\/is\/ahugaverdir-stadir\/fjadrargljufur\/\" \/>\n<meta property=\"og:site_name\" content=\"Hotel Klaustur\" \/>\n<meta property=\"article:publisher\" content=\"https:\/\/www.facebook.com\/hotelklausturiceland\/\" \/>\n<meta property=\"article:modified_time\" content=\"2025-09-03T15:13:18+00:00\" \/>\n<meta name=\"twitter:card\" content=\"summary_large_image\" \/>\n<meta name=\"twitter:label1\" content=\"Est. reading time\" \/>\n\t<meta name=\"twitter:data1\" content=\"1 minute\" \/>\n<script type=\"application\/ld+json\" class=\"yoast-schema-graph\">{\"@context\":\"https:\\\/\\\/schema.org\",\"@graph\":[{\"@type\":\"WebPage\",\"@id\":\"https:\\\/\\\/hotelklaustur.is\\\/is\\\/ahugaverdir-stadir\\\/fjadrargljufur\\\/\",\"url\":\"https:\\\/\\\/hotelklaustur.is\\\/is\\\/ahugaverdir-stadir\\\/fjadrargljufur\\\/\",\"name\":\"Fja\u00f0r\u00e1rglj\u00fafur - Hotel Klaustur\",\"isPartOf\":{\"@id\":\"https:\\\/\\\/hotelklaustur.is\\\/is\\\/#website\"},\"datePublished\":\"2024-06-28T13:16:36+00:00\",\"dateModified\":\"2025-09-03T15:13:18+00:00\",\"description\":\"Fja\u00f0r\u00e1rglj\u00fafur mynda\u00f0ist \u00feegar j\u00f6kulvatn eyddi klettunum yfir \u00fe\u00fasundir \u00e1ra. Fja\u00f0r\u00e1 rennur n\u00fa \u00ed gegnum 100 metra dj\u00fapt glj\u00fafri\u00f0.\",\"breadcrumb\":{\"@id\":\"https:\\\/\\\/hotelklaustur.is\\\/is\\\/ahugaverdir-stadir\\\/fjadrargljufur\\\/#breadcrumb\"},\"inLanguage\":\"is\",\"potentialAction\":[{\"@type\":\"ReadAction\",\"target\":[\"https:\\\/\\\/hotelklaustur.is\\\/is\\\/ahugaverdir-stadir\\\/fjadrargljufur\\\/\"]}]},{\"@type\":\"BreadcrumbList\",\"@id\":\"https:\\\/\\\/hotelklaustur.is\\\/is\\\/ahugaverdir-stadir\\\/fjadrargljufur\\\/#breadcrumb\",\"itemListElement\":[{\"@type\":\"ListItem\",\"position\":1,\"name\":\"Heim\",\"item\":\"https:\\\/\\\/hotelklaustur.is\\\/is\\\/\"},{\"@type\":\"ListItem\",\"position\":2,\"name\":\"\u00c1hugaver\u00f0ir sta\u00f0ir\",\"item\":\"https:\\\/\\\/hotelklaustur.is\\\/is\\\/ahugaverdir-stadir\\\/\"},{\"@type\":\"ListItem\",\"position\":3,\"name\":\"Fja\u00f0r\u00e1rglj\u00fafur\"}]},{\"@type\":\"WebSite\",\"@id\":\"https:\\\/\\\/hotelklaustur.is\\\/is\\\/#website\",\"url\":\"https:\\\/\\\/hotelklaustur.is\\\/is\\\/\",\"name\":\"Hotel Klaustur\",\"description\":\"\",\"publisher\":{\"@id\":\"https:\\\/\\\/hotelklaustur.is\\\/is\\\/#organization\"},\"potentialAction\":[{\"@type\":\"SearchAction\",\"target\":{\"@type\":\"EntryPoint\",\"urlTemplate\":\"https:\\\/\\\/hotelklaustur.is\\\/is\\\/?s={search_term_string}\"},\"query-input\":{\"@type\":\"PropertyValueSpecification\",\"valueRequired\":true,\"valueName\":\"search_term_string\"}}],\"inLanguage\":\"is\"},{\"@type\":\"Organization\",\"@id\":\"https:\\\/\\\/hotelklaustur.is\\\/is\\\/#organization\",\"name\":\"Hotel Klaustur\",\"url\":\"https:\\\/\\\/hotelklaustur.is\\\/is\\\/\",\"logo\":{\"@type\":\"ImageObject\",\"inLanguage\":\"is\",\"@id\":\"https:\\\/\\\/hotelklaustur.is\\\/is\\\/#\\\/schema\\\/logo\\\/image\\\/\",\"url\":\"https:\\\/\\\/hotelklaustur.is\\\/wp-content\\\/uploads\\\/2025\\\/05\\\/Logo.svg\",\"contentUrl\":\"https:\\\/\\\/hotelklaustur.is\\\/wp-content\\\/uploads\\\/2025\\\/05\\\/Logo.svg\",\"width\":196,\"height\":227,\"caption\":\"Hotel Klaustur\"},\"image\":{\"@id\":\"https:\\\/\\\/hotelklaustur.is\\\/is\\\/#\\\/schema\\\/logo\\\/image\\\/\"},\"sameAs\":[\"https:\\\/\\\/www.facebook.com\\\/hotelklausturiceland\\\/\",\"https:\\\/\\\/www.instagram.com\\\/hotel_klaustur_iceland\\\/\"]}]}<\/script>\n<!-- \/ Yoast SEO plugin. -->","yoast_head_json":{"title":"Fja\u00f0r\u00e1rglj\u00fafur - Hotel Klaustur","description":"Fja\u00f0r\u00e1rglj\u00fafur mynda\u00f0ist \u00feegar j\u00f6kulvatn eyddi klettunum yfir \u00fe\u00fasundir \u00e1ra. Fja\u00f0r\u00e1 rennur n\u00fa \u00ed gegnum 100 metra dj\u00fapt glj\u00fafri\u00f0.","robots":{"index":"index","follow":"follow","max-snippet":"max-snippet:-1","max-image-preview":"max-image-preview:large","max-video-preview":"max-video-preview:-1"},"canonical":"https:\/\/hotelklaustur.is\/is\/ahugaverdir-stadir\/fjadrargljufur\/","og_locale":"is_IS","og_type":"article","og_title":"Fja\u00f0r\u00e1rglj\u00fafur - Hotel Klaustur","og_description":"Fja\u00f0r\u00e1rglj\u00fafur mynda\u00f0ist \u00feegar j\u00f6kulvatn eyddi klettunum yfir \u00fe\u00fasundir \u00e1ra. Fja\u00f0r\u00e1 rennur n\u00fa \u00ed gegnum 100 metra dj\u00fapt glj\u00fafri\u00f0.","og_url":"https:\/\/hotelklaustur.is\/is\/ahugaverdir-stadir\/fjadrargljufur\/","og_site_name":"Hotel Klaustur","article_publisher":"https:\/\/www.facebook.com\/hotelklausturiceland\/","article_modified_time":"2025-09-03T15:13:18+00:00","twitter_card":"summary_large_image","twitter_misc":{"Est. reading time":"1 minute"},"schema":{"@context":"https:\/\/schema.org","@graph":[{"@type":"WebPage","@id":"https:\/\/hotelklaustur.is\/is\/ahugaverdir-stadir\/fjadrargljufur\/","url":"https:\/\/hotelklaustur.is\/is\/ahugaverdir-stadir\/fjadrargljufur\/","name":"Fja\u00f0r\u00e1rglj\u00fafur - Hotel Klaustur","isPartOf":{"@id":"https:\/\/hotelklaustur.is\/is\/#website"},"datePublished":"2024-06-28T13:16:36+00:00","dateModified":"2025-09-03T15:13:18+00:00","description":"Fja\u00f0r\u00e1rglj\u00fafur mynda\u00f0ist \u00feegar j\u00f6kulvatn eyddi klettunum yfir \u00fe\u00fasundir \u00e1ra. Fja\u00f0r\u00e1 rennur n\u00fa \u00ed gegnum 100 metra dj\u00fapt glj\u00fafri\u00f0.","breadcrumb":{"@id":"https:\/\/hotelklaustur.is\/is\/ahugaverdir-stadir\/fjadrargljufur\/#breadcrumb"},"inLanguage":"is","potentialAction":[{"@type":"ReadAction","target":["https:\/\/hotelklaustur.is\/is\/ahugaverdir-stadir\/fjadrargljufur\/"]}]},{"@type":"BreadcrumbList","@id":"https:\/\/hotelklaustur.is\/is\/ahugaverdir-stadir\/fjadrargljufur\/#breadcrumb","itemListElement":[{"@type":"ListItem","position":1,"name":"Heim","item":"https:\/\/hotelklaustur.is\/is\/"},{"@type":"ListItem","position":2,"name":"\u00c1hugaver\u00f0ir sta\u00f0ir","item":"https:\/\/hotelklaustur.is\/is\/ahugaverdir-stadir\/"},{"@type":"ListItem","position":3,"name":"Fja\u00f0r\u00e1rglj\u00fafur"}]},{"@type":"WebSite","@id":"https:\/\/hotelklaustur.is\/is\/#website","url":"https:\/\/hotelklaustur.is\/is\/","name":"Hotel Klaustur","description":"","publisher":{"@id":"https:\/\/hotelklaustur.is\/is\/#organization"},"potentialAction":[{"@type":"SearchAction","target":{"@type":"EntryPoint","urlTemplate":"https:\/\/hotelklaustur.is\/is\/?s={search_term_string}"},"query-input":{"@type":"PropertyValueSpecification","valueRequired":true,"valueName":"search_term_string"}}],"inLanguage":"is"},{"@type":"Organization","@id":"https:\/\/hotelklaustur.is\/is\/#organization","name":"Hotel Klaustur","url":"https:\/\/hotelklaustur.is\/is\/","logo":{"@type":"ImageObject","inLanguage":"is","@id":"https:\/\/hotelklaustur.is\/is\/#\/schema\/logo\/image\/","url":"https:\/\/hotelklaustur.is\/wp-content\/uploads\/2025\/05\/Logo.svg","contentUrl":"https:\/\/hotelklaustur.is\/wp-content\/uploads\/2025\/05\/Logo.svg","width":196,"height":227,"caption":"Hotel Klaustur"},"image":{"@id":"https:\/\/hotelklaustur.is\/is\/#\/schema\/logo\/image\/"},"sameAs":["https:\/\/www.facebook.com\/hotelklausturiceland\/","https:\/\/www.instagram.com\/hotel_klaustur_iceland\/"]}]}},"_links":{"self":[{"href":"https:\/\/hotelklaustur.is\/is\/wp-json\/wp\/v2\/pages\/1153","targetHints":{"allow":["GET"]}}],"collection":[{"href":"https:\/\/hotelklaustur.is\/is\/wp-json\/wp\/v2\/pages"}],"about":[{"href":"https:\/\/hotelklaustur.is\/is\/wp-json\/wp\/v2\/types\/page"}],"author":[{"embeddable":true,"href":"https:\/\/hotelklaustur.is\/is\/wp-json\/wp\/v2\/users\/1"}],"replies":[{"embeddable":true,"href":"https:\/\/hotelklaustur.is\/is\/wp-json\/wp\/v2\/comments?post=1153"}],"version-history":[{"count":8,"href":"https:\/\/hotelklaustur.is\/is\/wp-json\/wp\/v2\/pages\/1153\/revisions"}],"predecessor-version":[{"id":2221,"href":"https:\/\/hotelklaustur.is\/is\/wp-json\/wp\/v2\/pages\/1153\/revisions\/2221"}],"up":[{"embeddable":true,"href":"https:\/\/hotelklaustur.is\/is\/wp-json\/wp\/v2\/pages\/1140"}],"wp:attachment":[{"href":"https:\/\/hotelklaustur.is\/is\/wp-json\/wp\/v2\/media?parent=1153"}],"curies":[{"name":"wp","href":"https:\/\/api.w.org\/{rel}","templated":true}]}}