{"id":1152,"date":"2024-06-28T13:20:24","date_gmt":"2024-06-28T13:20:24","guid":{"rendered":"http:\/\/hotelklaustur.web23.vefold.is\/ahugaverdir-stadir\/dverghamrar\/"},"modified":"2025-09-01T10:46:32","modified_gmt":"2025-09-01T10:46:32","slug":"dverghamrar","status":"publish","type":"page","link":"https:\/\/hotelklaustur.is\/is\/ahugaverdir-stadir\/dverghamrar\/","title":{"rendered":"Dverghamrar"},"content":{"rendered":"\n\t<section class=\"section breadcrumbs-section\" id=\"section_1271120178\">\n\t\t<div class=\"section-bg fill\" >\n\t\t\t\t\t\t\t\t\t\n\t\t\t\n\n\t\t<\/div>\n\n\t\t\n\n\t\t<div class=\"section-content relative\">\n\t\t\t\n<div class=\"row row-collapse align-middle align-center\"  id=\"row-361240860\">\n\n\t<div id=\"col-782924390\" class=\"col small-12 large-12\"  >\n\t\t\t\t<div class=\"col-inner\"  >\n\t\t\t\n\t\t\t\n<span><span><a href=\"https:\/\/hotelklaustur.is\/is\/\">Heim<\/a><\/span><\/span>\n\t\t<\/div>\n\t\t\t\t\t<\/div>\n\n\t\n<\/div>\n\t\t<\/div>\n\n\t\t\n<style>\n#section_1271120178 {\n  padding-top: 0px;\n  padding-bottom: 0px;\n  background-color: rgba(10, 10, 10, 0.9);\n}\n<\/style>\n\t<\/section>\n\t\n\n\t<section class=\"section\" id=\"section_72786867\">\n\t\t<div class=\"section-bg fill\" >\n\t\t\t\t\t\t\t\t\t\n\t\t\t\n\n\t\t<\/div>\n\n\t\t\n\n\t\t<div class=\"section-content relative\">\n\t\t\t\n<div class=\"row row-collapse row-full-width align-middle align-center\"  id=\"row-1941013547\">\n\n\t<div id=\"col-1851731371\" class=\"col medium-6 small-12 large-6\"  >\n\t\t\t\t<div class=\"col-inner\"  >\n\t\t\t\n\t\t\t\n\t<div class=\"img has-hover x md-x lg-x y md-y lg-y\" id=\"image_484107863\">\n\t\t<a class=\"image-lightbox lightbox-gallery\" title=\"\" href=\"https:\/\/hotelklaustur.is\/wp-content\/uploads\/2025\/06\/basalt-columns.jpg\">\t\t\t\t\t\t<div class=\"img-inner dark\" >\n\t\t\t<img loading=\"lazy\" decoding=\"async\" width=\"1020\" height=\"680\" src=\"https:\/\/hotelklaustur.is\/wp-content\/uploads\/2025\/06\/basalt-columns-1024x683.jpg\" class=\"attachment-large size-large\" alt=\"The basalt columns\" srcset=\"https:\/\/hotelklaustur.is\/wp-content\/uploads\/2025\/06\/basalt-columns-1024x683.jpg 1024w, https:\/\/hotelklaustur.is\/wp-content\/uploads\/2025\/06\/basalt-columns-300x200.jpg 300w, https:\/\/hotelklaustur.is\/wp-content\/uploads\/2025\/06\/basalt-columns-768x512.jpg 768w, https:\/\/hotelklaustur.is\/wp-content\/uploads\/2025\/06\/basalt-columns-1536x1024.jpg 1536w, https:\/\/hotelklaustur.is\/wp-content\/uploads\/2025\/06\/basalt-columns.jpg 1600w\" sizes=\"auto, (max-width: 1020px) 100vw, 1020px\" \/>\t\t\t\t\t\t\n\t\t\t\t\t<\/div>\n\t\t\t\t\t\t<\/a>\t\t\n<style>\n#image_484107863 {\n  width: 100%;\n}\n<\/style>\n\t<\/div>\n\t\n\t\t<\/div>\n\t\t\t\t\t<\/div>\n\n\t\n\n\t<div id=\"col-579955144\" class=\"col medium-6 small-12 large-6\"  >\n\t\t\t\t<div class=\"col-inner\"  >\n\t\t\t\n\t\t\t\n<div class=\"row align-center\"  id=\"row-2065878736\">\n\n\t<div id=\"col-765611870\" class=\"col medium-9 small-12 large-9\"  >\n\t\t\t\t<div class=\"col-inner\"  >\n\t\t\t\n\t\t\t\n\t<div id=\"text-4085040739\" class=\"text hero attraction-text\">\n\t\t\n<h1>Dverghamrar<\/h1>\n<p style=\"max-width: 650px;\">Dverghamrar eru stu\u00f0labergshamrar \u00far bl\u00e1gr\u00fdti \u00ed um 10 k\u00edl\u00f3metra fjarl\u00e6g\u00f0 fr\u00e1 h\u00f3telinu okkar, skammt austan vi\u00f0 Foss \u00e1 S\u00ed\u00f0u. Ofan \u00e1 stu\u00f0lunum er v\u00ed\u00f0a a\u00f0 finna \u00fea\u00f0 sem kalla\u00f0 er kubbaberg. Stu\u00f0laberg myndast vegna samdr\u00e1ttar \u00ed k\u00f3lnandi efni. \u00deegar basaltbr\u00e1\u00f0 er or\u00f0in fullstorkin k\u00f3lnar bergi\u00f0 sm\u00e1m saman og dregst vi\u00f0 \u00fea\u00f0 saman og klofnar \u00ed stu\u00f0la sem oftast eru sexstrendir.<\/p>\n\t\t\n<style>\n#text-4085040739 {\n  color: rgb(0,0,0);\n}\n#text-4085040739 > * {\n  color: rgb(0,0,0);\n}\n<\/style>\n\t<\/div>\n\t\n\t\t<\/div>\n\t\t\t\t\t<\/div>\n\n\t\n\n\t<div id=\"col-784899169\" class=\"col medium-9 small-12 large-9\"  >\n\t\t\t\t<div class=\"col-inner\"  >\n\t\t\t\n\t\t\t\n<a href=\"https:\/\/www.google.is\/maps\/place\/Dverghamrar\/@63.8492447,-17.861265,15z\/data=!4m6!3m5!1s0x48d0f98260850771:0xcc9062a44575cfe1!8m2!3d63.8492447!4d-17.861265!16s%2Fg%2F121_5ymh?entry=ttu\" target=\"_blank\" class=\"button primary is-outline is-large\" rel=\"noopener\" style=\"border-radius:11px;\">\n\t<i class=\"icon-map-pin-fill\" aria-hidden=\"true\"><\/i>\t<span>Sko\u00f0a \u00e1 korti<\/span>\n\t<\/a>\n\n\t\t<\/div>\n\t\t\t\t\t<\/div>\n\n\t\n<\/div>\n\t\t<\/div>\n\t\t\t\t\t<\/div>\n\n\t\n<\/div>\n\t\t<\/div>\n\n\t\t\n<style>\n#section_72786867 {\n  padding-top: 0px;\n  padding-bottom: 0px;\n}\n<\/style>\n\t<\/section>\n\t\n\n\t<section class=\"section\" id=\"section_1314919047\">\n\t\t<div class=\"section-bg fill\" >\n\t\t\t\t\t\t\t\t\t\n\t\t\t\n\n\t\t<\/div>\n\n\t\t\n\n\t\t<div class=\"section-content relative\">\n\t\t\t\n<div class=\"row\"  id=\"row-1728400670\">\n\n\t<div id=\"col-420518314\" class=\"col medium-6 small-12 large-6\"  >\n\t\t\t\t<div class=\"col-inner\"  >\n\t\t\t\n\t\t\t\n<p>Tali\u00f0 er a\u00f0 landslagi\u00f0 hafi myndast seint \u00e1 \u00eds\u00f6ld, en \u00fe\u00e1 var sj\u00e1varm\u00e1l h\u00e6rra og tali\u00f0 a\u00f0 brimsv\u00f6rfum hafi valdi\u00f0 \u00feessu s\u00e9rkennilega \u00fatliti hamranna.<\/p>\n\t\t<\/div>\n\t\t\t\t\t<\/div>\n\n\t\n\n\t<div id=\"col-1115871248\" class=\"col medium-6 small-12 large-6\"  >\n\t\t\t\t<div class=\"col-inner\"  >\n\t\t\t\n\t\t\t\n<p>\u00dej\u00f3\u00f0s\u00f6gur segja a\u00f0 hamrarnir s\u00e9u heimili dverga og \u00e1lfa og \u00fea\u00f0an draga \u00feeir einmitt nafn sitt. Dverghamrar eru fri\u00f0l\u00fdst n\u00e1tt\u00faruv\u00e6tti.<\/p>\n\t\t<\/div>\n\t\t\t\t\t<\/div>\n\n\t\n<\/div>\n<div class=\"row\"  id=\"row-1939175703\">\n\n\t<div id=\"col-222837522\" class=\"col medium-6 small-12 large-6\"  >\n\t\t\t\t<div class=\"col-inner\"  >\n\t\t\t\n\t\t\t\n\t<div class=\"img has-hover x md-x lg-x y md-y lg-y\" id=\"image_872284767\">\n\t\t<a class=\"image-lightbox lightbox-gallery\" title=\"\" href=\"https:\/\/hotelklaustur.is\/wp-content\/uploads\/2025\/06\/dverghamrar-basalt-columns.jpg\">\t\t\t\t\t\t<div class=\"img-inner dark\" >\n\t\t\t<img loading=\"lazy\" decoding=\"async\" width=\"1020\" height=\"680\" src=\"https:\/\/hotelklaustur.is\/wp-content\/uploads\/2025\/06\/dverghamrar-basalt-columns-1024x683.jpg\" class=\"attachment-large size-large\" alt=\"Dverghamrar basalt columns\" srcset=\"https:\/\/hotelklaustur.is\/wp-content\/uploads\/2025\/06\/dverghamrar-basalt-columns-1024x683.jpg 1024w, https:\/\/hotelklaustur.is\/wp-content\/uploads\/2025\/06\/dverghamrar-basalt-columns-300x200.jpg 300w, https:\/\/hotelklaustur.is\/wp-content\/uploads\/2025\/06\/dverghamrar-basalt-columns-768x512.jpg 768w, https:\/\/hotelklaustur.is\/wp-content\/uploads\/2025\/06\/dverghamrar-basalt-columns.jpg 1200w\" sizes=\"auto, (max-width: 1020px) 100vw, 1020px\" \/>\t\t\t\t\t\t\n\t\t\t\t\t<\/div>\n\t\t\t\t\t\t<\/a>\t\t\n<style>\n#image_872284767 {\n  width: 100%;\n}\n<\/style>\n\t<\/div>\n\t\n\t\t<\/div>\n\t\t\t\t\t<\/div>\n\n\t\n\n\t<div id=\"col-855195024\" class=\"col medium-6 small-12 large-6\"  >\n\t\t\t\t<div class=\"col-inner\"  >\n\t\t\t\n\t\t\t\n\t<div class=\"img has-hover x md-x lg-x y md-y lg-y\" id=\"image_973561451\">\n\t\t<a class=\"image-lightbox lightbox-gallery\" title=\"\" href=\"https:\/\/hotelklaustur.is\/wp-content\/uploads\/2025\/06\/dverghamrar.jpg\">\t\t\t\t\t\t<div class=\"img-inner dark\" >\n\t\t\t<img loading=\"lazy\" decoding=\"async\" width=\"1020\" height=\"680\" src=\"https:\/\/hotelklaustur.is\/wp-content\/uploads\/2025\/06\/dverghamrar-1024x683.jpg\" class=\"attachment-large size-large\" alt=\"Dverghamrar cliffs\" srcset=\"https:\/\/hotelklaustur.is\/wp-content\/uploads\/2025\/06\/dverghamrar-1024x683.jpg 1024w, https:\/\/hotelklaustur.is\/wp-content\/uploads\/2025\/06\/dverghamrar-300x200.jpg 300w, https:\/\/hotelklaustur.is\/wp-content\/uploads\/2025\/06\/dverghamrar-768x512.jpg 768w, https:\/\/hotelklaustur.is\/wp-content\/uploads\/2025\/06\/dverghamrar.jpg 1200w\" sizes=\"auto, (max-width: 1020px) 100vw, 1020px\" \/>\t\t\t\t\t\t\n\t\t\t\t\t<\/div>\n\t\t\t\t\t\t<\/a>\t\t\n<style>\n#image_973561451 {\n  width: 100%;\n}\n<\/style>\n\t<\/div>\n\t\n\t\t<\/div>\n\t\t\t\t\t<\/div>\n\n\t\n<\/div>\n\t\t<\/div>\n\n\t\t\n<style>\n#section_1314919047 {\n  padding-top: 30px;\n  padding-bottom: 30px;\n}\n<\/style>\n\t<\/section>\n\t\n","protected":false},"excerpt":{"rendered":"","protected":false},"author":1,"featured_media":0,"parent":1140,"menu_order":0,"comment_status":"closed","ping_status":"closed","template":"","meta":{"_acf_changed":false,"inline_featured_image":false,"footnotes":""},"class_list":["post-1152","page","type-page","status-publish","hentry"],"acf":[],"yoast_head":"<!-- This site is optimized with the Yoast SEO plugin v27.3 - https:\/\/yoast.com\/product\/yoast-seo-wordpress\/ -->\n<title>Dverghamrar - Hotel Klaustur<\/title>\n<meta name=\"description\" content=\"Dverghamrar eru tignarlegir stu\u00f0labergshamrar \u00far basalti sem myndu\u00f0ust \u00e1 s\u00ed\u00f0ustu \u00eds\u00f6ld vi\u00f0 k\u00f3lnunarferil n\u00fd runnins hrauns.\" \/>\n<meta name=\"robots\" content=\"index, follow, max-snippet:-1, max-image-preview:large, max-video-preview:-1\" \/>\n<link rel=\"canonical\" href=\"https:\/\/hotelklaustur.is\/is\/ahugaverdir-stadir\/dverghamrar\/\" \/>\n<meta property=\"og:locale\" content=\"is_IS\" \/>\n<meta property=\"og:type\" content=\"article\" \/>\n<meta property=\"og:title\" content=\"Dverghamrar - Hotel Klaustur\" \/>\n<meta property=\"og:description\" content=\"Dverghamrar eru tignarlegir stu\u00f0labergshamrar \u00far basalti sem myndu\u00f0ust \u00e1 s\u00ed\u00f0ustu \u00eds\u00f6ld vi\u00f0 k\u00f3lnunarferil n\u00fd runnins hrauns.\" \/>\n<meta property=\"og:url\" content=\"https:\/\/hotelklaustur.is\/is\/ahugaverdir-stadir\/dverghamrar\/\" \/>\n<meta property=\"og:site_name\" content=\"Hotel Klaustur\" \/>\n<meta property=\"article:publisher\" content=\"https:\/\/www.facebook.com\/hotelklausturiceland\/\" \/>\n<meta property=\"article:modified_time\" content=\"2025-09-01T10:46:32+00:00\" \/>\n<meta name=\"twitter:card\" content=\"summary_large_image\" \/>\n<meta name=\"twitter:label1\" content=\"Est. reading time\" \/>\n\t<meta name=\"twitter:data1\" content=\"1 minute\" \/>\n<script type=\"application\/ld+json\" class=\"yoast-schema-graph\">{\"@context\":\"https:\\\/\\\/schema.org\",\"@graph\":[{\"@type\":\"WebPage\",\"@id\":\"https:\\\/\\\/hotelklaustur.is\\\/is\\\/ahugaverdir-stadir\\\/dverghamrar\\\/\",\"url\":\"https:\\\/\\\/hotelklaustur.is\\\/is\\\/ahugaverdir-stadir\\\/dverghamrar\\\/\",\"name\":\"Dverghamrar - Hotel Klaustur\",\"isPartOf\":{\"@id\":\"https:\\\/\\\/hotelklaustur.is\\\/is\\\/#website\"},\"datePublished\":\"2024-06-28T13:20:24+00:00\",\"dateModified\":\"2025-09-01T10:46:32+00:00\",\"description\":\"Dverghamrar eru tignarlegir stu\u00f0labergshamrar \u00far basalti sem myndu\u00f0ust \u00e1 s\u00ed\u00f0ustu \u00eds\u00f6ld vi\u00f0 k\u00f3lnunarferil n\u00fd runnins hrauns.\",\"breadcrumb\":{\"@id\":\"https:\\\/\\\/hotelklaustur.is\\\/is\\\/ahugaverdir-stadir\\\/dverghamrar\\\/#breadcrumb\"},\"inLanguage\":\"is\",\"potentialAction\":[{\"@type\":\"ReadAction\",\"target\":[\"https:\\\/\\\/hotelklaustur.is\\\/is\\\/ahugaverdir-stadir\\\/dverghamrar\\\/\"]}]},{\"@type\":\"BreadcrumbList\",\"@id\":\"https:\\\/\\\/hotelklaustur.is\\\/is\\\/ahugaverdir-stadir\\\/dverghamrar\\\/#breadcrumb\",\"itemListElement\":[{\"@type\":\"ListItem\",\"position\":1,\"name\":\"Heim\",\"item\":\"https:\\\/\\\/hotelklaustur.is\\\/is\\\/\"},{\"@type\":\"ListItem\",\"position\":2,\"name\":\"\u00c1hugaver\u00f0ir sta\u00f0ir\",\"item\":\"https:\\\/\\\/hotelklaustur.is\\\/is\\\/ahugaverdir-stadir\\\/\"},{\"@type\":\"ListItem\",\"position\":3,\"name\":\"Dverghamrar\"}]},{\"@type\":\"WebSite\",\"@id\":\"https:\\\/\\\/hotelklaustur.is\\\/is\\\/#website\",\"url\":\"https:\\\/\\\/hotelklaustur.is\\\/is\\\/\",\"name\":\"Hotel Klaustur\",\"description\":\"\",\"publisher\":{\"@id\":\"https:\\\/\\\/hotelklaustur.is\\\/is\\\/#organization\"},\"potentialAction\":[{\"@type\":\"SearchAction\",\"target\":{\"@type\":\"EntryPoint\",\"urlTemplate\":\"https:\\\/\\\/hotelklaustur.is\\\/is\\\/?s={search_term_string}\"},\"query-input\":{\"@type\":\"PropertyValueSpecification\",\"valueRequired\":true,\"valueName\":\"search_term_string\"}}],\"inLanguage\":\"is\"},{\"@type\":\"Organization\",\"@id\":\"https:\\\/\\\/hotelklaustur.is\\\/is\\\/#organization\",\"name\":\"Hotel Klaustur\",\"url\":\"https:\\\/\\\/hotelklaustur.is\\\/is\\\/\",\"logo\":{\"@type\":\"ImageObject\",\"inLanguage\":\"is\",\"@id\":\"https:\\\/\\\/hotelklaustur.is\\\/is\\\/#\\\/schema\\\/logo\\\/image\\\/\",\"url\":\"https:\\\/\\\/hotelklaustur.is\\\/wp-content\\\/uploads\\\/2025\\\/05\\\/Logo.svg\",\"contentUrl\":\"https:\\\/\\\/hotelklaustur.is\\\/wp-content\\\/uploads\\\/2025\\\/05\\\/Logo.svg\",\"width\":196,\"height\":227,\"caption\":\"Hotel Klaustur\"},\"image\":{\"@id\":\"https:\\\/\\\/hotelklaustur.is\\\/is\\\/#\\\/schema\\\/logo\\\/image\\\/\"},\"sameAs\":[\"https:\\\/\\\/www.facebook.com\\\/hotelklausturiceland\\\/\",\"https:\\\/\\\/www.instagram.com\\\/hotel_klaustur_iceland\\\/\"]}]}<\/script>\n<!-- \/ Yoast SEO plugin. -->","yoast_head_json":{"title":"Dverghamrar - Hotel Klaustur","description":"Dverghamrar eru tignarlegir stu\u00f0labergshamrar \u00far basalti sem myndu\u00f0ust \u00e1 s\u00ed\u00f0ustu \u00eds\u00f6ld vi\u00f0 k\u00f3lnunarferil n\u00fd runnins hrauns.","robots":{"index":"index","follow":"follow","max-snippet":"max-snippet:-1","max-image-preview":"max-image-preview:large","max-video-preview":"max-video-preview:-1"},"canonical":"https:\/\/hotelklaustur.is\/is\/ahugaverdir-stadir\/dverghamrar\/","og_locale":"is_IS","og_type":"article","og_title":"Dverghamrar - Hotel Klaustur","og_description":"Dverghamrar eru tignarlegir stu\u00f0labergshamrar \u00far basalti sem myndu\u00f0ust \u00e1 s\u00ed\u00f0ustu \u00eds\u00f6ld vi\u00f0 k\u00f3lnunarferil n\u00fd runnins hrauns.","og_url":"https:\/\/hotelklaustur.is\/is\/ahugaverdir-stadir\/dverghamrar\/","og_site_name":"Hotel Klaustur","article_publisher":"https:\/\/www.facebook.com\/hotelklausturiceland\/","article_modified_time":"2025-09-01T10:46:32+00:00","twitter_card":"summary_large_image","twitter_misc":{"Est. reading time":"1 minute"},"schema":{"@context":"https:\/\/schema.org","@graph":[{"@type":"WebPage","@id":"https:\/\/hotelklaustur.is\/is\/ahugaverdir-stadir\/dverghamrar\/","url":"https:\/\/hotelklaustur.is\/is\/ahugaverdir-stadir\/dverghamrar\/","name":"Dverghamrar - Hotel Klaustur","isPartOf":{"@id":"https:\/\/hotelklaustur.is\/is\/#website"},"datePublished":"2024-06-28T13:20:24+00:00","dateModified":"2025-09-01T10:46:32+00:00","description":"Dverghamrar eru tignarlegir stu\u00f0labergshamrar \u00far basalti sem myndu\u00f0ust \u00e1 s\u00ed\u00f0ustu \u00eds\u00f6ld vi\u00f0 k\u00f3lnunarferil n\u00fd runnins hrauns.","breadcrumb":{"@id":"https:\/\/hotelklaustur.is\/is\/ahugaverdir-stadir\/dverghamrar\/#breadcrumb"},"inLanguage":"is","potentialAction":[{"@type":"ReadAction","target":["https:\/\/hotelklaustur.is\/is\/ahugaverdir-stadir\/dverghamrar\/"]}]},{"@type":"BreadcrumbList","@id":"https:\/\/hotelklaustur.is\/is\/ahugaverdir-stadir\/dverghamrar\/#breadcrumb","itemListElement":[{"@type":"ListItem","position":1,"name":"Heim","item":"https:\/\/hotelklaustur.is\/is\/"},{"@type":"ListItem","position":2,"name":"\u00c1hugaver\u00f0ir sta\u00f0ir","item":"https:\/\/hotelklaustur.is\/is\/ahugaverdir-stadir\/"},{"@type":"ListItem","position":3,"name":"Dverghamrar"}]},{"@type":"WebSite","@id":"https:\/\/hotelklaustur.is\/is\/#website","url":"https:\/\/hotelklaustur.is\/is\/","name":"Hotel Klaustur","description":"","publisher":{"@id":"https:\/\/hotelklaustur.is\/is\/#organization"},"potentialAction":[{"@type":"SearchAction","target":{"@type":"EntryPoint","urlTemplate":"https:\/\/hotelklaustur.is\/is\/?s={search_term_string}"},"query-input":{"@type":"PropertyValueSpecification","valueRequired":true,"valueName":"search_term_string"}}],"inLanguage":"is"},{"@type":"Organization","@id":"https:\/\/hotelklaustur.is\/is\/#organization","name":"Hotel Klaustur","url":"https:\/\/hotelklaustur.is\/is\/","logo":{"@type":"ImageObject","inLanguage":"is","@id":"https:\/\/hotelklaustur.is\/is\/#\/schema\/logo\/image\/","url":"https:\/\/hotelklaustur.is\/wp-content\/uploads\/2025\/05\/Logo.svg","contentUrl":"https:\/\/hotelklaustur.is\/wp-content\/uploads\/2025\/05\/Logo.svg","width":196,"height":227,"caption":"Hotel Klaustur"},"image":{"@id":"https:\/\/hotelklaustur.is\/is\/#\/schema\/logo\/image\/"},"sameAs":["https:\/\/www.facebook.com\/hotelklausturiceland\/","https:\/\/www.instagram.com\/hotel_klaustur_iceland\/"]}]}},"_links":{"self":[{"href":"https:\/\/hotelklaustur.is\/is\/wp-json\/wp\/v2\/pages\/1152","targetHints":{"allow":["GET"]}}],"collection":[{"href":"https:\/\/hotelklaustur.is\/is\/wp-json\/wp\/v2\/pages"}],"about":[{"href":"https:\/\/hotelklaustur.is\/is\/wp-json\/wp\/v2\/types\/page"}],"author":[{"embeddable":true,"href":"https:\/\/hotelklaustur.is\/is\/wp-json\/wp\/v2\/users\/1"}],"replies":[{"embeddable":true,"href":"https:\/\/hotelklaustur.is\/is\/wp-json\/wp\/v2\/comments?post=1152"}],"version-history":[{"count":5,"href":"https:\/\/hotelklaustur.is\/is\/wp-json\/wp\/v2\/pages\/1152\/revisions"}],"predecessor-version":[{"id":1985,"href":"https:\/\/hotelklaustur.is\/is\/wp-json\/wp\/v2\/pages\/1152\/revisions\/1985"}],"up":[{"embeddable":true,"href":"https:\/\/hotelklaustur.is\/is\/wp-json\/wp\/v2\/pages\/1140"}],"wp:attachment":[{"href":"https:\/\/hotelklaustur.is\/is\/wp-json\/wp\/v2\/media?parent=1152"}],"curies":[{"name":"wp","href":"https:\/\/api.w.org\/{rel}","templated":true}]}}