{"id":1151,"date":"2024-06-28T13:26:48","date_gmt":"2024-06-28T13:26:48","guid":{"rendered":"http:\/\/hotelklaustur.web23.vefold.is\/ahugaverdir-stadir\/jokulsarlon\/"},"modified":"2025-09-01T14:13:40","modified_gmt":"2025-09-01T14:13:40","slug":"jokulsarlon","status":"publish","type":"page","link":"https:\/\/hotelklaustur.is\/is\/ahugaverdir-stadir\/jokulsarlon\/","title":{"rendered":"J\u00f6kuls\u00e1rl\u00f3n"},"content":{"rendered":"\t\t<div class=\"hidden\">\n\t\t\t\t\n<p><script type=\"application\/ld+json\">\n{\n  \"@context\": \"https:\/\/schema.org\",\n  \"@type\": \"FAQPage\",\n  \"mainEntity\": [\n    {\n      \"@type\": \"Question\",\n      \"name\": \"How long does it take to drive from Reykjav\u00edk to J\u00f6kuls\u00e1rl\u00f3n?\",\n      \"acceptedAnswer\": {\n        \"@type\": \"Answer\",\n        \"text\": \"The drive from Reykjav\u00edk to J\u00f6kuls\u00e1rl\u00f3n is around 5.5 hours, and since daylight is limited in Iceland during winter, H\u00f3tel Klaustur is an ideal location for tourists wanting to visit the lagoon: drive directly from Reykjav\u00edk to Kirkjubaejarklaustur, spend the night at our hotel and then get an early start the next day to visit J\u00f6kuls\u00e1rl\u00f3n. That way you can truly make the most of your day at the lagoon!\"\n      }\n    },\n    {\n      \"@type\": \"Question\",\n      \"name\": \"Kirkjub\u00e6jarklaustur is the largest village before the Glacier Lagoon however the villages of K\u00e1lfafell, Fagurh\u00f3lsm\u00fdri and K\u00e1lfafellssta\u00f0ur are also nearby.\",\n      \"acceptedAnswer\": {\n        \"@type\": \"Answer\",\n        \"text\": \"Kirkjub\u00e6jarklaustur is the largest village before the Glacier Lagoon however the villages of K\u00e1lfafell, Fagurh\u00f3lsm\u00fdri and K\u00e1lfafellssta\u00f0ur are also nearby.\"\n      }\n    }\n  ]\n}\n<\/script><br \/>\n\t\t<\/div>\n\t\n\n\t<section class=\"section breadcrumbs-section\" id=\"section_9664899\">\n\t\t<div class=\"section-bg fill\" >\n\t\t\t\t\t\t\t\t\t\n\t\t\t\n\n\t\t<\/div>\n\n\t\t\n\n\t\t<div class=\"section-content relative\">\n\t\t\t\n<div class=\"row row-collapse align-middle align-center\"  id=\"row-1334211724\">\n\n\t<div id=\"col-111572811\" class=\"col small-12 large-12\"  >\n\t\t\t\t<div class=\"col-inner\"  >\n\t\t\t\n\t\t\t\n<span><span><a href=\"https:\/\/hotelklaustur.is\/is\/\">Heim<\/a><\/span><\/span>\n\t\t<\/div>\n\t\t\t\t\t<\/div>\n\n\t\n<\/div>\n\t\t<\/div>\n\n\t\t\n<style>\n#section_9664899 {\n  padding-top: 0px;\n  padding-bottom: 0px;\n  background-color: rgba(10, 10, 10, 0.9);\n}\n<\/style>\n\t<\/section>\n\t\n\n\t<section class=\"section\" id=\"section_1130577094\">\n\t\t<div class=\"section-bg fill\" >\n\t\t\t\t\t\t\t\t\t\n\t\t\t\n\n\t\t<\/div>\n\n\t\t\n\n\t\t<div class=\"section-content relative\">\n\t\t\t\n<div class=\"row row-collapse row-full-width align-middle align-center\"  id=\"row-1174888449\">\n\n\t<div id=\"col-1517086686\" class=\"col medium-6 small-12 large-6\"  >\n\t\t\t\t<div class=\"col-inner\"  >\n\t\t\t\n\t\t\t\n\t<div class=\"img has-hover x md-x lg-x y md-y lg-y\" id=\"image_740741144\">\n\t\t\t\t\t\t\t\t<div class=\"img-inner dark\" >\n\t\t\t<img loading=\"lazy\" decoding=\"async\" width=\"1020\" height=\"680\" src=\"https:\/\/hotelklaustur.is\/wp-content\/uploads\/2025\/05\/jokulsarlon-glacier-lagoon-1024x683.jpg\" class=\"attachment-large size-large\" alt=\"J\u00f6kuls\u00e1rl\u00f3n glacier lagoon\" srcset=\"https:\/\/hotelklaustur.is\/wp-content\/uploads\/2025\/05\/jokulsarlon-glacier-lagoon-1024x683.jpg 1024w, https:\/\/hotelklaustur.is\/wp-content\/uploads\/2025\/05\/jokulsarlon-glacier-lagoon-300x200.jpg 300w, https:\/\/hotelklaustur.is\/wp-content\/uploads\/2025\/05\/jokulsarlon-glacier-lagoon-768x512.jpg 768w, https:\/\/hotelklaustur.is\/wp-content\/uploads\/2025\/05\/jokulsarlon-glacier-lagoon-1536x1024.jpg 1536w, https:\/\/hotelklaustur.is\/wp-content\/uploads\/2025\/05\/jokulsarlon-glacier-lagoon.jpg 1600w\" sizes=\"auto, (max-width: 1020px) 100vw, 1020px\" \/>\t\t\t\t\t\t\n\t\t\t\t\t<\/div>\n\t\t\t\t\t\t\t\t\n<style>\n#image_740741144 {\n  width: 100%;\n}\n<\/style>\n\t<\/div>\n\t\n\t\t<\/div>\n\t\t\t\t\t<\/div>\n\n\t\n\n\t<div id=\"col-132473230\" class=\"col medium-6 small-12 large-6\"  >\n\t\t\t\t<div class=\"col-inner\"  >\n\t\t\t\n\t\t\t\n<div class=\"row align-center\"  id=\"row-1782377248\">\n\n\t<div id=\"col-1321789580\" class=\"col medium-9 small-12 large-9\"  >\n\t\t\t\t<div class=\"col-inner\"  >\n\t\t\t\n\t\t\t\n\t<div id=\"text-742764769\" class=\"text hero\">\n\t\t\n<h1>J\u00f6kuls\u00e1rl\u00f3n<\/h1>\n<p>J\u00f6kuls\u00e1rl\u00f3n er st\u00f3rt j\u00f6kull\u00f3n vi\u00f0 r\u00e6tur Brei\u00f0amerkurj\u00f6kuls. \u00dea\u00f0 er sta\u00f0sett \u00ed su\u00f0urhluta Vatnaj\u00f6kuls\u00fej\u00f3\u00f0gar\u00f0s og er fri\u00f0l\u00fdst sem hluti af \u00fej\u00f3\u00f0gar\u00f0inum.<\/p>\n\t\t\n<style>\n#text-742764769 {\n  color: rgb(0,0,0);\n}\n#text-742764769 > * {\n  color: rgb(0,0,0);\n}\n<\/style>\n\t<\/div>\n\t\n\t\t<\/div>\n\t\t\t\t\t<\/div>\n\n\t\n\n\t<div id=\"col-733440191\" class=\"col medium-9 small-12 large-9\"  >\n\t\t\t\t<div class=\"col-inner text-left\"  >\n\t\t\t\n\t\t\t\n<a href=\"https:\/\/www.google.is\/maps\/place\/J%C3%B6kuls%C3%A1rl%C3%B3n\/data=!4m2!3m1!1s0x48cfd6ecd73a3819:0xcd05c959e10146a9?ved=2ahUKEwjzgrq1vIbfAhVL4oMKHegaBlEQ8gEwF3oECAUQCA\" target=\"_blank\" class=\"button primary is-outline is-large\" rel=\"noopener\" style=\"border-radius:11px;\">\n\t<i class=\"icon-map-pin-fill\" aria-hidden=\"true\"><\/i>\t<span>Sko\u00f0a \u00e1 korti<\/span>\n\t<\/a>\n\n\t\t<\/div>\n\t\t\t\t\t<\/div>\n\n\t\n<\/div>\n\t\t<\/div>\n\t\t\t\t\t<\/div>\n\n\t\n<\/div>\n\t\t<\/div>\n\n\t\t\n<style>\n#section_1130577094 {\n  padding-top: 0px;\n  padding-bottom: 0px;\n}\n<\/style>\n\t<\/section>\n\t\n\n\t<section class=\"section\" id=\"section_370315617\">\n\t\t<div class=\"section-bg fill\" >\n\t\t\t\t\t\t\t\t\t\n\t\t\t\n\n\t\t<\/div>\n\n\t\t\n\n\t\t<div class=\"section-content relative\">\n\t\t\t\n<div class=\"row align-middle align-center\"  id=\"row-2079951293\">\n\n\t<div id=\"col-302892674\" class=\"col medium-6 small-12 large-6\"  >\n\t\t\t\t<div class=\"col-inner\"  >\n\t\t\t\n\t\t\t\n<h2 class=\"h3\">J\u00f6kuls\u00e1rl\u00f3n: eitt \u00edslensku n\u00e1tt\u00faruundranna<\/h2>\n<p>L\u00f3ni\u00f0 er ungt en \u00fea\u00f0 f\u00f3r a\u00f0 myndast eftir a\u00f0 Brei\u00f0amerkurj\u00f6kull t\u00f3k a\u00f0 hopa eftir mi\u00f0ja s\u00ed\u00f0ustu \u00f6ld. \u00c1\u00f0ur rann J\u00f6kuls\u00e1 \u00e1 Brei\u00f0amerkursandi beint undan j\u00f6klinum og fram \u00ed sj\u00f3.  J\u00f6kuls\u00e1rl\u00f3n hefur mikla s\u00e9rst\u00f6\u00f0u me\u00f0al j\u00f6kull\u00f3na h\u00e9r \u00e1 landi en \u00fea\u00f0 er d\u00fdpsta st\u00f6\u00f0uvatn landsins og n\u00e6r langt ni\u00f0ur fyrir sj\u00e1varbor\u00f0; \u00fear er l\u00e6gsti sta\u00f0ur landsins.<\/p>\n\t\t<\/div>\n\t\t\t\t\t<\/div>\n\n\t\n\n\t<div id=\"col-1156888924\" class=\"col medium-6 small-12 large-6\"  >\n\t\t\t\t<div class=\"col-inner\"  >\n\t\t\t\n\t\t\t\n<p>\u00cd l\u00f3ninu g\u00e6tir einnig sj\u00e1varfalla sem bera me\u00f0 s\u00e9r miki\u00f0 af h\u00e1lfvolgum sj\u00f3 tvisvar \u00e1 s\u00f3larhring. \u00dea\u00f0 her\u00f0ir mj\u00f6g \u00e1 br\u00e1\u00f0nun j\u00f6kulsins svo a\u00f0 enginn j\u00f6kulspor\u00f0ur h\u00e9r \u00e1 landi h\u00f6rfar jafnhratt og Brei\u00f0amerkurj\u00f6kull vi\u00f0 J\u00f6kuls\u00e1rl\u00f3n.Vegna \u00feessarar tengingar vi\u00f0 sj\u00f3inn f\u00e6r l\u00f3ni\u00f0 \u00e1 sig einstakan bl\u00e1gr\u00e6nan lit. \u00c1r hvert brotna meira en 100 metrar af \u00eds \u00far j\u00f6klinum sem ver\u00f0ur til \u00feess a\u00f0 J\u00f6kuls\u00e1rl\u00f3n er st\u00f6\u00f0ugt a\u00f0 breytast.<\/p>\n\t\t<\/div>\n\t\t\t\t\t<\/div>\n\n\t\n<\/div>\n<div class=\"row\"  id=\"row-500381633\">\n\n\t<div id=\"col-266334039\" class=\"col small-12 large-12\"  >\n\t\t\t\t<div class=\"col-inner\"  >\n\t\t\t\n\t\t\t\n\t<div class=\"img has-hover x md-x lg-x y md-y lg-y\" id=\"image_120397017\">\n\t\t\t\t\t\t\t\t<div class=\"img-inner dark\" >\n\t\t\t<img loading=\"lazy\" decoding=\"async\" width=\"1020\" height=\"418\" src=\"https:\/\/hotelklaustur.is\/wp-content\/uploads\/2025\/05\/jokulsarlon-hotel-klaustur-1-1024x420.jpg\" class=\"attachment-large size-large\" alt=\"Panoramic view of the J\u00f6kuls\u00e1rl\u00f3n Glacier Lagoon\" srcset=\"https:\/\/hotelklaustur.is\/wp-content\/uploads\/2025\/05\/jokulsarlon-hotel-klaustur-1-1024x420.jpg 1024w, https:\/\/hotelklaustur.is\/wp-content\/uploads\/2025\/05\/jokulsarlon-hotel-klaustur-1-300x123.jpg 300w, https:\/\/hotelklaustur.is\/wp-content\/uploads\/2025\/05\/jokulsarlon-hotel-klaustur-1-768x315.jpg 768w, https:\/\/hotelklaustur.is\/wp-content\/uploads\/2025\/05\/jokulsarlon-hotel-klaustur-1.jpg 1200w\" sizes=\"auto, (max-width: 1020px) 100vw, 1020px\" \/>\t\t\t\t\t\t\n\t\t\t\t\t<\/div>\n\t\t\t\t\t\t\t\t\n<style>\n#image_120397017 {\n  width: 100%;\n}\n<\/style>\n\t<\/div>\n\t\n\t\t<\/div>\n\t\t\t\t\t<\/div>\n\n\t\n\n\t<div id=\"col-1889689867\" class=\"col medium-4 small-12 large-4\"  >\n\t\t\t\t<div class=\"col-inner\"  >\n\t\t\t\n\t\t\t\n\t<div class=\"img has-hover x md-x lg-x y md-y lg-y\" id=\"image_258620394\">\n\t\t<a class=\"image-lightbox lightbox-gallery\" title=\"\" href=\"https:\/\/hotelklaustur.is\/wp-content\/uploads\/2025\/05\/nature-klaustur.jpg\">\t\t\t\t\t\t<div class=\"img-inner dark\" >\n\t\t\t<img loading=\"lazy\" decoding=\"async\" width=\"1020\" height=\"678\" src=\"https:\/\/hotelklaustur.is\/wp-content\/uploads\/2025\/05\/nature-klaustur-1024x681.jpg\" class=\"attachment-large size-large\" alt=\"Icelandic countryside\" srcset=\"https:\/\/hotelklaustur.is\/wp-content\/uploads\/2025\/05\/nature-klaustur-1024x681.jpg 1024w, https:\/\/hotelklaustur.is\/wp-content\/uploads\/2025\/05\/nature-klaustur-300x199.jpg 300w, https:\/\/hotelklaustur.is\/wp-content\/uploads\/2025\/05\/nature-klaustur-768x511.jpg 768w, https:\/\/hotelklaustur.is\/wp-content\/uploads\/2025\/05\/nature-klaustur.jpg 1280w\" sizes=\"auto, (max-width: 1020px) 100vw, 1020px\" \/>\t\t\t\t\t\t\n\t\t\t\t\t<\/div>\n\t\t\t\t\t\t<\/a>\t\t\n<style>\n#image_258620394 {\n  width: 100%;\n}\n<\/style>\n\t<\/div>\n\t\n\t\t<\/div>\n\t\t\t\t\t<\/div>\n\n\t\n\n\t<div id=\"col-470744819\" class=\"col medium-4 small-12 large-4\"  >\n\t\t\t\t<div class=\"col-inner text-center\"  >\n\t\t\t\n\t\t\t\n\t<div class=\"img has-hover x md-x lg-x y md-y lg-y\" id=\"image_162091984\">\n\t\t<a class=\"image-lightbox lightbox-gallery\" title=\"\" href=\"https:\/\/hotelklaustur.is\/wp-content\/uploads\/2025\/05\/northern-lights-hotel-klaustur-iceland.jpg\">\t\t\t\t\t\t<div class=\"img-inner dark\" >\n\t\t\t<img loading=\"lazy\" decoding=\"async\" width=\"1020\" height=\"679\" src=\"https:\/\/hotelklaustur.is\/wp-content\/uploads\/2025\/05\/northern-lights-hotel-klaustur-iceland-1024x682.jpg\" class=\"attachment-large size-large\" alt=\"Northern Lights at hotel Klaustur\" srcset=\"https:\/\/hotelklaustur.is\/wp-content\/uploads\/2025\/05\/northern-lights-hotel-klaustur-iceland-1024x682.jpg 1024w, https:\/\/hotelklaustur.is\/wp-content\/uploads\/2025\/05\/northern-lights-hotel-klaustur-iceland-300x200.jpg 300w, https:\/\/hotelklaustur.is\/wp-content\/uploads\/2025\/05\/northern-lights-hotel-klaustur-iceland-768x511.jpg 768w, https:\/\/hotelklaustur.is\/wp-content\/uploads\/2025\/05\/northern-lights-hotel-klaustur-iceland-1536x1022.jpg 1536w, https:\/\/hotelklaustur.is\/wp-content\/uploads\/2025\/05\/northern-lights-hotel-klaustur-iceland.jpg 1600w\" sizes=\"auto, (max-width: 1020px) 100vw, 1020px\" \/>\t\t\t\t\t\t\n\t\t\t\t\t<\/div>\n\t\t\t\t\t\t<\/a>\t\t\n<style>\n#image_162091984 {\n  width: 100%;\n}\n<\/style>\n\t<\/div>\n\t\n\t\t<\/div>\n\t\t\t\t\t<\/div>\n\n\t\n\n\t<div id=\"col-257035029\" class=\"col medium-4 small-12 large-4\"  >\n\t\t\t\t<div class=\"col-inner text-center\"  >\n\t\t\t\n\t\t\t\n\t<div class=\"img has-hover x md-x lg-x y md-y lg-y\" id=\"image_1917240189\">\n\t\t<a class=\"image-lightbox lightbox-gallery\" title=\"\" href=\"https:\/\/hotelklaustur.is\/wp-content\/uploads\/2025\/09\/glacier-lagoon.jpg\">\t\t\t\t\t\t<div class=\"img-inner dark\" >\n\t\t\t<img loading=\"lazy\" decoding=\"async\" width=\"1020\" height=\"680\" src=\"https:\/\/hotelklaustur.is\/wp-content\/uploads\/2025\/09\/glacier-lagoon-1024x683.jpg\" class=\"attachment-large size-large\" alt=\"The glacier lagoon\" srcset=\"https:\/\/hotelklaustur.is\/wp-content\/uploads\/2025\/09\/glacier-lagoon-1024x683.jpg 1024w, https:\/\/hotelklaustur.is\/wp-content\/uploads\/2025\/09\/glacier-lagoon-300x200.jpg 300w, https:\/\/hotelklaustur.is\/wp-content\/uploads\/2025\/09\/glacier-lagoon-768x512.jpg 768w, https:\/\/hotelklaustur.is\/wp-content\/uploads\/2025\/09\/glacier-lagoon-1536x1024.jpg 1536w, https:\/\/hotelklaustur.is\/wp-content\/uploads\/2025\/09\/glacier-lagoon.jpg 1600w\" sizes=\"auto, (max-width: 1020px) 100vw, 1020px\" \/>\t\t\t\t\t\t\n\t\t\t\t\t<\/div>\n\t\t\t\t\t\t<\/a>\t\t\n<style>\n#image_1917240189 {\n  width: 100%;\n}\n<\/style>\n\t<\/div>\n\t\n\t\t<\/div>\n\t\t\t\t\t<\/div>\n\n\t\n<\/div>\n\t\t<\/div>\n\n\t\t\n<style>\n#section_370315617 {\n  padding-top: 30px;\n  padding-bottom: 30px;\n}\n<\/style>\n\t<\/section>\n\t\n\n\t<section class=\"section\" id=\"section_1535532754\">\n\t\t<div class=\"section-bg fill\" >\n\t\t\t\t\t\t\t\t\t\n\t\t\t\n\n\t\t<\/div>\n\n\t\t\n\n\t\t<div class=\"section-content relative\">\n\t\t\t\n<div class=\"row\"  id=\"row-336054941\">\n\n\t<div id=\"col-1278446901\" class=\"col medium-6 small-12 large-6\"  >\n\t\t\t\t<div class=\"col-inner\"  >\n\t\t\t\n\t\t\t\n\t<div class=\"img has-hover x md-x lg-x y md-y lg-y\" id=\"image_1570314837\">\n\t\t<a class=\"image-lightbox lightbox-gallery\" title=\"\" href=\"https:\/\/hotelklaustur.is\/wp-content\/uploads\/2025\/05\/the-suite-bedroom.jpg\">\t\t\t\t\t\t<div class=\"img-inner dark\" >\n\t\t\t<img loading=\"lazy\" decoding=\"async\" width=\"1020\" height=\"680\" src=\"https:\/\/hotelklaustur.is\/wp-content\/uploads\/2025\/05\/the-suite-bedroom-1024x683.jpg\" class=\"attachment-large size-large\" alt=\"The Suite comfortable bedroom\" srcset=\"https:\/\/hotelklaustur.is\/wp-content\/uploads\/2025\/05\/the-suite-bedroom-1024x683.jpg 1024w, https:\/\/hotelklaustur.is\/wp-content\/uploads\/2025\/05\/the-suite-bedroom-300x200.jpg 300w, https:\/\/hotelklaustur.is\/wp-content\/uploads\/2025\/05\/the-suite-bedroom-768x512.jpg 768w, https:\/\/hotelklaustur.is\/wp-content\/uploads\/2025\/05\/the-suite-bedroom-1536x1024.jpg 1536w, https:\/\/hotelklaustur.is\/wp-content\/uploads\/2025\/05\/the-suite-bedroom.jpg 1600w\" sizes=\"auto, (max-width: 1020px) 100vw, 1020px\" \/>\t\t\t\t\t\t\n\t\t\t\t\t<\/div>\n\t\t\t\t\t\t<\/a>\t\t\n<style>\n#image_1570314837 {\n  width: 100%;\n}\n<\/style>\n\t<\/div>\n\t\n\t\t<\/div>\n\t\t\t\t\t<\/div>\n\n\t\n\n\t<div id=\"col-608983973\" class=\"col medium-6 small-12 large-6\"  >\n\t\t\t\t<div class=\"col-inner\"  >\n\t\t\t\n\t\t\t\n<h2 class=\"h3\">N\u00fat\u00edmalegt h\u00f3tel me\u00f0 notalegum herbergjum<\/h2>\n<p>\u00c1 H\u00f3tel Klaustri viljum vi\u00f0 a\u00f0 \u00fe\u00e9r l\u00ed\u00f0i eins og heima hj\u00e1 \u00fe\u00e9r. Notalegu herbergin okkar eru h\u00f6nnu\u00f0 me\u00f0 \u00fea\u00f0 \u00ed huga og eru b\u00fain n\u00fat\u00edma\u00fe\u00e6gindum til \u00feess a\u00f0 gera dv\u00f6l \u00fe\u00edna sem besta.<\/p>\n<a href=\"\/is\/boka\/\" class=\"button primary lowercase\" style=\"border-radius:10px;\">\n\t\t<span>B\u00f3ka<\/span>\n\t<\/a>\n\n\t\t<\/div>\n\t\t\t\t\t<\/div>\n\n\t\n<\/div>\n\t\t<\/div>\n\n\t\t\n<style>\n#section_1535532754 {\n  padding-top: 50px;\n  padding-bottom: 50px;\n  background-color: rgb(245, 250, 253);\n}\n<\/style>\n\t<\/section>\n\t\n","protected":false},"excerpt":{"rendered":"","protected":false},"author":1,"featured_media":0,"parent":1140,"menu_order":0,"comment_status":"closed","ping_status":"closed","template":"","meta":{"_acf_changed":false,"inline_featured_image":false,"footnotes":""},"class_list":["post-1151","page","type-page","status-publish","hentry"],"acf":[],"yoast_head":"<!-- This site is optimized with the Yoast SEO plugin v27.3 - https:\/\/yoast.com\/product\/yoast-seo-wordpress\/ -->\n<title>J\u00f6kuls\u00e1rl\u00f3n - Hotel Klaustur<\/title>\n<meta name=\"description\" content=\"H\u00f3tel Klaustur er tilvalinn dvalarsta\u00f0ur \u00e1 Su\u00f0urlandi, milli V\u00edkur og J\u00f6kuls\u00e1rl\u00f3ns, me\u00f0 notalegum og vel \u00fatb\u00fanum herbergjum.\" \/>\n<meta name=\"robots\" content=\"index, follow, max-snippet:-1, max-image-preview:large, max-video-preview:-1\" \/>\n<link rel=\"canonical\" href=\"https:\/\/hotelklaustur.is\/is\/ahugaverdir-stadir\/jokulsarlon\/\" \/>\n<meta property=\"og:locale\" content=\"is_IS\" \/>\n<meta property=\"og:type\" content=\"article\" \/>\n<meta property=\"og:title\" content=\"J\u00f6kuls\u00e1rl\u00f3n - Hotel Klaustur\" \/>\n<meta property=\"og:description\" content=\"H\u00f3tel Klaustur er tilvalinn dvalarsta\u00f0ur \u00e1 Su\u00f0urlandi, milli V\u00edkur og J\u00f6kuls\u00e1rl\u00f3ns, me\u00f0 notalegum og vel \u00fatb\u00fanum herbergjum.\" \/>\n<meta property=\"og:url\" content=\"https:\/\/hotelklaustur.is\/is\/ahugaverdir-stadir\/jokulsarlon\/\" \/>\n<meta property=\"og:site_name\" content=\"Hotel Klaustur\" \/>\n<meta property=\"article:publisher\" content=\"https:\/\/www.facebook.com\/hotelklausturiceland\/\" \/>\n<meta property=\"article:modified_time\" content=\"2025-09-01T14:13:40+00:00\" \/>\n<meta name=\"twitter:card\" content=\"summary_large_image\" \/>\n<meta name=\"twitter:label1\" content=\"Est. reading time\" \/>\n\t<meta name=\"twitter:data1\" content=\"2 minutes\" \/>\n<script type=\"application\/ld+json\" class=\"yoast-schema-graph\">{\"@context\":\"https:\\\/\\\/schema.org\",\"@graph\":[{\"@type\":\"WebPage\",\"@id\":\"https:\\\/\\\/hotelklaustur.is\\\/is\\\/ahugaverdir-stadir\\\/jokulsarlon\\\/\",\"url\":\"https:\\\/\\\/hotelklaustur.is\\\/is\\\/ahugaverdir-stadir\\\/jokulsarlon\\\/\",\"name\":\"J\u00f6kuls\u00e1rl\u00f3n - Hotel Klaustur\",\"isPartOf\":{\"@id\":\"https:\\\/\\\/hotelklaustur.is\\\/is\\\/#website\"},\"datePublished\":\"2024-06-28T13:26:48+00:00\",\"dateModified\":\"2025-09-01T14:13:40+00:00\",\"description\":\"H\u00f3tel Klaustur er tilvalinn dvalarsta\u00f0ur \u00e1 Su\u00f0urlandi, milli V\u00edkur og J\u00f6kuls\u00e1rl\u00f3ns, me\u00f0 notalegum og vel \u00fatb\u00fanum herbergjum.\",\"breadcrumb\":{\"@id\":\"https:\\\/\\\/hotelklaustur.is\\\/is\\\/ahugaverdir-stadir\\\/jokulsarlon\\\/#breadcrumb\"},\"inLanguage\":\"is\",\"potentialAction\":[{\"@type\":\"ReadAction\",\"target\":[\"https:\\\/\\\/hotelklaustur.is\\\/is\\\/ahugaverdir-stadir\\\/jokulsarlon\\\/\"]}]},{\"@type\":\"BreadcrumbList\",\"@id\":\"https:\\\/\\\/hotelklaustur.is\\\/is\\\/ahugaverdir-stadir\\\/jokulsarlon\\\/#breadcrumb\",\"itemListElement\":[{\"@type\":\"ListItem\",\"position\":1,\"name\":\"Heim\",\"item\":\"https:\\\/\\\/hotelklaustur.is\\\/is\\\/\"},{\"@type\":\"ListItem\",\"position\":2,\"name\":\"\u00c1hugaver\u00f0ir sta\u00f0ir\",\"item\":\"https:\\\/\\\/hotelklaustur.is\\\/is\\\/ahugaverdir-stadir\\\/\"},{\"@type\":\"ListItem\",\"position\":3,\"name\":\"J\u00f6kuls\u00e1rl\u00f3n\"}]},{\"@type\":\"WebSite\",\"@id\":\"https:\\\/\\\/hotelklaustur.is\\\/is\\\/#website\",\"url\":\"https:\\\/\\\/hotelklaustur.is\\\/is\\\/\",\"name\":\"Hotel Klaustur\",\"description\":\"\",\"publisher\":{\"@id\":\"https:\\\/\\\/hotelklaustur.is\\\/is\\\/#organization\"},\"potentialAction\":[{\"@type\":\"SearchAction\",\"target\":{\"@type\":\"EntryPoint\",\"urlTemplate\":\"https:\\\/\\\/hotelklaustur.is\\\/is\\\/?s={search_term_string}\"},\"query-input\":{\"@type\":\"PropertyValueSpecification\",\"valueRequired\":true,\"valueName\":\"search_term_string\"}}],\"inLanguage\":\"is\"},{\"@type\":\"Organization\",\"@id\":\"https:\\\/\\\/hotelklaustur.is\\\/is\\\/#organization\",\"name\":\"Hotel Klaustur\",\"url\":\"https:\\\/\\\/hotelklaustur.is\\\/is\\\/\",\"logo\":{\"@type\":\"ImageObject\",\"inLanguage\":\"is\",\"@id\":\"https:\\\/\\\/hotelklaustur.is\\\/is\\\/#\\\/schema\\\/logo\\\/image\\\/\",\"url\":\"https:\\\/\\\/hotelklaustur.is\\\/wp-content\\\/uploads\\\/2025\\\/05\\\/Logo.svg\",\"contentUrl\":\"https:\\\/\\\/hotelklaustur.is\\\/wp-content\\\/uploads\\\/2025\\\/05\\\/Logo.svg\",\"width\":196,\"height\":227,\"caption\":\"Hotel Klaustur\"},\"image\":{\"@id\":\"https:\\\/\\\/hotelklaustur.is\\\/is\\\/#\\\/schema\\\/logo\\\/image\\\/\"},\"sameAs\":[\"https:\\\/\\\/www.facebook.com\\\/hotelklausturiceland\\\/\",\"https:\\\/\\\/www.instagram.com\\\/hotel_klaustur_iceland\\\/\"]}]}<\/script>\n<!-- \/ Yoast SEO plugin. -->","yoast_head_json":{"title":"J\u00f6kuls\u00e1rl\u00f3n - Hotel Klaustur","description":"H\u00f3tel Klaustur er tilvalinn dvalarsta\u00f0ur \u00e1 Su\u00f0urlandi, milli V\u00edkur og J\u00f6kuls\u00e1rl\u00f3ns, me\u00f0 notalegum og vel \u00fatb\u00fanum herbergjum.","robots":{"index":"index","follow":"follow","max-snippet":"max-snippet:-1","max-image-preview":"max-image-preview:large","max-video-preview":"max-video-preview:-1"},"canonical":"https:\/\/hotelklaustur.is\/is\/ahugaverdir-stadir\/jokulsarlon\/","og_locale":"is_IS","og_type":"article","og_title":"J\u00f6kuls\u00e1rl\u00f3n - Hotel Klaustur","og_description":"H\u00f3tel Klaustur er tilvalinn dvalarsta\u00f0ur \u00e1 Su\u00f0urlandi, milli V\u00edkur og J\u00f6kuls\u00e1rl\u00f3ns, me\u00f0 notalegum og vel \u00fatb\u00fanum herbergjum.","og_url":"https:\/\/hotelklaustur.is\/is\/ahugaverdir-stadir\/jokulsarlon\/","og_site_name":"Hotel Klaustur","article_publisher":"https:\/\/www.facebook.com\/hotelklausturiceland\/","article_modified_time":"2025-09-01T14:13:40+00:00","twitter_card":"summary_large_image","twitter_misc":{"Est. reading time":"2 minutes"},"schema":{"@context":"https:\/\/schema.org","@graph":[{"@type":"WebPage","@id":"https:\/\/hotelklaustur.is\/is\/ahugaverdir-stadir\/jokulsarlon\/","url":"https:\/\/hotelklaustur.is\/is\/ahugaverdir-stadir\/jokulsarlon\/","name":"J\u00f6kuls\u00e1rl\u00f3n - Hotel Klaustur","isPartOf":{"@id":"https:\/\/hotelklaustur.is\/is\/#website"},"datePublished":"2024-06-28T13:26:48+00:00","dateModified":"2025-09-01T14:13:40+00:00","description":"H\u00f3tel Klaustur er tilvalinn dvalarsta\u00f0ur \u00e1 Su\u00f0urlandi, milli V\u00edkur og J\u00f6kuls\u00e1rl\u00f3ns, me\u00f0 notalegum og vel \u00fatb\u00fanum herbergjum.","breadcrumb":{"@id":"https:\/\/hotelklaustur.is\/is\/ahugaverdir-stadir\/jokulsarlon\/#breadcrumb"},"inLanguage":"is","potentialAction":[{"@type":"ReadAction","target":["https:\/\/hotelklaustur.is\/is\/ahugaverdir-stadir\/jokulsarlon\/"]}]},{"@type":"BreadcrumbList","@id":"https:\/\/hotelklaustur.is\/is\/ahugaverdir-stadir\/jokulsarlon\/#breadcrumb","itemListElement":[{"@type":"ListItem","position":1,"name":"Heim","item":"https:\/\/hotelklaustur.is\/is\/"},{"@type":"ListItem","position":2,"name":"\u00c1hugaver\u00f0ir sta\u00f0ir","item":"https:\/\/hotelklaustur.is\/is\/ahugaverdir-stadir\/"},{"@type":"ListItem","position":3,"name":"J\u00f6kuls\u00e1rl\u00f3n"}]},{"@type":"WebSite","@id":"https:\/\/hotelklaustur.is\/is\/#website","url":"https:\/\/hotelklaustur.is\/is\/","name":"Hotel Klaustur","description":"","publisher":{"@id":"https:\/\/hotelklaustur.is\/is\/#organization"},"potentialAction":[{"@type":"SearchAction","target":{"@type":"EntryPoint","urlTemplate":"https:\/\/hotelklaustur.is\/is\/?s={search_term_string}"},"query-input":{"@type":"PropertyValueSpecification","valueRequired":true,"valueName":"search_term_string"}}],"inLanguage":"is"},{"@type":"Organization","@id":"https:\/\/hotelklaustur.is\/is\/#organization","name":"Hotel Klaustur","url":"https:\/\/hotelklaustur.is\/is\/","logo":{"@type":"ImageObject","inLanguage":"is","@id":"https:\/\/hotelklaustur.is\/is\/#\/schema\/logo\/image\/","url":"https:\/\/hotelklaustur.is\/wp-content\/uploads\/2025\/05\/Logo.svg","contentUrl":"https:\/\/hotelklaustur.is\/wp-content\/uploads\/2025\/05\/Logo.svg","width":196,"height":227,"caption":"Hotel Klaustur"},"image":{"@id":"https:\/\/hotelklaustur.is\/is\/#\/schema\/logo\/image\/"},"sameAs":["https:\/\/www.facebook.com\/hotelklausturiceland\/","https:\/\/www.instagram.com\/hotel_klaustur_iceland\/"]}]}},"_links":{"self":[{"href":"https:\/\/hotelklaustur.is\/is\/wp-json\/wp\/v2\/pages\/1151","targetHints":{"allow":["GET"]}}],"collection":[{"href":"https:\/\/hotelklaustur.is\/is\/wp-json\/wp\/v2\/pages"}],"about":[{"href":"https:\/\/hotelklaustur.is\/is\/wp-json\/wp\/v2\/types\/page"}],"author":[{"embeddable":true,"href":"https:\/\/hotelklaustur.is\/is\/wp-json\/wp\/v2\/users\/1"}],"replies":[{"embeddable":true,"href":"https:\/\/hotelklaustur.is\/is\/wp-json\/wp\/v2\/comments?post=1151"}],"version-history":[{"count":15,"href":"https:\/\/hotelklaustur.is\/is\/wp-json\/wp\/v2\/pages\/1151\/revisions"}],"predecessor-version":[{"id":2137,"href":"https:\/\/hotelklaustur.is\/is\/wp-json\/wp\/v2\/pages\/1151\/revisions\/2137"}],"up":[{"embeddable":true,"href":"https:\/\/hotelklaustur.is\/is\/wp-json\/wp\/v2\/pages\/1140"}],"wp:attachment":[{"href":"https:\/\/hotelklaustur.is\/is\/wp-json\/wp\/v2\/media?parent=1151"}],"curies":[{"name":"wp","href":"https:\/\/api.w.org\/{rel}","templated":true}]}}