{"id":1150,"date":"2024-06-28T13:29:39","date_gmt":"2024-06-28T13:29:39","guid":{"rendered":"http:\/\/hotelklaustur.web23.vefold.is\/ahugaverdir-stadir\/skaftafell\/"},"modified":"2025-09-03T15:27:47","modified_gmt":"2025-09-03T15:27:47","slug":"skaftafell","status":"publish","type":"page","link":"https:\/\/hotelklaustur.is\/is\/ahugaverdir-stadir\/skaftafell\/","title":{"rendered":"Skaftafell"},"content":{"rendered":"\n\t<section class=\"section breadcrumbs-section\" id=\"section_606125778\">\n\t\t<div class=\"section-bg fill\" >\n\t\t\t\t\t\t\t\t\t\n\t\t\t\n\n\t\t<\/div>\n\n\t\t\n\n\t\t<div class=\"section-content relative\">\n\t\t\t\n<div class=\"row row-collapse align-middle align-center\"  id=\"row-549817190\">\n\n\t<div id=\"col-1900900088\" class=\"col small-12 large-12\"  >\n\t\t\t\t<div class=\"col-inner\"  >\n\t\t\t\n\t\t\t\n<span><span><a href=\"https:\/\/hotelklaustur.is\/is\/\">Heim<\/a><\/span><\/span>\n\t\t<\/div>\n\t\t\t\t\t<\/div>\n\n\t\n<\/div>\n\t\t<\/div>\n\n\t\t\n<style>\n#section_606125778 {\n  padding-top: 0px;\n  padding-bottom: 0px;\n  background-color: rgba(10, 10, 10, 0.9);\n}\n<\/style>\n\t<\/section>\n\t\n\n\t<section class=\"section\" id=\"section_1277422895\">\n\t\t<div class=\"section-bg fill\" >\n\t\t\t\t\t\t\t\t\t\n\t\t\t\n\n\t\t<\/div>\n\n\t\t\n\n\t\t<div class=\"section-content relative\">\n\t\t\t\n<div class=\"row row-collapse row-full-width align-middle align-center\"  id=\"row-760394852\">\n\n\t<div id=\"col-1584019733\" class=\"col medium-6 small-12 large-6\"  >\n\t\t\t\t<div class=\"col-inner\"  >\n\t\t\t\n\t\t\t\n\t<div class=\"img has-hover x md-x lg-x y md-y lg-y\" id=\"image_678089989\">\n\t\t<a class=\"image-lightbox lightbox-gallery\" title=\"\" href=\"https:\/\/hotelklaustur.is\/wp-content\/uploads\/2025\/09\/skaftafell.jpg\">\t\t\t\t\t\t<div class=\"img-inner dark\" >\n\t\t\t<img loading=\"lazy\" decoding=\"async\" width=\"1020\" height=\"679\" src=\"https:\/\/hotelklaustur.is\/wp-content\/uploads\/2025\/09\/skaftafell-1024x682.jpg\" class=\"attachment-large size-large\" alt=\"Skaftafell\" srcset=\"https:\/\/hotelklaustur.is\/wp-content\/uploads\/2025\/09\/skaftafell-1024x682.jpg 1024w, https:\/\/hotelklaustur.is\/wp-content\/uploads\/2025\/09\/skaftafell-300x200.jpg 300w, https:\/\/hotelklaustur.is\/wp-content\/uploads\/2025\/09\/skaftafell-768x512.jpg 768w, https:\/\/hotelklaustur.is\/wp-content\/uploads\/2025\/09\/skaftafell-1536x1023.jpg 1536w, https:\/\/hotelklaustur.is\/wp-content\/uploads\/2025\/09\/skaftafell.jpg 1600w\" sizes=\"auto, (max-width: 1020px) 100vw, 1020px\" \/>\t\t\t\t\t\t\n\t\t\t\t\t<\/div>\n\t\t\t\t\t\t<\/a>\t\t\n<style>\n#image_678089989 {\n  width: 100%;\n}\n<\/style>\n\t<\/div>\n\t\n\t\t<\/div>\n\t\t\t\t\t<\/div>\n\n\t\n\n\t<div id=\"col-1811922851\" class=\"col medium-6 small-12 large-6\"  >\n\t\t\t\t<div class=\"col-inner\"  >\n\t\t\t\n\t\t\t\n<div class=\"row align-center\"  id=\"row-881238206\">\n\n\t<div id=\"col-1799884255\" class=\"col medium-10 small-12 large-10\"  >\n\t\t\t\t<div class=\"col-inner\"  >\n\t\t\t\n\t\t\t\n\t<div id=\"text-3954225303\" class=\"text hero attraction-text\">\n\t\t\n<h1>Skaftafell<\/h1>\n<p style=\"max-width: 650px;\">Skaftafell er hluti af Vatnaj\u00f6kuls\u00fej\u00f3\u00f0gar\u00f0i sem er um 14.140 ferk\u00edl\u00f3metrar og spannar t\u00e6p 14% af flatarm\u00e1li \u00cdslands. \u00dear er a\u00f0 finna fallegan gr\u00f3\u00f0ur milli sands og j\u00f6kla og \u00fdmsa \u00e1hugaver\u00f0a sta\u00f0i svo sem Svartafoss, Skaftafellsj\u00f6kul og Krist\u00ednartinda.<\/p>\n\t\t\n<style>\n#text-3954225303 {\n  color: rgb(0,0,0);\n}\n#text-3954225303 > * {\n  color: rgb(0,0,0);\n}\n<\/style>\n\t<\/div>\n\t\n\t\t<\/div>\n\t\t\t\t\t<\/div>\n\n\t\n\n\t<div id=\"col-1675887699\" class=\"col medium-10 small-12 large-10\"  >\n\t\t\t\t<div class=\"col-inner\"  >\n\t\t\t\n\t\t\t\n<a href=\"https:\/\/www.google.is\/maps\/place\/Skaftafell\/@64.070414,-16.9751755,15z\/data=!4m2!3m1!1s0x0:0x7aeae20830cc34d0?ved=2ahUKEwigg570yoffAhVLQcAKHSJUBFQQ_BIwCnoECAYQCA\" class=\"button primary is-outline is-large\" style=\"border-radius:11px;\">\n\t<i class=\"icon-map-pin-fill\" aria-hidden=\"true\"><\/i>\t<span>Sko\u00f0a \u00e1 korti<\/span>\n\t<\/a>\n\n\t\t<\/div>\n\t\t\t\t\t<\/div>\n\n\t\n<\/div>\n\t\t<\/div>\n\t\t\t\t\t<\/div>\n\n\t\n<\/div>\n\t\t<\/div>\n\n\t\t\n<style>\n#section_1277422895 {\n  padding-top: 0px;\n  padding-bottom: 0px;\n}\n<\/style>\n\t<\/section>\n\t\n\n\t<section class=\"section\" id=\"section_1021681828\">\n\t\t<div class=\"section-bg fill\" >\n\t\t\t\t\t\t\t\t\t\n\t\t\t\n\n\t\t<\/div>\n\n\t\t\n\n\t\t<div class=\"section-content relative\">\n\t\t\t\n<div class=\"row\"  id=\"row-899985762\">\n\n\t<div id=\"col-1626298805\" class=\"col medium-6 small-12 large-6\"  >\n\t\t\t\t<div class=\"col-inner\"  >\n\t\t\t\n\t\t\t\n<p>Skaftafell n\u00fdtur skj\u00f3ls af \u00d6r\u00e6faj\u00f6kli svo \u00fear er oft a\u00f0 finna stillt og gott ve\u00f0ur, en \u00d6r\u00e6faj\u00f6kull er hluti Vatnaj\u00f6kuls og h\u00e6sti tindur hans er Hvannadalshnj\u00fakur, h\u00e6sti tindur \u00cdslands. Skaftafell hefur veri\u00f0 mynda\u00f0 af eldgosum, j\u00f6klum og v\u00f6tnum og er einstaklega fallegur sta\u00f0ur.<\/p>\n\t\t<\/div>\n\t\t\t\t\t<\/div>\n\n\t\n\n\t<div id=\"col-1555941300\" class=\"col medium-6 small-12 large-6\"  >\n\t\t\t\t<div class=\"col-inner\"  >\n\t\t\t\n\t\t\t\n<p>\u00dej\u00f3\u00f0gar\u00f0urinn er opinn almenningi, en \u00fear gilda s\u00e9rstakar reglur sem vi\u00f0 m\u00e6lum me\u00f0 a\u00f0 fer\u00f0amenn kynni s\u00e9r \u00e1\u00f0ur en \u00feeir heims\u00e6kja Skaftafell. \u00deetta gildir s\u00e9rstaklega um \u00fe\u00e1 sem hyggjast keyra innan sv\u00e6\u00f0isins.<\/p>\n\t\t<\/div>\n\t\t\t\t\t<\/div>\n\n\t\n<\/div>\n<div class=\"row\"  id=\"row-2107889253\">\n\n\t<div id=\"col-1896733710\" class=\"col medium-6 small-12 large-6\"  >\n\t\t\t\t<div class=\"col-inner\"  >\n\t\t\t\n\t\t\t\n\t<div class=\"img has-hover x md-x lg-x y md-y lg-y\" id=\"image_738998796\">\n\t\t<a class=\"image-lightbox lightbox-gallery\" title=\"\" href=\"https:\/\/hotelklaustur.is\/wp-content\/uploads\/2025\/09\/skaftafell-sign.jpg\">\t\t\t\t\t\t<div class=\"img-inner dark\" >\n\t\t\t<img loading=\"lazy\" decoding=\"async\" width=\"1020\" height=\"679\" src=\"https:\/\/hotelklaustur.is\/wp-content\/uploads\/2025\/09\/skaftafell-sign-1024x682.jpg\" class=\"attachment-large size-large\" alt=\"Vatnaj\u00f6kull National Park sign\" srcset=\"https:\/\/hotelklaustur.is\/wp-content\/uploads\/2025\/09\/skaftafell-sign-1024x682.jpg 1024w, https:\/\/hotelklaustur.is\/wp-content\/uploads\/2025\/09\/skaftafell-sign-300x200.jpg 300w, https:\/\/hotelklaustur.is\/wp-content\/uploads\/2025\/09\/skaftafell-sign-768x512.jpg 768w, https:\/\/hotelklaustur.is\/wp-content\/uploads\/2025\/09\/skaftafell-sign-1536x1023.jpg 1536w, https:\/\/hotelklaustur.is\/wp-content\/uploads\/2025\/09\/skaftafell-sign.jpg 1600w\" sizes=\"auto, (max-width: 1020px) 100vw, 1020px\" \/>\t\t\t\t\t\t\n\t\t\t\t\t<\/div>\n\t\t\t\t\t\t<\/a>\t\t\n<style>\n#image_738998796 {\n  width: 100%;\n}\n<\/style>\n\t<\/div>\n\t\n\t\t<\/div>\n\t\t\t\t\t<\/div>\n\n\t\n\n\t<div id=\"col-1683127929\" class=\"col medium-6 small-12 large-6\"  >\n\t\t\t\t<div class=\"col-inner\"  >\n\t\t\t\n\t\t\t\n\t<div class=\"img has-hover x md-x lg-x y md-y lg-y\" id=\"image_145842367\">\n\t\t<a class=\"image-lightbox lightbox-gallery\" title=\"\" href=\"https:\/\/hotelklaustur.is\/wp-content\/uploads\/2025\/05\/iceland-glacier.jpg\">\t\t\t\t\t\t<div class=\"img-inner dark\" >\n\t\t\t<img loading=\"lazy\" decoding=\"async\" width=\"1020\" height=\"678\" src=\"https:\/\/hotelklaustur.is\/wp-content\/uploads\/2025\/05\/iceland-glacier-1024x681.jpg\" class=\"attachment-large size-large\" alt=\"Glacier\" srcset=\"https:\/\/hotelklaustur.is\/wp-content\/uploads\/2025\/05\/iceland-glacier-1024x681.jpg 1024w, https:\/\/hotelklaustur.is\/wp-content\/uploads\/2025\/05\/iceland-glacier-300x200.jpg 300w, https:\/\/hotelklaustur.is\/wp-content\/uploads\/2025\/05\/iceland-glacier-768x511.jpg 768w, https:\/\/hotelklaustur.is\/wp-content\/uploads\/2025\/05\/iceland-glacier-1536x1021.jpg 1536w, https:\/\/hotelklaustur.is\/wp-content\/uploads\/2025\/05\/iceland-glacier.jpg 1600w\" sizes=\"auto, (max-width: 1020px) 100vw, 1020px\" \/>\t\t\t\t\t\t\n\t\t\t\t\t<\/div>\n\t\t\t\t\t\t<\/a>\t\t\n<style>\n#image_145842367 {\n  width: 100%;\n}\n<\/style>\n\t<\/div>\n\t\n\t\t<\/div>\n\t\t\t\t\t<\/div>\n\n\t\n<\/div>\n\t\t<\/div>\n\n\t\t\n<style>\n#section_1021681828 {\n  padding-top: 30px;\n  padding-bottom: 30px;\n}\n<\/style>\n\t<\/section>\n\t\n","protected":false},"excerpt":{"rendered":"","protected":false},"author":1,"featured_media":0,"parent":1140,"menu_order":0,"comment_status":"closed","ping_status":"closed","template":"","meta":{"_acf_changed":false,"inline_featured_image":false,"footnotes":""},"class_list":["post-1150","page","type-page","status-publish","hentry"],"acf":[],"yoast_head":"<!-- This site is optimized with the Yoast SEO plugin v27.3 - https:\/\/yoast.com\/product\/yoast-seo-wordpress\/ -->\n<title>Skaftafell - Hotel Klaustur<\/title>\n<meta name=\"description\" content=\"Ekki langt fr\u00e1 H\u00f3tel Klaustri er Skaftafells\u00fej\u00f3\u00f0gar\u00f0ur, \u00fear sem finna m\u00e1 Svartafoss, fallegar g\u00f6ngulei\u00f0ir og st\u00f3rkostlegt \u00fats\u00fdni yfir einstaka \u00edslenska n\u00e1tt\u00faru.\" \/>\n<meta name=\"robots\" content=\"index, follow, max-snippet:-1, max-image-preview:large, max-video-preview:-1\" \/>\n<link rel=\"canonical\" href=\"https:\/\/hotelklaustur.is\/is\/ahugaverdir-stadir\/skaftafell\/\" \/>\n<meta property=\"og:locale\" content=\"is_IS\" \/>\n<meta property=\"og:type\" content=\"article\" \/>\n<meta property=\"og:title\" content=\"Skaftafell - Hotel Klaustur\" \/>\n<meta property=\"og:description\" content=\"Ekki langt fr\u00e1 H\u00f3tel Klaustri er Skaftafells\u00fej\u00f3\u00f0gar\u00f0ur, \u00fear sem finna m\u00e1 Svartafoss, fallegar g\u00f6ngulei\u00f0ir og st\u00f3rkostlegt \u00fats\u00fdni yfir einstaka \u00edslenska n\u00e1tt\u00faru.\" \/>\n<meta property=\"og:url\" content=\"https:\/\/hotelklaustur.is\/is\/ahugaverdir-stadir\/skaftafell\/\" \/>\n<meta property=\"og:site_name\" content=\"Hotel Klaustur\" \/>\n<meta property=\"article:publisher\" content=\"https:\/\/www.facebook.com\/hotelklausturiceland\/\" \/>\n<meta property=\"article:modified_time\" content=\"2025-09-03T15:27:47+00:00\" \/>\n<meta name=\"twitter:card\" content=\"summary_large_image\" \/>\n<meta name=\"twitter:label1\" content=\"Est. reading time\" \/>\n\t<meta name=\"twitter:data1\" content=\"1 minute\" \/>\n<script type=\"application\/ld+json\" class=\"yoast-schema-graph\">{\"@context\":\"https:\\\/\\\/schema.org\",\"@graph\":[{\"@type\":\"WebPage\",\"@id\":\"https:\\\/\\\/hotelklaustur.is\\\/is\\\/ahugaverdir-stadir\\\/skaftafell\\\/\",\"url\":\"https:\\\/\\\/hotelklaustur.is\\\/is\\\/ahugaverdir-stadir\\\/skaftafell\\\/\",\"name\":\"Skaftafell - Hotel Klaustur\",\"isPartOf\":{\"@id\":\"https:\\\/\\\/hotelklaustur.is\\\/is\\\/#website\"},\"datePublished\":\"2024-06-28T13:29:39+00:00\",\"dateModified\":\"2025-09-03T15:27:47+00:00\",\"description\":\"Ekki langt fr\u00e1 H\u00f3tel Klaustri er Skaftafells\u00fej\u00f3\u00f0gar\u00f0ur, \u00fear sem finna m\u00e1 Svartafoss, fallegar g\u00f6ngulei\u00f0ir og st\u00f3rkostlegt \u00fats\u00fdni yfir einstaka \u00edslenska n\u00e1tt\u00faru.\",\"breadcrumb\":{\"@id\":\"https:\\\/\\\/hotelklaustur.is\\\/is\\\/ahugaverdir-stadir\\\/skaftafell\\\/#breadcrumb\"},\"inLanguage\":\"is\",\"potentialAction\":[{\"@type\":\"ReadAction\",\"target\":[\"https:\\\/\\\/hotelklaustur.is\\\/is\\\/ahugaverdir-stadir\\\/skaftafell\\\/\"]}]},{\"@type\":\"BreadcrumbList\",\"@id\":\"https:\\\/\\\/hotelklaustur.is\\\/is\\\/ahugaverdir-stadir\\\/skaftafell\\\/#breadcrumb\",\"itemListElement\":[{\"@type\":\"ListItem\",\"position\":1,\"name\":\"Heim\",\"item\":\"https:\\\/\\\/hotelklaustur.is\\\/is\\\/\"},{\"@type\":\"ListItem\",\"position\":2,\"name\":\"\u00c1hugaver\u00f0ir sta\u00f0ir\",\"item\":\"https:\\\/\\\/hotelklaustur.is\\\/is\\\/ahugaverdir-stadir\\\/\"},{\"@type\":\"ListItem\",\"position\":3,\"name\":\"Skaftafell\"}]},{\"@type\":\"WebSite\",\"@id\":\"https:\\\/\\\/hotelklaustur.is\\\/is\\\/#website\",\"url\":\"https:\\\/\\\/hotelklaustur.is\\\/is\\\/\",\"name\":\"Hotel Klaustur\",\"description\":\"\",\"publisher\":{\"@id\":\"https:\\\/\\\/hotelklaustur.is\\\/is\\\/#organization\"},\"potentialAction\":[{\"@type\":\"SearchAction\",\"target\":{\"@type\":\"EntryPoint\",\"urlTemplate\":\"https:\\\/\\\/hotelklaustur.is\\\/is\\\/?s={search_term_string}\"},\"query-input\":{\"@type\":\"PropertyValueSpecification\",\"valueRequired\":true,\"valueName\":\"search_term_string\"}}],\"inLanguage\":\"is\"},{\"@type\":\"Organization\",\"@id\":\"https:\\\/\\\/hotelklaustur.is\\\/is\\\/#organization\",\"name\":\"Hotel Klaustur\",\"url\":\"https:\\\/\\\/hotelklaustur.is\\\/is\\\/\",\"logo\":{\"@type\":\"ImageObject\",\"inLanguage\":\"is\",\"@id\":\"https:\\\/\\\/hotelklaustur.is\\\/is\\\/#\\\/schema\\\/logo\\\/image\\\/\",\"url\":\"https:\\\/\\\/hotelklaustur.is\\\/wp-content\\\/uploads\\\/2025\\\/05\\\/Logo.svg\",\"contentUrl\":\"https:\\\/\\\/hotelklaustur.is\\\/wp-content\\\/uploads\\\/2025\\\/05\\\/Logo.svg\",\"width\":196,\"height\":227,\"caption\":\"Hotel Klaustur\"},\"image\":{\"@id\":\"https:\\\/\\\/hotelklaustur.is\\\/is\\\/#\\\/schema\\\/logo\\\/image\\\/\"},\"sameAs\":[\"https:\\\/\\\/www.facebook.com\\\/hotelklausturiceland\\\/\",\"https:\\\/\\\/www.instagram.com\\\/hotel_klaustur_iceland\\\/\"]}]}<\/script>\n<!-- \/ Yoast SEO plugin. -->","yoast_head_json":{"title":"Skaftafell - Hotel Klaustur","description":"Ekki langt fr\u00e1 H\u00f3tel Klaustri er Skaftafells\u00fej\u00f3\u00f0gar\u00f0ur, \u00fear sem finna m\u00e1 Svartafoss, fallegar g\u00f6ngulei\u00f0ir og st\u00f3rkostlegt \u00fats\u00fdni yfir einstaka \u00edslenska n\u00e1tt\u00faru.","robots":{"index":"index","follow":"follow","max-snippet":"max-snippet:-1","max-image-preview":"max-image-preview:large","max-video-preview":"max-video-preview:-1"},"canonical":"https:\/\/hotelklaustur.is\/is\/ahugaverdir-stadir\/skaftafell\/","og_locale":"is_IS","og_type":"article","og_title":"Skaftafell - Hotel Klaustur","og_description":"Ekki langt fr\u00e1 H\u00f3tel Klaustri er Skaftafells\u00fej\u00f3\u00f0gar\u00f0ur, \u00fear sem finna m\u00e1 Svartafoss, fallegar g\u00f6ngulei\u00f0ir og st\u00f3rkostlegt \u00fats\u00fdni yfir einstaka \u00edslenska n\u00e1tt\u00faru.","og_url":"https:\/\/hotelklaustur.is\/is\/ahugaverdir-stadir\/skaftafell\/","og_site_name":"Hotel Klaustur","article_publisher":"https:\/\/www.facebook.com\/hotelklausturiceland\/","article_modified_time":"2025-09-03T15:27:47+00:00","twitter_card":"summary_large_image","twitter_misc":{"Est. reading time":"1 minute"},"schema":{"@context":"https:\/\/schema.org","@graph":[{"@type":"WebPage","@id":"https:\/\/hotelklaustur.is\/is\/ahugaverdir-stadir\/skaftafell\/","url":"https:\/\/hotelklaustur.is\/is\/ahugaverdir-stadir\/skaftafell\/","name":"Skaftafell - Hotel Klaustur","isPartOf":{"@id":"https:\/\/hotelklaustur.is\/is\/#website"},"datePublished":"2024-06-28T13:29:39+00:00","dateModified":"2025-09-03T15:27:47+00:00","description":"Ekki langt fr\u00e1 H\u00f3tel Klaustri er Skaftafells\u00fej\u00f3\u00f0gar\u00f0ur, \u00fear sem finna m\u00e1 Svartafoss, fallegar g\u00f6ngulei\u00f0ir og st\u00f3rkostlegt \u00fats\u00fdni yfir einstaka \u00edslenska n\u00e1tt\u00faru.","breadcrumb":{"@id":"https:\/\/hotelklaustur.is\/is\/ahugaverdir-stadir\/skaftafell\/#breadcrumb"},"inLanguage":"is","potentialAction":[{"@type":"ReadAction","target":["https:\/\/hotelklaustur.is\/is\/ahugaverdir-stadir\/skaftafell\/"]}]},{"@type":"BreadcrumbList","@id":"https:\/\/hotelklaustur.is\/is\/ahugaverdir-stadir\/skaftafell\/#breadcrumb","itemListElement":[{"@type":"ListItem","position":1,"name":"Heim","item":"https:\/\/hotelklaustur.is\/is\/"},{"@type":"ListItem","position":2,"name":"\u00c1hugaver\u00f0ir sta\u00f0ir","item":"https:\/\/hotelklaustur.is\/is\/ahugaverdir-stadir\/"},{"@type":"ListItem","position":3,"name":"Skaftafell"}]},{"@type":"WebSite","@id":"https:\/\/hotelklaustur.is\/is\/#website","url":"https:\/\/hotelklaustur.is\/is\/","name":"Hotel Klaustur","description":"","publisher":{"@id":"https:\/\/hotelklaustur.is\/is\/#organization"},"potentialAction":[{"@type":"SearchAction","target":{"@type":"EntryPoint","urlTemplate":"https:\/\/hotelklaustur.is\/is\/?s={search_term_string}"},"query-input":{"@type":"PropertyValueSpecification","valueRequired":true,"valueName":"search_term_string"}}],"inLanguage":"is"},{"@type":"Organization","@id":"https:\/\/hotelklaustur.is\/is\/#organization","name":"Hotel Klaustur","url":"https:\/\/hotelklaustur.is\/is\/","logo":{"@type":"ImageObject","inLanguage":"is","@id":"https:\/\/hotelklaustur.is\/is\/#\/schema\/logo\/image\/","url":"https:\/\/hotelklaustur.is\/wp-content\/uploads\/2025\/05\/Logo.svg","contentUrl":"https:\/\/hotelklaustur.is\/wp-content\/uploads\/2025\/05\/Logo.svg","width":196,"height":227,"caption":"Hotel Klaustur"},"image":{"@id":"https:\/\/hotelklaustur.is\/is\/#\/schema\/logo\/image\/"},"sameAs":["https:\/\/www.facebook.com\/hotelklausturiceland\/","https:\/\/www.instagram.com\/hotel_klaustur_iceland\/"]}]}},"_links":{"self":[{"href":"https:\/\/hotelklaustur.is\/is\/wp-json\/wp\/v2\/pages\/1150","targetHints":{"allow":["GET"]}}],"collection":[{"href":"https:\/\/hotelklaustur.is\/is\/wp-json\/wp\/v2\/pages"}],"about":[{"href":"https:\/\/hotelklaustur.is\/is\/wp-json\/wp\/v2\/types\/page"}],"author":[{"embeddable":true,"href":"https:\/\/hotelklaustur.is\/is\/wp-json\/wp\/v2\/users\/1"}],"replies":[{"embeddable":true,"href":"https:\/\/hotelklaustur.is\/is\/wp-json\/wp\/v2\/comments?post=1150"}],"version-history":[{"count":9,"href":"https:\/\/hotelklaustur.is\/is\/wp-json\/wp\/v2\/pages\/1150\/revisions"}],"predecessor-version":[{"id":2227,"href":"https:\/\/hotelklaustur.is\/is\/wp-json\/wp\/v2\/pages\/1150\/revisions\/2227"}],"up":[{"embeddable":true,"href":"https:\/\/hotelklaustur.is\/is\/wp-json\/wp\/v2\/pages\/1140"}],"wp:attachment":[{"href":"https:\/\/hotelklaustur.is\/is\/wp-json\/wp\/v2\/media?parent=1150"}],"curies":[{"name":"wp","href":"https:\/\/api.w.org\/{rel}","templated":true}]}}