{"id":1050,"date":"2024-06-18T14:10:52","date_gmt":"2024-06-18T14:10:52","guid":{"rendered":"http:\/\/hotelklaustur.web23.vefold.is\/hafdu-samband-vid-okkur\/"},"modified":"2025-09-01T14:15:12","modified_gmt":"2025-09-01T14:15:12","slug":"hafa-samband","status":"publish","type":"page","link":"https:\/\/hotelklaustur.is\/is\/hafa-samband\/","title":{"rendered":"Hafa samband"},"content":{"rendered":"\n\t<section class=\"section breadcrumbs-section\" id=\"section_1214121458\">\n\t\t<div class=\"section-bg fill\" >\n\t\t\t\t\t\t\t\t\t\n\t\t\t\n\n\t\t<\/div>\n\n\t\t\n\n\t\t<div class=\"section-content relative\">\n\t\t\t\n<div class=\"row row-collapse align-middle align-center\"  id=\"row-1016313618\">\n\n\t<div id=\"col-1213795411\" class=\"col small-12 large-12\"  >\n\t\t\t\t<div class=\"col-inner\"  >\n\t\t\t\n\t\t\t\n<span><span><a href=\"https:\/\/hotelklaustur.is\/is\/\">Heim<\/a><\/span><\/span>\n\t\t<\/div>\n\t\t\t\t\t<\/div>\n\n\t\n<\/div>\n\t\t<\/div>\n\n\t\t\n<style>\n#section_1214121458 {\n  padding-top: 0px;\n  padding-bottom: 0px;\n  background-color: rgba(10, 10, 10, 0.9);\n}\n<\/style>\n\t<\/section>\n\t\n\n\t<section class=\"section hero-section\" id=\"section_1235585794\">\n\t\t<div class=\"section-bg fill\" >\n\t\t\t\t\t\t\t\t\t\n\t\t\t\n\n\t\t<\/div>\n\n\t\t\n\n\t\t<div class=\"section-content relative\">\n\t\t\t\n<div class=\"row row-collapse row-full-width align-middle align-center\"  id=\"row-2059658056\">\n\n\t<div id=\"col-2026007335\" class=\"col medium-6 small-12 large-6\"  >\n\t\t\t\t<div class=\"col-inner\"  >\n\t\t\t\n\t\t\t\n\t<div class=\"img has-hover x md-x lg-x y md-y lg-y\" id=\"image_2126253379\">\n\t\t\t\t\t\t\t\t<div class=\"img-inner dark\" >\n\t\t\t<img loading=\"lazy\" decoding=\"async\" width=\"1020\" height=\"681\" src=\"https:\/\/hotelklaustur.is\/wp-content\/uploads\/2025\/09\/klaustur-chapel-1024x684.jpg\" class=\"attachment-large size-large\" alt=\"Klastur chapel\" srcset=\"https:\/\/hotelklaustur.is\/wp-content\/uploads\/2025\/09\/klaustur-chapel-1024x684.jpg 1024w, https:\/\/hotelklaustur.is\/wp-content\/uploads\/2025\/09\/klaustur-chapel-300x200.jpg 300w, https:\/\/hotelklaustur.is\/wp-content\/uploads\/2025\/09\/klaustur-chapel-768x513.jpg 768w, https:\/\/hotelklaustur.is\/wp-content\/uploads\/2025\/09\/klaustur-chapel-1536x1025.jpg 1536w, https:\/\/hotelklaustur.is\/wp-content\/uploads\/2025\/09\/klaustur-chapel.jpg 1600w\" sizes=\"auto, (max-width: 1020px) 100vw, 1020px\" \/>\t\t\t\t\t\t\n\t\t\t\t\t<\/div>\n\t\t\t\t\t\t\t\t\n<style>\n#image_2126253379 {\n  width: 100%;\n}\n<\/style>\n\t<\/div>\n\t\n\t\t<\/div>\n\t\t\t\t\t<\/div>\n\n\t\n\n\t<div id=\"col-58642344\" class=\"col contact-col medium-6 small-12 large-6\"  >\n\t\t\t\t<div class=\"col-inner\"  >\n\t\t\t\n\t\t\t\n<div class=\"row align-center\"  id=\"row-812784636\">\n\n\t<div id=\"col-1052642585\" class=\"col small-12 large-12\"  >\n\t\t\t\t<div class=\"col-inner\"  >\n\t\t\t\n\t\t\t\n\t<div id=\"text-1328124284\" class=\"text hero\">\n\t\t\n<h1>Hafa samband<\/h1>\n<p>Vi\u00f0 sv\u00f6rum vi\u00f0 fyrsta t\u00e6kif\u00e6ri<\/p>\n\t\t\n<style>\n#text-1328124284 {\n  color: rgb(0,0,0);\n}\n#text-1328124284 > * {\n  color: rgb(0,0,0);\n}\n<\/style>\n\t<\/div>\n\t\n\t\t<\/div>\n\t\t\t\t\t<\/div>\n\n\t\n\n\t<div id=\"col-1341708231\" class=\"col medium-6 small-12 large-6\"  >\n\t\t\t\t<div class=\"col-inner\"  >\n\t\t\t\n\t\t\t\n\n<div class=\"wpcf7 no-js\" id=\"wpcf7-f1200-o1\" lang=\"is-IS\" dir=\"ltr\" data-wpcf7-id=\"1200\">\n<div class=\"screen-reader-response\"><p role=\"status\" aria-live=\"polite\" aria-atomic=\"true\"><\/p> <ul><\/ul><\/div>\n<form action=\"\/is\/wp-json\/wp\/v2\/pages\/1050#wpcf7-f1200-o1\" method=\"post\" class=\"wpcf7-form init\" aria-label=\"Contact form\" novalidate=\"novalidate\" data-status=\"init\">\n<fieldset class=\"hidden-fields-container\"><input type=\"hidden\" name=\"_wpcf7\" value=\"1200\" \/><input type=\"hidden\" name=\"_wpcf7_version\" value=\"6.1.5\" \/><input type=\"hidden\" name=\"_wpcf7_locale\" value=\"is_IS\" \/><input type=\"hidden\" name=\"_wpcf7_unit_tag\" value=\"wpcf7-f1200-o1\" \/><input type=\"hidden\" name=\"_wpcf7_container_post\" value=\"0\" \/><input type=\"hidden\" name=\"_wpcf7_posted_data_hash\" value=\"\" \/>\n<\/fieldset>\n<p><label> Nafn<br \/>\n<span class=\"wpcf7-form-control-wrap\" data-name=\"your-name\"><input size=\"40\" maxlength=\"400\" class=\"wpcf7-form-control wpcf7-text wpcf7-validates-as-required\" autocomplete=\"name\" aria-required=\"true\" aria-invalid=\"false\" value=\"\" type=\"text\" name=\"your-name\" \/><\/span> <\/label>\n<\/p>\n<p><label> T\u00f6lvup\u00f3stur<br \/>\n<span class=\"wpcf7-form-control-wrap\" data-name=\"your-email\"><input size=\"40\" maxlength=\"400\" class=\"wpcf7-form-control wpcf7-email wpcf7-validates-as-required wpcf7-text wpcf7-validates-as-email\" autocomplete=\"email\" aria-required=\"true\" aria-invalid=\"false\" value=\"\" type=\"email\" name=\"your-email\" \/><\/span> <\/label>\n<\/p>\n<p><label> Fyrirspurn<br \/>\n<span class=\"wpcf7-form-control-wrap\" data-name=\"your-subject\"><input size=\"40\" maxlength=\"400\" class=\"wpcf7-form-control wpcf7-text wpcf7-validates-as-required\" aria-required=\"true\" aria-invalid=\"false\" value=\"\" type=\"text\" name=\"your-subject\" \/><\/span> <\/label>\n<\/p>\n<p><label> Skilabo\u00f0<br \/>\n<span class=\"wpcf7-form-control-wrap\" data-name=\"your-message\"><textarea cols=\"40\" rows=\"10\" maxlength=\"2000\" class=\"wpcf7-form-control wpcf7-textarea\" aria-invalid=\"false\" name=\"your-message\"><\/textarea><\/span> <\/label>\n<\/p>\n<p><input class=\"wpcf7-form-control wpcf7-submit has-spinner\" type=\"submit\" value=\"Senda\" \/>\n<\/p><div class=\"wpcf7-response-output\" aria-hidden=\"true\"><\/div>\n<\/form>\n<\/div>\n\n\t\t<\/div>\n\t\t\t\t\t<\/div>\n\n\t\n\n\t<div id=\"col-2113686233\" class=\"col medium-6 small-12 large-6\"  >\n\t\t\t\t<div class=\"col-inner\"  >\n\t\t\t\n\t\t\t\n\t<div id=\"text-1784460931\" class=\"text contact-text\">\n\t\t\n<p><strong>Sta\u00f0setning:<\/strong><br \/>\nHotel Klaustur,<br \/>\nKlausturvegur 6,<br \/>\n880 Kirkjubaejarklaustur<\/p>\n<p><strong>S\u00edman\u00famer<\/strong><br \/>\n<a href=\"tel:+3544874900\">+354 487 4900<\/a><br \/>\n<strong>Netfang<\/strong><br \/>\n<a href=\"mailto:info@hotelklaustur.is\">info@hotelklaustur.is<\/a><\/p>\n<p><a href=\"https:\/\/maps.app.goo.gl\/xku6THy81rwgoTpcA\" target=\"_blank\"class=\"button primary is-outline\" style=\"border-radius: 10px;\"><i class=\"icon-map-pin-fill\" aria-hidden=\"true\"><\/i> Sko\u00f0a \u00e1 korti<\/a><\/p>\n\t\t\t<\/div>\n\t\n\t\t<\/div>\n\t\t\t\t\t<\/div>\n\n\t\n<\/div>\n\t\t<\/div>\n\t\t\t\t\t<\/div>\n\n\t\n<\/div>\n\t\t<\/div>\n\n\t\t\n<style>\n#section_1235585794 {\n  padding-top: 0px;\n  padding-bottom: 0px;\n}\n<\/style>\n\t<\/section>\n\t\n","protected":false},"excerpt":{"rendered":"","protected":false},"author":1,"featured_media":0,"parent":0,"menu_order":0,"comment_status":"closed","ping_status":"closed","template":"","meta":{"_acf_changed":false,"inline_featured_image":false,"footnotes":""},"class_list":["post-1050","page","type-page","status-publish","hentry"],"acf":[],"yoast_head":"<!-- This site is optimized with the Yoast SEO plugin v27.3 - https:\/\/yoast.com\/product\/yoast-seo-wordpress\/ -->\n<title>Hafa samband - Hotel Klaustur<\/title>\n<meta name=\"description\" content=\"Vi\u00f0 hef\u00f0um gaman af \u00fev\u00ed a\u00f0 heyra fr\u00e1 \u00fe\u00e9r! Sendu okkur skilabo\u00f0 \u00e1 netfangi\u00f0 info@hotelklaustur.is e\u00f0a hringdu \u00ed s\u00edma +354 487 4900.\" \/>\n<meta name=\"robots\" content=\"index, follow, max-snippet:-1, max-image-preview:large, max-video-preview:-1\" \/>\n<link rel=\"canonical\" href=\"https:\/\/hotelklaustur.is\/is\/hafa-samband\/\" \/>\n<meta property=\"og:locale\" content=\"is_IS\" \/>\n<meta property=\"og:type\" content=\"article\" \/>\n<meta property=\"og:title\" content=\"Hafa samband - Hotel Klaustur\" \/>\n<meta property=\"og:description\" content=\"Vi\u00f0 hef\u00f0um gaman af \u00fev\u00ed a\u00f0 heyra fr\u00e1 \u00fe\u00e9r! Sendu okkur skilabo\u00f0 \u00e1 netfangi\u00f0 info@hotelklaustur.is e\u00f0a hringdu \u00ed s\u00edma +354 487 4900.\" \/>\n<meta property=\"og:url\" content=\"https:\/\/hotelklaustur.is\/is\/hafa-samband\/\" \/>\n<meta property=\"og:site_name\" content=\"Hotel Klaustur\" \/>\n<meta property=\"article:publisher\" content=\"https:\/\/www.facebook.com\/hotelklausturiceland\/\" \/>\n<meta property=\"article:modified_time\" content=\"2025-09-01T14:15:12+00:00\" \/>\n<meta name=\"twitter:card\" content=\"summary_large_image\" \/>\n<meta name=\"twitter:label1\" content=\"Est. reading time\" \/>\n\t<meta name=\"twitter:data1\" content=\"1 minute\" \/>\n<script type=\"application\/ld+json\" class=\"yoast-schema-graph\">{\"@context\":\"https:\\\/\\\/schema.org\",\"@graph\":[{\"@type\":[\"WebPage\",\"ContactPage\"],\"@id\":\"https:\\\/\\\/hotelklaustur.is\\\/is\\\/hafa-samband\\\/\",\"url\":\"https:\\\/\\\/hotelklaustur.is\\\/is\\\/hafa-samband\\\/\",\"name\":\"Hafa samband - Hotel Klaustur\",\"isPartOf\":{\"@id\":\"https:\\\/\\\/hotelklaustur.is\\\/is\\\/#website\"},\"datePublished\":\"2024-06-18T14:10:52+00:00\",\"dateModified\":\"2025-09-01T14:15:12+00:00\",\"description\":\"Vi\u00f0 hef\u00f0um gaman af \u00fev\u00ed a\u00f0 heyra fr\u00e1 \u00fe\u00e9r! Sendu okkur skilabo\u00f0 \u00e1 netfangi\u00f0 info@hotelklaustur.is e\u00f0a hringdu \u00ed s\u00edma +354 487 4900.\",\"breadcrumb\":{\"@id\":\"https:\\\/\\\/hotelklaustur.is\\\/is\\\/hafa-samband\\\/#breadcrumb\"},\"inLanguage\":\"is\",\"potentialAction\":[{\"@type\":\"ReadAction\",\"target\":[\"https:\\\/\\\/hotelklaustur.is\\\/is\\\/hafa-samband\\\/\"]}]},{\"@type\":\"BreadcrumbList\",\"@id\":\"https:\\\/\\\/hotelklaustur.is\\\/is\\\/hafa-samband\\\/#breadcrumb\",\"itemListElement\":[{\"@type\":\"ListItem\",\"position\":1,\"name\":\"Heim\",\"item\":\"https:\\\/\\\/hotelklaustur.is\\\/is\\\/\"},{\"@type\":\"ListItem\",\"position\":2,\"name\":\"Hafa samband\"}]},{\"@type\":\"WebSite\",\"@id\":\"https:\\\/\\\/hotelklaustur.is\\\/is\\\/#website\",\"url\":\"https:\\\/\\\/hotelklaustur.is\\\/is\\\/\",\"name\":\"Hotel Klaustur\",\"description\":\"\",\"publisher\":{\"@id\":\"https:\\\/\\\/hotelklaustur.is\\\/is\\\/#organization\"},\"potentialAction\":[{\"@type\":\"SearchAction\",\"target\":{\"@type\":\"EntryPoint\",\"urlTemplate\":\"https:\\\/\\\/hotelklaustur.is\\\/is\\\/?s={search_term_string}\"},\"query-input\":{\"@type\":\"PropertyValueSpecification\",\"valueRequired\":true,\"valueName\":\"search_term_string\"}}],\"inLanguage\":\"is\"},{\"@type\":\"Organization\",\"@id\":\"https:\\\/\\\/hotelklaustur.is\\\/is\\\/#organization\",\"name\":\"Hotel Klaustur\",\"url\":\"https:\\\/\\\/hotelklaustur.is\\\/is\\\/\",\"logo\":{\"@type\":\"ImageObject\",\"inLanguage\":\"is\",\"@id\":\"https:\\\/\\\/hotelklaustur.is\\\/is\\\/#\\\/schema\\\/logo\\\/image\\\/\",\"url\":\"https:\\\/\\\/hotelklaustur.is\\\/wp-content\\\/uploads\\\/2025\\\/05\\\/Logo.svg\",\"contentUrl\":\"https:\\\/\\\/hotelklaustur.is\\\/wp-content\\\/uploads\\\/2025\\\/05\\\/Logo.svg\",\"width\":196,\"height\":227,\"caption\":\"Hotel Klaustur\"},\"image\":{\"@id\":\"https:\\\/\\\/hotelklaustur.is\\\/is\\\/#\\\/schema\\\/logo\\\/image\\\/\"},\"sameAs\":[\"https:\\\/\\\/www.facebook.com\\\/hotelklausturiceland\\\/\",\"https:\\\/\\\/www.instagram.com\\\/hotel_klaustur_iceland\\\/\"]}]}<\/script>\n<!-- \/ Yoast SEO plugin. -->","yoast_head_json":{"title":"Hafa samband - Hotel Klaustur","description":"Vi\u00f0 hef\u00f0um gaman af \u00fev\u00ed a\u00f0 heyra fr\u00e1 \u00fe\u00e9r! Sendu okkur skilabo\u00f0 \u00e1 netfangi\u00f0 info@hotelklaustur.is e\u00f0a hringdu \u00ed s\u00edma +354 487 4900.","robots":{"index":"index","follow":"follow","max-snippet":"max-snippet:-1","max-image-preview":"max-image-preview:large","max-video-preview":"max-video-preview:-1"},"canonical":"https:\/\/hotelklaustur.is\/is\/hafa-samband\/","og_locale":"is_IS","og_type":"article","og_title":"Hafa samband - Hotel Klaustur","og_description":"Vi\u00f0 hef\u00f0um gaman af \u00fev\u00ed a\u00f0 heyra fr\u00e1 \u00fe\u00e9r! Sendu okkur skilabo\u00f0 \u00e1 netfangi\u00f0 info@hotelklaustur.is e\u00f0a hringdu \u00ed s\u00edma +354 487 4900.","og_url":"https:\/\/hotelklaustur.is\/is\/hafa-samband\/","og_site_name":"Hotel Klaustur","article_publisher":"https:\/\/www.facebook.com\/hotelklausturiceland\/","article_modified_time":"2025-09-01T14:15:12+00:00","twitter_card":"summary_large_image","twitter_misc":{"Est. reading time":"1 minute"},"schema":{"@context":"https:\/\/schema.org","@graph":[{"@type":["WebPage","ContactPage"],"@id":"https:\/\/hotelklaustur.is\/is\/hafa-samband\/","url":"https:\/\/hotelklaustur.is\/is\/hafa-samband\/","name":"Hafa samband - Hotel Klaustur","isPartOf":{"@id":"https:\/\/hotelklaustur.is\/is\/#website"},"datePublished":"2024-06-18T14:10:52+00:00","dateModified":"2025-09-01T14:15:12+00:00","description":"Vi\u00f0 hef\u00f0um gaman af \u00fev\u00ed a\u00f0 heyra fr\u00e1 \u00fe\u00e9r! Sendu okkur skilabo\u00f0 \u00e1 netfangi\u00f0 info@hotelklaustur.is e\u00f0a hringdu \u00ed s\u00edma +354 487 4900.","breadcrumb":{"@id":"https:\/\/hotelklaustur.is\/is\/hafa-samband\/#breadcrumb"},"inLanguage":"is","potentialAction":[{"@type":"ReadAction","target":["https:\/\/hotelklaustur.is\/is\/hafa-samband\/"]}]},{"@type":"BreadcrumbList","@id":"https:\/\/hotelklaustur.is\/is\/hafa-samband\/#breadcrumb","itemListElement":[{"@type":"ListItem","position":1,"name":"Heim","item":"https:\/\/hotelklaustur.is\/is\/"},{"@type":"ListItem","position":2,"name":"Hafa samband"}]},{"@type":"WebSite","@id":"https:\/\/hotelklaustur.is\/is\/#website","url":"https:\/\/hotelklaustur.is\/is\/","name":"Hotel Klaustur","description":"","publisher":{"@id":"https:\/\/hotelklaustur.is\/is\/#organization"},"potentialAction":[{"@type":"SearchAction","target":{"@type":"EntryPoint","urlTemplate":"https:\/\/hotelklaustur.is\/is\/?s={search_term_string}"},"query-input":{"@type":"PropertyValueSpecification","valueRequired":true,"valueName":"search_term_string"}}],"inLanguage":"is"},{"@type":"Organization","@id":"https:\/\/hotelklaustur.is\/is\/#organization","name":"Hotel Klaustur","url":"https:\/\/hotelklaustur.is\/is\/","logo":{"@type":"ImageObject","inLanguage":"is","@id":"https:\/\/hotelklaustur.is\/is\/#\/schema\/logo\/image\/","url":"https:\/\/hotelklaustur.is\/wp-content\/uploads\/2025\/05\/Logo.svg","contentUrl":"https:\/\/hotelklaustur.is\/wp-content\/uploads\/2025\/05\/Logo.svg","width":196,"height":227,"caption":"Hotel Klaustur"},"image":{"@id":"https:\/\/hotelklaustur.is\/is\/#\/schema\/logo\/image\/"},"sameAs":["https:\/\/www.facebook.com\/hotelklausturiceland\/","https:\/\/www.instagram.com\/hotel_klaustur_iceland\/"]}]}},"_links":{"self":[{"href":"https:\/\/hotelklaustur.is\/is\/wp-json\/wp\/v2\/pages\/1050","targetHints":{"allow":["GET"]}}],"collection":[{"href":"https:\/\/hotelklaustur.is\/is\/wp-json\/wp\/v2\/pages"}],"about":[{"href":"https:\/\/hotelklaustur.is\/is\/wp-json\/wp\/v2\/types\/page"}],"author":[{"embeddable":true,"href":"https:\/\/hotelklaustur.is\/is\/wp-json\/wp\/v2\/users\/1"}],"replies":[{"embeddable":true,"href":"https:\/\/hotelklaustur.is\/is\/wp-json\/wp\/v2\/comments?post=1050"}],"version-history":[{"count":26,"href":"https:\/\/hotelklaustur.is\/is\/wp-json\/wp\/v2\/pages\/1050\/revisions"}],"predecessor-version":[{"id":2139,"href":"https:\/\/hotelklaustur.is\/is\/wp-json\/wp\/v2\/pages\/1050\/revisions\/2139"}],"wp:attachment":[{"href":"https:\/\/hotelklaustur.is\/is\/wp-json\/wp\/v2\/media?parent=1050"}],"curies":[{"name":"wp","href":"https:\/\/api.w.org\/{rel}","templated":true}]}}