{"id":1047,"date":"2024-06-18T14:21:25","date_gmt":"2024-06-18T14:21:25","guid":{"rendered":"http:\/\/hotelklaustur.web23.vefold.is\/bokun\/"},"modified":"2025-09-17T15:57:25","modified_gmt":"2025-09-17T15:57:25","slug":"boka","status":"publish","type":"page","link":"https:\/\/hotelklaustur.is\/is\/boka\/","title":{"rendered":"B\u00f3ka"},"content":{"rendered":"\n\t<section class=\"section breadcrumbs-section\" id=\"section_736613823\">\n\t\t<div class=\"section-bg fill\" >\n\t\t\t\t\t\t\t\t\t\n\t\t\t\n\n\t\t<\/div>\n\n\t\t\n\n\t\t<div class=\"section-content relative\">\n\t\t\t\n<div class=\"row row-collapse align-middle align-center\"  id=\"row-937333554\">\n\n\t<div id=\"col-382472648\" class=\"col small-12 large-12\"  >\n\t\t\t\t<div class=\"col-inner\"  >\n\t\t\t\n\t\t\t\n<span><span><a href=\"https:\/\/hotelklaustur.is\/is\/\">Heim<\/a><\/span><\/span>\n\t\t<\/div>\n\t\t\t\t\t<\/div>\n\n\t\n<\/div>\n\t\t<\/div>\n\n\t\t\n<style>\n#section_736613823 {\n  padding-top: 0px;\n  padding-bottom: 0px;\n  background-color: rgba(10, 10, 10, 0.9);\n}\n<\/style>\n\t<\/section>\n\t\n\n\t<section class=\"section\" id=\"section_420758228\">\n\t\t<div class=\"section-bg fill\" >\n\t\t\t\t\t\t\t\t\t\n\t\t\t\n\n\t\t<\/div>\n\n\t\t\n\n\t\t<div class=\"section-content relative\">\n\t\t\t\n\n<div class=\"booking-widget\">\n<p><iframe style=\"max-width: 100%; width: 100%; height: 100%border:none; overflow: auto;\" src =\"https:\/\/property.godo.is\/booking2.php?propid=131476&amp;hidefooter=yes&amp;referer=iframe\" width=\"800\" height=\"2000\" style=\"max-width:100%;border:none;overflow:auto;\"><\/p>\n<p><a href=\"https:\/\/property.godo.is\/booking2.php?propid=131476&amp;referer=iframe\" title=\"Book Now\">Book Now<\/a><\/p>\n<p><\/iframe>\n<\/div>\n\n\t\t<\/div>\n\n\t\t\n<style>\n#section_420758228 {\n  padding-top: 30px;\n  padding-bottom: 30px;\n}\n<\/style>\n\t<\/section>\n\t\n","protected":false},"excerpt":{"rendered":"","protected":false},"author":1,"featured_media":0,"parent":0,"menu_order":0,"comment_status":"closed","ping_status":"closed","template":"","meta":{"_acf_changed":false,"inline_featured_image":false,"footnotes":""},"class_list":["post-1047","page","type-page","status-publish","hentry"],"acf":[],"yoast_head":"<!-- This site is optimized with the Yoast SEO plugin v27.3 - https:\/\/yoast.com\/product\/yoast-seo-wordpress\/ -->\n<title>B\u00f3ka - Hotel Klaustur<\/title>\n<meta name=\"description\" content=\"B\u00f3ka\u00f0u dv\u00f6l \u00ed mi\u00f0ri n\u00e1tt\u00farufegur\u00f0 Su\u00f0urlands \u00e1 H\u00f3tel Klaustri. Fj\u00f6lbreytt \u00farval herbergja er \u00ed bo\u00f0i, allt fr\u00e1 hef\u00f0bundnum herbergjum til sv\u00edtu.\" \/>\n<meta name=\"robots\" content=\"index, follow, max-snippet:-1, max-image-preview:large, max-video-preview:-1\" \/>\n<link rel=\"canonical\" href=\"https:\/\/hotelklaustur.is\/is\/boka\/\" \/>\n<meta property=\"og:locale\" content=\"is_IS\" \/>\n<meta property=\"og:type\" content=\"article\" \/>\n<meta property=\"og:title\" content=\"B\u00f3ka - Hotel Klaustur\" \/>\n<meta property=\"og:description\" content=\"B\u00f3ka\u00f0u dv\u00f6l \u00ed mi\u00f0ri n\u00e1tt\u00farufegur\u00f0 Su\u00f0urlands \u00e1 H\u00f3tel Klaustri. Fj\u00f6lbreytt \u00farval herbergja er \u00ed bo\u00f0i, allt fr\u00e1 hef\u00f0bundnum herbergjum til sv\u00edtu.\" \/>\n<meta property=\"og:url\" content=\"https:\/\/hotelklaustur.is\/is\/boka\/\" \/>\n<meta property=\"og:site_name\" content=\"Hotel Klaustur\" \/>\n<meta property=\"article:publisher\" content=\"https:\/\/www.facebook.com\/hotelklausturiceland\/\" \/>\n<meta property=\"article:modified_time\" content=\"2025-09-17T15:57:25+00:00\" \/>\n<meta name=\"twitter:card\" content=\"summary_large_image\" \/>\n<meta name=\"twitter:label1\" content=\"Est. reading time\" \/>\n\t<meta name=\"twitter:data1\" content=\"1 minute\" \/>\n<script type=\"application\/ld+json\" class=\"yoast-schema-graph\">{\"@context\":\"https:\\\/\\\/schema.org\",\"@graph\":[{\"@type\":\"WebPage\",\"@id\":\"https:\\\/\\\/hotelklaustur.is\\\/is\\\/boka\\\/\",\"url\":\"https:\\\/\\\/hotelklaustur.is\\\/is\\\/boka\\\/\",\"name\":\"B\u00f3ka - Hotel Klaustur\",\"isPartOf\":{\"@id\":\"https:\\\/\\\/hotelklaustur.is\\\/is\\\/#website\"},\"datePublished\":\"2024-06-18T14:21:25+00:00\",\"dateModified\":\"2025-09-17T15:57:25+00:00\",\"description\":\"B\u00f3ka\u00f0u dv\u00f6l \u00ed mi\u00f0ri n\u00e1tt\u00farufegur\u00f0 Su\u00f0urlands \u00e1 H\u00f3tel Klaustri. Fj\u00f6lbreytt \u00farval herbergja er \u00ed bo\u00f0i, allt fr\u00e1 hef\u00f0bundnum herbergjum til sv\u00edtu.\",\"breadcrumb\":{\"@id\":\"https:\\\/\\\/hotelklaustur.is\\\/is\\\/boka\\\/#breadcrumb\"},\"inLanguage\":\"is\",\"potentialAction\":[{\"@type\":\"ReadAction\",\"target\":[\"https:\\\/\\\/hotelklaustur.is\\\/is\\\/boka\\\/\"]}]},{\"@type\":\"BreadcrumbList\",\"@id\":\"https:\\\/\\\/hotelklaustur.is\\\/is\\\/boka\\\/#breadcrumb\",\"itemListElement\":[{\"@type\":\"ListItem\",\"position\":1,\"name\":\"Heim\",\"item\":\"https:\\\/\\\/hotelklaustur.is\\\/is\\\/\"},{\"@type\":\"ListItem\",\"position\":2,\"name\":\"B\u00f3ka\"}]},{\"@type\":\"WebSite\",\"@id\":\"https:\\\/\\\/hotelklaustur.is\\\/is\\\/#website\",\"url\":\"https:\\\/\\\/hotelklaustur.is\\\/is\\\/\",\"name\":\"Hotel Klaustur\",\"description\":\"\",\"publisher\":{\"@id\":\"https:\\\/\\\/hotelklaustur.is\\\/is\\\/#organization\"},\"potentialAction\":[{\"@type\":\"SearchAction\",\"target\":{\"@type\":\"EntryPoint\",\"urlTemplate\":\"https:\\\/\\\/hotelklaustur.is\\\/is\\\/?s={search_term_string}\"},\"query-input\":{\"@type\":\"PropertyValueSpecification\",\"valueRequired\":true,\"valueName\":\"search_term_string\"}}],\"inLanguage\":\"is\"},{\"@type\":\"Organization\",\"@id\":\"https:\\\/\\\/hotelklaustur.is\\\/is\\\/#organization\",\"name\":\"Hotel Klaustur\",\"url\":\"https:\\\/\\\/hotelklaustur.is\\\/is\\\/\",\"logo\":{\"@type\":\"ImageObject\",\"inLanguage\":\"is\",\"@id\":\"https:\\\/\\\/hotelklaustur.is\\\/is\\\/#\\\/schema\\\/logo\\\/image\\\/\",\"url\":\"https:\\\/\\\/hotelklaustur.is\\\/wp-content\\\/uploads\\\/2025\\\/05\\\/Logo.svg\",\"contentUrl\":\"https:\\\/\\\/hotelklaustur.is\\\/wp-content\\\/uploads\\\/2025\\\/05\\\/Logo.svg\",\"width\":196,\"height\":227,\"caption\":\"Hotel Klaustur\"},\"image\":{\"@id\":\"https:\\\/\\\/hotelklaustur.is\\\/is\\\/#\\\/schema\\\/logo\\\/image\\\/\"},\"sameAs\":[\"https:\\\/\\\/www.facebook.com\\\/hotelklausturiceland\\\/\",\"https:\\\/\\\/www.instagram.com\\\/hotel_klaustur_iceland\\\/\"]}]}<\/script>\n<!-- \/ Yoast SEO plugin. -->","yoast_head_json":{"title":"B\u00f3ka - Hotel Klaustur","description":"B\u00f3ka\u00f0u dv\u00f6l \u00ed mi\u00f0ri n\u00e1tt\u00farufegur\u00f0 Su\u00f0urlands \u00e1 H\u00f3tel Klaustri. Fj\u00f6lbreytt \u00farval herbergja er \u00ed bo\u00f0i, allt fr\u00e1 hef\u00f0bundnum herbergjum til sv\u00edtu.","robots":{"index":"index","follow":"follow","max-snippet":"max-snippet:-1","max-image-preview":"max-image-preview:large","max-video-preview":"max-video-preview:-1"},"canonical":"https:\/\/hotelklaustur.is\/is\/boka\/","og_locale":"is_IS","og_type":"article","og_title":"B\u00f3ka - Hotel Klaustur","og_description":"B\u00f3ka\u00f0u dv\u00f6l \u00ed mi\u00f0ri n\u00e1tt\u00farufegur\u00f0 Su\u00f0urlands \u00e1 H\u00f3tel Klaustri. Fj\u00f6lbreytt \u00farval herbergja er \u00ed bo\u00f0i, allt fr\u00e1 hef\u00f0bundnum herbergjum til sv\u00edtu.","og_url":"https:\/\/hotelklaustur.is\/is\/boka\/","og_site_name":"Hotel Klaustur","article_publisher":"https:\/\/www.facebook.com\/hotelklausturiceland\/","article_modified_time":"2025-09-17T15:57:25+00:00","twitter_card":"summary_large_image","twitter_misc":{"Est. reading time":"1 minute"},"schema":{"@context":"https:\/\/schema.org","@graph":[{"@type":"WebPage","@id":"https:\/\/hotelklaustur.is\/is\/boka\/","url":"https:\/\/hotelklaustur.is\/is\/boka\/","name":"B\u00f3ka - Hotel Klaustur","isPartOf":{"@id":"https:\/\/hotelklaustur.is\/is\/#website"},"datePublished":"2024-06-18T14:21:25+00:00","dateModified":"2025-09-17T15:57:25+00:00","description":"B\u00f3ka\u00f0u dv\u00f6l \u00ed mi\u00f0ri n\u00e1tt\u00farufegur\u00f0 Su\u00f0urlands \u00e1 H\u00f3tel Klaustri. Fj\u00f6lbreytt \u00farval herbergja er \u00ed bo\u00f0i, allt fr\u00e1 hef\u00f0bundnum herbergjum til sv\u00edtu.","breadcrumb":{"@id":"https:\/\/hotelklaustur.is\/is\/boka\/#breadcrumb"},"inLanguage":"is","potentialAction":[{"@type":"ReadAction","target":["https:\/\/hotelklaustur.is\/is\/boka\/"]}]},{"@type":"BreadcrumbList","@id":"https:\/\/hotelklaustur.is\/is\/boka\/#breadcrumb","itemListElement":[{"@type":"ListItem","position":1,"name":"Heim","item":"https:\/\/hotelklaustur.is\/is\/"},{"@type":"ListItem","position":2,"name":"B\u00f3ka"}]},{"@type":"WebSite","@id":"https:\/\/hotelklaustur.is\/is\/#website","url":"https:\/\/hotelklaustur.is\/is\/","name":"Hotel Klaustur","description":"","publisher":{"@id":"https:\/\/hotelklaustur.is\/is\/#organization"},"potentialAction":[{"@type":"SearchAction","target":{"@type":"EntryPoint","urlTemplate":"https:\/\/hotelklaustur.is\/is\/?s={search_term_string}"},"query-input":{"@type":"PropertyValueSpecification","valueRequired":true,"valueName":"search_term_string"}}],"inLanguage":"is"},{"@type":"Organization","@id":"https:\/\/hotelklaustur.is\/is\/#organization","name":"Hotel Klaustur","url":"https:\/\/hotelklaustur.is\/is\/","logo":{"@type":"ImageObject","inLanguage":"is","@id":"https:\/\/hotelklaustur.is\/is\/#\/schema\/logo\/image\/","url":"https:\/\/hotelklaustur.is\/wp-content\/uploads\/2025\/05\/Logo.svg","contentUrl":"https:\/\/hotelklaustur.is\/wp-content\/uploads\/2025\/05\/Logo.svg","width":196,"height":227,"caption":"Hotel Klaustur"},"image":{"@id":"https:\/\/hotelklaustur.is\/is\/#\/schema\/logo\/image\/"},"sameAs":["https:\/\/www.facebook.com\/hotelklausturiceland\/","https:\/\/www.instagram.com\/hotel_klaustur_iceland\/"]}]}},"_links":{"self":[{"href":"https:\/\/hotelklaustur.is\/is\/wp-json\/wp\/v2\/pages\/1047","targetHints":{"allow":["GET"]}}],"collection":[{"href":"https:\/\/hotelklaustur.is\/is\/wp-json\/wp\/v2\/pages"}],"about":[{"href":"https:\/\/hotelklaustur.is\/is\/wp-json\/wp\/v2\/types\/page"}],"author":[{"embeddable":true,"href":"https:\/\/hotelklaustur.is\/is\/wp-json\/wp\/v2\/users\/1"}],"replies":[{"embeddable":true,"href":"https:\/\/hotelklaustur.is\/is\/wp-json\/wp\/v2\/comments?post=1047"}],"version-history":[{"count":7,"href":"https:\/\/hotelklaustur.is\/is\/wp-json\/wp\/v2\/pages\/1047\/revisions"}],"predecessor-version":[{"id":1992,"href":"https:\/\/hotelklaustur.is\/is\/wp-json\/wp\/v2\/pages\/1047\/revisions\/1992"}],"wp:attachment":[{"href":"https:\/\/hotelklaustur.is\/is\/wp-json\/wp\/v2\/media?parent=1047"}],"curies":[{"name":"wp","href":"https:\/\/api.w.org\/{rel}","templated":true}]}}