{"id":1044,"date":"2024-06-25T14:51:28","date_gmt":"2024-06-25T14:51:28","guid":{"rendered":"http:\/\/hotelklaustur.web23.vefold.is\/ithrottamidstod-og-sundlaug-a-stadnum\/"},"modified":"2025-09-01T13:22:49","modified_gmt":"2025-09-01T13:22:49","slug":"sundlaug-og-likamsraekt","status":"publish","type":"page","link":"https:\/\/hotelklaustur.is\/is\/ahugaverdir-stadir\/sundlaug-og-likamsraekt\/","title":{"rendered":"Sundlaug og l\u00edkamsr\u00e6kt"},"content":{"rendered":"\n\t<section class=\"section breadcrumbs-section\" id=\"section_1048163601\">\n\t\t<div class=\"section-bg fill\" >\n\t\t\t\t\t\t\t\t\t\n\t\t\t\n\n\t\t<\/div>\n\n\t\t\n\n\t\t<div class=\"section-content relative\">\n\t\t\t\n<div class=\"row row-collapse align-middle align-center\"  id=\"row-50249349\">\n\n\t<div id=\"col-1528535234\" class=\"col small-12 large-12\"  >\n\t\t\t\t<div class=\"col-inner\"  >\n\t\t\t\n\t\t\t\n<span><span><a href=\"https:\/\/hotelklaustur.is\/is\/\">Heim<\/a><\/span><\/span>\n\t\t<\/div>\n\t\t\t\t\t<\/div>\n\n\t\n<\/div>\n\t\t<\/div>\n\n\t\t\n<style>\n#section_1048163601 {\n  padding-top: 0px;\n  padding-bottom: 0px;\n  background-color: rgba(10, 10, 10, 0.9);\n}\n<\/style>\n\t<\/section>\n\t\n\n\t<section class=\"section\" id=\"section_2014904380\">\n\t\t<div class=\"section-bg fill\" >\n\t\t\t\t\t\t\t\t\t\n\t\t\t\n\n\t\t<\/div>\n\n\t\t\n\n\t\t<div class=\"section-content relative\">\n\t\t\t\n<div class=\"row row-collapse row-full-width align-middle align-center\"  id=\"row-390394291\">\n\n\t<div id=\"col-462112320\" class=\"col medium-6 small-12 large-6\"  >\n\t\t\t\t<div class=\"col-inner\"  >\n\t\t\t\n\t\t\t\n\t<div class=\"img has-hover x md-x lg-x y md-y lg-y\" id=\"image_983581938\">\n\t\t\t\t\t\t\t\t<div class=\"img-inner dark\" >\n\t\t\t<img loading=\"lazy\" decoding=\"async\" width=\"1020\" height=\"679\" src=\"https:\/\/hotelklaustur.is\/wp-content\/uploads\/2025\/05\/kirkjubaejarklaustur-swimming-pool-1024x682.jpg\" class=\"attachment-large size-large\" alt=\"Kirkjub\u00e6jarklaustur Swimming Pool\" srcset=\"https:\/\/hotelklaustur.is\/wp-content\/uploads\/2025\/05\/kirkjubaejarklaustur-swimming-pool-1024x682.jpg 1024w, https:\/\/hotelklaustur.is\/wp-content\/uploads\/2025\/05\/kirkjubaejarklaustur-swimming-pool-300x200.jpg 300w, https:\/\/hotelklaustur.is\/wp-content\/uploads\/2025\/05\/kirkjubaejarklaustur-swimming-pool-768x512.jpg 768w, https:\/\/hotelklaustur.is\/wp-content\/uploads\/2025\/05\/kirkjubaejarklaustur-swimming-pool-1536x1023.jpg 1536w, https:\/\/hotelklaustur.is\/wp-content\/uploads\/2025\/05\/kirkjubaejarklaustur-swimming-pool.jpg 1600w\" sizes=\"auto, (max-width: 1020px) 100vw, 1020px\" \/>\t\t\t\t\t\t\n\t\t\t\t\t<\/div>\n\t\t\t\t\t\t\t\t\n<style>\n#image_983581938 {\n  width: 100%;\n}\n<\/style>\n\t<\/div>\n\t\n\t\t<\/div>\n\t\t\t\t\t<\/div>\n\n\t\n\n\t<div id=\"col-1069670148\" class=\"col medium-6 small-12 large-6\"  >\n\t\t\t\t<div class=\"col-inner\"  >\n\t\t\t\n\t\t\t\n<div class=\"row align-center\"  id=\"row-372082255\">\n\n\t<div id=\"col-291936766\" class=\"col medium-9 small-12 large-9\"  >\n\t\t\t\t<div class=\"col-inner\"  >\n\t\t\t\n\t\t\t\n\t<div id=\"text-146618764\" class=\"text hero attraction-text\">\n\t\t\n<h1>Sundlaug og l\u00edkamsr\u00e6kt<\/h1>\n<p style=\"max-width: 650px;\">\u00cd\u00fer\u00f3ttami\u00f0st\u00f6\u00f0in \u00e1 Kirkjub\u00e6jarklaustri er sta\u00f0sett \u00e1 Klausturvegi 4 og \u00fear er a\u00f0 finna b\u00e6\u00f0i sundlaug og l\u00edkamsr\u00e6kt. Vi\u00f0 sundlaugina er heitur pottur og va\u00f0laug og l\u00edkamsr\u00e6ktin inniheldur \u00f6ll helstu t\u00e6ki. Ennfremur er \u00ed \u00ed\u00fer\u00f3ttami\u00f0st\u00f6\u00f0inni \u00ed\u00fer\u00f3ttasalur sem h\u00e6gt er a\u00f0 leigja \u00fat fyrir hvers kyns m\u00f3t e\u00f0a vi\u00f0bur\u00f0i.<\/p>\n\t\t\n<style>\n#text-146618764 {\n  color: rgb(0,0,0);\n}\n#text-146618764 > * {\n  color: rgb(0,0,0);\n}\n<\/style>\n\t<\/div>\n\t\n\t\t<\/div>\n\t\t\t\t\t<\/div>\n\n\t\n\n\t<div id=\"col-1256269142\" class=\"col medium-9 small-12 large-9\"  >\n\t\t\t\t<div class=\"col-inner text-left\"  >\n\t\t\t\n\t\t\t\n<a href=\"https:\/\/www.google.is\/maps\/place\/Kirkjub%C3%A6jarklaustur+Sportcenter\/@63.7871591,-18.0534339,15z\/data=!4m2!3m1!1s0x0:0xec516bd1d7cbc11c?ved=2ahUKEwjzh9as1JvfAhXkRxUIHWcNDuEQ_BIwDnoECAYQCA\" target=\"_blank\" class=\"button primary is-outline is-large\" rel=\"noopener\" style=\"border-radius:11px;\">\n\t<i class=\"icon-map-pin-fill\" aria-hidden=\"true\"><\/i>\t<span>Sko\u00f0a \u00e1 korti<\/span>\n\t<\/a>\n\n\t\t<\/div>\n\t\t\t\t\t<\/div>\n\n\t\n<\/div>\n\t\t<\/div>\n\t\t\t\t\t<\/div>\n\n\t\n<\/div>\n\t\t<\/div>\n\n\t\t\n<style>\n#section_2014904380 {\n  padding-top: 0px;\n  padding-bottom: 0px;\n}\n<\/style>\n\t<\/section>\n\t\n\n\t<section class=\"section\" id=\"section_475934687\">\n\t\t<div class=\"section-bg fill\" >\n\t\t\t\t\t\t\t\t\t\n\t\t\t\n\n\t\t<\/div>\n\n\t\t\n\n\t\t<div class=\"section-content relative\">\n\t\t\t\n<div class=\"row\"  id=\"row-772577283\">\n\n\t<div id=\"col-1349097275\" class=\"col medium-6 small-12 large-6\"  >\n\t\t\t\t<div class=\"col-inner\"  >\n\t\t\t\n\t\t\t\n\t<div class=\"img has-hover x md-x lg-x y md-y lg-y\" id=\"image_1447589189\">\n\t\t<a class=\"image-lightbox lightbox-gallery\" title=\"\" href=\"https:\/\/hotelklaustur.is\/wp-content\/uploads\/2025\/05\/klaustur-pool.jpg\">\t\t\t\t\t\t<div class=\"img-inner dark\" >\n\t\t\t<img loading=\"lazy\" decoding=\"async\" width=\"1020\" height=\"681\" src=\"https:\/\/hotelklaustur.is\/wp-content\/uploads\/2025\/05\/klaustur-pool-1024x684.jpg\" class=\"attachment-large size-large\" alt=\"Klaustur Swimming Pool\" srcset=\"https:\/\/hotelklaustur.is\/wp-content\/uploads\/2025\/05\/klaustur-pool-1024x684.jpg 1024w, https:\/\/hotelklaustur.is\/wp-content\/uploads\/2025\/05\/klaustur-pool-300x200.jpg 300w, https:\/\/hotelklaustur.is\/wp-content\/uploads\/2025\/05\/klaustur-pool-768x513.jpg 768w, https:\/\/hotelklaustur.is\/wp-content\/uploads\/2025\/05\/klaustur-pool-1536x1026.jpg 1536w, https:\/\/hotelklaustur.is\/wp-content\/uploads\/2025\/05\/klaustur-pool.jpg 1600w\" sizes=\"auto, (max-width: 1020px) 100vw, 1020px\" \/>\t\t\t\t\t\t\n\t\t\t\t\t<\/div>\n\t\t\t\t\t\t<\/a>\t\t\n<style>\n#image_1447589189 {\n  width: 100%;\n}\n<\/style>\n\t<\/div>\n\t\n\t\t<\/div>\n\t\t\t\t\t<\/div>\n\n\t\n\n\t<div id=\"col-2101435129\" class=\"col medium-6 small-12 large-6\"  >\n\t\t\t\t<div class=\"col-inner\"  >\n\t\t\t\n\t\t\t\n\t<div class=\"img has-hover x md-x lg-x y md-y lg-y\" id=\"image_1993331197\">\n\t\t<a class=\"image-lightbox lightbox-gallery\" title=\"\" href=\"https:\/\/hotelklaustur.is\/wp-content\/uploads\/2025\/05\/kirkjubaejarklaustur-swimming-pool.jpg\">\t\t\t\t\t\t<div class=\"img-inner dark\" >\n\t\t\t<img loading=\"lazy\" decoding=\"async\" width=\"1020\" height=\"679\" src=\"https:\/\/hotelklaustur.is\/wp-content\/uploads\/2025\/05\/kirkjubaejarklaustur-swimming-pool-1024x682.jpg\" class=\"attachment-large size-large\" alt=\"Kirkjub\u00e6jarklaustur Swimming Pool\" srcset=\"https:\/\/hotelklaustur.is\/wp-content\/uploads\/2025\/05\/kirkjubaejarklaustur-swimming-pool-1024x682.jpg 1024w, https:\/\/hotelklaustur.is\/wp-content\/uploads\/2025\/05\/kirkjubaejarklaustur-swimming-pool-300x200.jpg 300w, https:\/\/hotelklaustur.is\/wp-content\/uploads\/2025\/05\/kirkjubaejarklaustur-swimming-pool-768x512.jpg 768w, https:\/\/hotelklaustur.is\/wp-content\/uploads\/2025\/05\/kirkjubaejarklaustur-swimming-pool-1536x1023.jpg 1536w, https:\/\/hotelklaustur.is\/wp-content\/uploads\/2025\/05\/kirkjubaejarklaustur-swimming-pool.jpg 1600w\" sizes=\"auto, (max-width: 1020px) 100vw, 1020px\" \/>\t\t\t\t\t\t\n\t\t\t\t\t<\/div>\n\t\t\t\t\t\t<\/a>\t\t\n<style>\n#image_1993331197 {\n  width: 100%;\n}\n<\/style>\n\t<\/div>\n\t\n\t\t<\/div>\n\t\t\t\t\t<\/div>\n\n\t\n<\/div>\n\t\t<\/div>\n\n\t\t\n<style>\n#section_475934687 {\n  padding-top: 30px;\n  padding-bottom: 30px;\n}\n<\/style>\n\t<\/section>\n\t\n","protected":false},"excerpt":{"rendered":"","protected":false},"author":1,"featured_media":1496,"parent":1140,"menu_order":0,"comment_status":"closed","ping_status":"closed","template":"","meta":{"_acf_changed":false,"inline_featured_image":false,"footnotes":""},"class_list":["post-1044","page","type-page","status-publish","has-post-thumbnail","hentry"],"acf":[],"yoast_head":"<!-- This site is optimized with the Yoast SEO plugin v27.3 - https:\/\/yoast.com\/product\/yoast-seo-wordpress\/ -->\n<title>Sundlaug og l\u00edkamsr\u00e6kt - Hotel Klaustur<\/title>\n<meta name=\"description\" content=\"\u00cd a\u00f0eins tveggja m\u00edn\u00fatna g\u00f6ngufjarl\u00e6g\u00f0 fr\u00e1 H\u00f3tel Klaustri er \u00ed\u00fer\u00f3ttami\u00f0st\u00f6\u00f0in \u00e1 Kirkjub\u00e6jarklaustri \u00fear sem gestir geta n\u00fdtt s\u00e9r sundlaugina og l\u00edkamsr\u00e6ktarst\u00f6\u00f0ina.\" \/>\n<meta name=\"robots\" content=\"index, follow, max-snippet:-1, max-image-preview:large, max-video-preview:-1\" \/>\n<link rel=\"canonical\" href=\"https:\/\/hotelklaustur.is\/is\/ahugaverdir-stadir\/sundlaug-og-likamsraekt\/\" \/>\n<meta property=\"og:locale\" content=\"is_IS\" \/>\n<meta property=\"og:type\" content=\"article\" \/>\n<meta property=\"og:title\" content=\"Sundlaug og l\u00edkamsr\u00e6kt - Hotel Klaustur\" \/>\n<meta property=\"og:description\" content=\"\u00cd a\u00f0eins tveggja m\u00edn\u00fatna g\u00f6ngufjarl\u00e6g\u00f0 fr\u00e1 H\u00f3tel Klaustri er \u00ed\u00fer\u00f3ttami\u00f0st\u00f6\u00f0in \u00e1 Kirkjub\u00e6jarklaustri \u00fear sem gestir geta n\u00fdtt s\u00e9r sundlaugina og l\u00edkamsr\u00e6ktarst\u00f6\u00f0ina.\" \/>\n<meta property=\"og:url\" content=\"https:\/\/hotelklaustur.is\/is\/ahugaverdir-stadir\/sundlaug-og-likamsraekt\/\" \/>\n<meta property=\"og:site_name\" content=\"Hotel Klaustur\" \/>\n<meta property=\"article:publisher\" content=\"https:\/\/www.facebook.com\/hotelklausturiceland\/\" \/>\n<meta property=\"article:modified_time\" content=\"2025-09-01T13:22:49+00:00\" \/>\n<meta property=\"og:image\" content=\"https:\/\/hotelklaustur.is\/wp-content\/uploads\/2025\/05\/klaustur-pool.jpg\" \/>\n\t<meta property=\"og:image:width\" content=\"1600\" \/>\n\t<meta property=\"og:image:height\" content=\"1069\" \/>\n\t<meta property=\"og:image:type\" content=\"image\/jpeg\" \/>\n<meta name=\"twitter:card\" content=\"summary_large_image\" \/>\n<meta name=\"twitter:label1\" content=\"Est. reading time\" \/>\n\t<meta name=\"twitter:data1\" content=\"1 minute\" \/>\n<script type=\"application\/ld+json\" class=\"yoast-schema-graph\">{\"@context\":\"https:\\\/\\\/schema.org\",\"@graph\":[{\"@type\":\"WebPage\",\"@id\":\"https:\\\/\\\/hotelklaustur.is\\\/is\\\/ahugaverdir-stadir\\\/sundlaug-og-likamsraekt\\\/\",\"url\":\"https:\\\/\\\/hotelklaustur.is\\\/is\\\/ahugaverdir-stadir\\\/sundlaug-og-likamsraekt\\\/\",\"name\":\"Sundlaug og l\u00edkamsr\u00e6kt - Hotel Klaustur\",\"isPartOf\":{\"@id\":\"https:\\\/\\\/hotelklaustur.is\\\/is\\\/#website\"},\"primaryImageOfPage\":{\"@id\":\"https:\\\/\\\/hotelklaustur.is\\\/is\\\/ahugaverdir-stadir\\\/sundlaug-og-likamsraekt\\\/#primaryimage\"},\"image\":{\"@id\":\"https:\\\/\\\/hotelklaustur.is\\\/is\\\/ahugaverdir-stadir\\\/sundlaug-og-likamsraekt\\\/#primaryimage\"},\"thumbnailUrl\":\"https:\\\/\\\/hotelklaustur.is\\\/wp-content\\\/uploads\\\/2025\\\/05\\\/klaustur-pool.jpg\",\"datePublished\":\"2024-06-25T14:51:28+00:00\",\"dateModified\":\"2025-09-01T13:22:49+00:00\",\"description\":\"\u00cd a\u00f0eins tveggja m\u00edn\u00fatna g\u00f6ngufjarl\u00e6g\u00f0 fr\u00e1 H\u00f3tel Klaustri er \u00ed\u00fer\u00f3ttami\u00f0st\u00f6\u00f0in \u00e1 Kirkjub\u00e6jarklaustri \u00fear sem gestir geta n\u00fdtt s\u00e9r sundlaugina og l\u00edkamsr\u00e6ktarst\u00f6\u00f0ina.\",\"breadcrumb\":{\"@id\":\"https:\\\/\\\/hotelklaustur.is\\\/is\\\/ahugaverdir-stadir\\\/sundlaug-og-likamsraekt\\\/#breadcrumb\"},\"inLanguage\":\"is\",\"potentialAction\":[{\"@type\":\"ReadAction\",\"target\":[\"https:\\\/\\\/hotelklaustur.is\\\/is\\\/ahugaverdir-stadir\\\/sundlaug-og-likamsraekt\\\/\"]}]},{\"@type\":\"ImageObject\",\"inLanguage\":\"is\",\"@id\":\"https:\\\/\\\/hotelklaustur.is\\\/is\\\/ahugaverdir-stadir\\\/sundlaug-og-likamsraekt\\\/#primaryimage\",\"url\":\"https:\\\/\\\/hotelklaustur.is\\\/wp-content\\\/uploads\\\/2025\\\/05\\\/klaustur-pool.jpg\",\"contentUrl\":\"https:\\\/\\\/hotelklaustur.is\\\/wp-content\\\/uploads\\\/2025\\\/05\\\/klaustur-pool.jpg\",\"width\":1600,\"height\":1069,\"caption\":\"Klaustur Swimming Pool\"},{\"@type\":\"BreadcrumbList\",\"@id\":\"https:\\\/\\\/hotelklaustur.is\\\/is\\\/ahugaverdir-stadir\\\/sundlaug-og-likamsraekt\\\/#breadcrumb\",\"itemListElement\":[{\"@type\":\"ListItem\",\"position\":1,\"name\":\"Heim\",\"item\":\"https:\\\/\\\/hotelklaustur.is\\\/is\\\/\"},{\"@type\":\"ListItem\",\"position\":2,\"name\":\"\u00c1hugaver\u00f0ir sta\u00f0ir\",\"item\":\"https:\\\/\\\/hotelklaustur.is\\\/is\\\/ahugaverdir-stadir\\\/\"},{\"@type\":\"ListItem\",\"position\":3,\"name\":\"Sundlaug og l\u00edkamsr\u00e6kt\"}]},{\"@type\":\"WebSite\",\"@id\":\"https:\\\/\\\/hotelklaustur.is\\\/is\\\/#website\",\"url\":\"https:\\\/\\\/hotelklaustur.is\\\/is\\\/\",\"name\":\"Hotel Klaustur\",\"description\":\"\",\"publisher\":{\"@id\":\"https:\\\/\\\/hotelklaustur.is\\\/is\\\/#organization\"},\"potentialAction\":[{\"@type\":\"SearchAction\",\"target\":{\"@type\":\"EntryPoint\",\"urlTemplate\":\"https:\\\/\\\/hotelklaustur.is\\\/is\\\/?s={search_term_string}\"},\"query-input\":{\"@type\":\"PropertyValueSpecification\",\"valueRequired\":true,\"valueName\":\"search_term_string\"}}],\"inLanguage\":\"is\"},{\"@type\":\"Organization\",\"@id\":\"https:\\\/\\\/hotelklaustur.is\\\/is\\\/#organization\",\"name\":\"Hotel Klaustur\",\"url\":\"https:\\\/\\\/hotelklaustur.is\\\/is\\\/\",\"logo\":{\"@type\":\"ImageObject\",\"inLanguage\":\"is\",\"@id\":\"https:\\\/\\\/hotelklaustur.is\\\/is\\\/#\\\/schema\\\/logo\\\/image\\\/\",\"url\":\"https:\\\/\\\/hotelklaustur.is\\\/wp-content\\\/uploads\\\/2025\\\/05\\\/Logo.svg\",\"contentUrl\":\"https:\\\/\\\/hotelklaustur.is\\\/wp-content\\\/uploads\\\/2025\\\/05\\\/Logo.svg\",\"width\":196,\"height\":227,\"caption\":\"Hotel Klaustur\"},\"image\":{\"@id\":\"https:\\\/\\\/hotelklaustur.is\\\/is\\\/#\\\/schema\\\/logo\\\/image\\\/\"},\"sameAs\":[\"https:\\\/\\\/www.facebook.com\\\/hotelklausturiceland\\\/\",\"https:\\\/\\\/www.instagram.com\\\/hotel_klaustur_iceland\\\/\"]}]}<\/script>\n<!-- \/ Yoast SEO plugin. -->","yoast_head_json":{"title":"Sundlaug og l\u00edkamsr\u00e6kt - Hotel Klaustur","description":"\u00cd a\u00f0eins tveggja m\u00edn\u00fatna g\u00f6ngufjarl\u00e6g\u00f0 fr\u00e1 H\u00f3tel Klaustri er \u00ed\u00fer\u00f3ttami\u00f0st\u00f6\u00f0in \u00e1 Kirkjub\u00e6jarklaustri \u00fear sem gestir geta n\u00fdtt s\u00e9r sundlaugina og l\u00edkamsr\u00e6ktarst\u00f6\u00f0ina.","robots":{"index":"index","follow":"follow","max-snippet":"max-snippet:-1","max-image-preview":"max-image-preview:large","max-video-preview":"max-video-preview:-1"},"canonical":"https:\/\/hotelklaustur.is\/is\/ahugaverdir-stadir\/sundlaug-og-likamsraekt\/","og_locale":"is_IS","og_type":"article","og_title":"Sundlaug og l\u00edkamsr\u00e6kt - Hotel Klaustur","og_description":"\u00cd a\u00f0eins tveggja m\u00edn\u00fatna g\u00f6ngufjarl\u00e6g\u00f0 fr\u00e1 H\u00f3tel Klaustri er \u00ed\u00fer\u00f3ttami\u00f0st\u00f6\u00f0in \u00e1 Kirkjub\u00e6jarklaustri \u00fear sem gestir geta n\u00fdtt s\u00e9r sundlaugina og l\u00edkamsr\u00e6ktarst\u00f6\u00f0ina.","og_url":"https:\/\/hotelklaustur.is\/is\/ahugaverdir-stadir\/sundlaug-og-likamsraekt\/","og_site_name":"Hotel Klaustur","article_publisher":"https:\/\/www.facebook.com\/hotelklausturiceland\/","article_modified_time":"2025-09-01T13:22:49+00:00","og_image":[{"width":1600,"height":1069,"url":"https:\/\/hotelklaustur.is\/wp-content\/uploads\/2025\/05\/klaustur-pool.jpg","type":"image\/jpeg"}],"twitter_card":"summary_large_image","twitter_misc":{"Est. reading time":"1 minute"},"schema":{"@context":"https:\/\/schema.org","@graph":[{"@type":"WebPage","@id":"https:\/\/hotelklaustur.is\/is\/ahugaverdir-stadir\/sundlaug-og-likamsraekt\/","url":"https:\/\/hotelklaustur.is\/is\/ahugaverdir-stadir\/sundlaug-og-likamsraekt\/","name":"Sundlaug og l\u00edkamsr\u00e6kt - Hotel Klaustur","isPartOf":{"@id":"https:\/\/hotelklaustur.is\/is\/#website"},"primaryImageOfPage":{"@id":"https:\/\/hotelklaustur.is\/is\/ahugaverdir-stadir\/sundlaug-og-likamsraekt\/#primaryimage"},"image":{"@id":"https:\/\/hotelklaustur.is\/is\/ahugaverdir-stadir\/sundlaug-og-likamsraekt\/#primaryimage"},"thumbnailUrl":"https:\/\/hotelklaustur.is\/wp-content\/uploads\/2025\/05\/klaustur-pool.jpg","datePublished":"2024-06-25T14:51:28+00:00","dateModified":"2025-09-01T13:22:49+00:00","description":"\u00cd a\u00f0eins tveggja m\u00edn\u00fatna g\u00f6ngufjarl\u00e6g\u00f0 fr\u00e1 H\u00f3tel Klaustri er \u00ed\u00fer\u00f3ttami\u00f0st\u00f6\u00f0in \u00e1 Kirkjub\u00e6jarklaustri \u00fear sem gestir geta n\u00fdtt s\u00e9r sundlaugina og l\u00edkamsr\u00e6ktarst\u00f6\u00f0ina.","breadcrumb":{"@id":"https:\/\/hotelklaustur.is\/is\/ahugaverdir-stadir\/sundlaug-og-likamsraekt\/#breadcrumb"},"inLanguage":"is","potentialAction":[{"@type":"ReadAction","target":["https:\/\/hotelklaustur.is\/is\/ahugaverdir-stadir\/sundlaug-og-likamsraekt\/"]}]},{"@type":"ImageObject","inLanguage":"is","@id":"https:\/\/hotelklaustur.is\/is\/ahugaverdir-stadir\/sundlaug-og-likamsraekt\/#primaryimage","url":"https:\/\/hotelklaustur.is\/wp-content\/uploads\/2025\/05\/klaustur-pool.jpg","contentUrl":"https:\/\/hotelklaustur.is\/wp-content\/uploads\/2025\/05\/klaustur-pool.jpg","width":1600,"height":1069,"caption":"Klaustur Swimming Pool"},{"@type":"BreadcrumbList","@id":"https:\/\/hotelklaustur.is\/is\/ahugaverdir-stadir\/sundlaug-og-likamsraekt\/#breadcrumb","itemListElement":[{"@type":"ListItem","position":1,"name":"Heim","item":"https:\/\/hotelklaustur.is\/is\/"},{"@type":"ListItem","position":2,"name":"\u00c1hugaver\u00f0ir sta\u00f0ir","item":"https:\/\/hotelklaustur.is\/is\/ahugaverdir-stadir\/"},{"@type":"ListItem","position":3,"name":"Sundlaug og l\u00edkamsr\u00e6kt"}]},{"@type":"WebSite","@id":"https:\/\/hotelklaustur.is\/is\/#website","url":"https:\/\/hotelklaustur.is\/is\/","name":"Hotel Klaustur","description":"","publisher":{"@id":"https:\/\/hotelklaustur.is\/is\/#organization"},"potentialAction":[{"@type":"SearchAction","target":{"@type":"EntryPoint","urlTemplate":"https:\/\/hotelklaustur.is\/is\/?s={search_term_string}"},"query-input":{"@type":"PropertyValueSpecification","valueRequired":true,"valueName":"search_term_string"}}],"inLanguage":"is"},{"@type":"Organization","@id":"https:\/\/hotelklaustur.is\/is\/#organization","name":"Hotel Klaustur","url":"https:\/\/hotelklaustur.is\/is\/","logo":{"@type":"ImageObject","inLanguage":"is","@id":"https:\/\/hotelklaustur.is\/is\/#\/schema\/logo\/image\/","url":"https:\/\/hotelklaustur.is\/wp-content\/uploads\/2025\/05\/Logo.svg","contentUrl":"https:\/\/hotelklaustur.is\/wp-content\/uploads\/2025\/05\/Logo.svg","width":196,"height":227,"caption":"Hotel Klaustur"},"image":{"@id":"https:\/\/hotelklaustur.is\/is\/#\/schema\/logo\/image\/"},"sameAs":["https:\/\/www.facebook.com\/hotelklausturiceland\/","https:\/\/www.instagram.com\/hotel_klaustur_iceland\/"]}]}},"_links":{"self":[{"href":"https:\/\/hotelklaustur.is\/is\/wp-json\/wp\/v2\/pages\/1044","targetHints":{"allow":["GET"]}}],"collection":[{"href":"https:\/\/hotelklaustur.is\/is\/wp-json\/wp\/v2\/pages"}],"about":[{"href":"https:\/\/hotelklaustur.is\/is\/wp-json\/wp\/v2\/types\/page"}],"author":[{"embeddable":true,"href":"https:\/\/hotelklaustur.is\/is\/wp-json\/wp\/v2\/users\/1"}],"replies":[{"embeddable":true,"href":"https:\/\/hotelklaustur.is\/is\/wp-json\/wp\/v2\/comments?post=1044"}],"version-history":[{"count":13,"href":"https:\/\/hotelklaustur.is\/is\/wp-json\/wp\/v2\/pages\/1044\/revisions"}],"predecessor-version":[{"id":2063,"href":"https:\/\/hotelklaustur.is\/is\/wp-json\/wp\/v2\/pages\/1044\/revisions\/2063"}],"up":[{"embeddable":true,"href":"https:\/\/hotelklaustur.is\/is\/wp-json\/wp\/v2\/pages\/1140"}],"wp:featuredmedia":[{"embeddable":true,"href":"https:\/\/hotelklaustur.is\/is\/wp-json\/wp\/v2\/media\/1496"}],"wp:attachment":[{"href":"https:\/\/hotelklaustur.is\/is\/wp-json\/wp\/v2\/media?parent=1044"}],"curies":[{"name":"wp","href":"https:\/\/api.w.org\/{rel}","templated":true}]}}